{"id":1196,"date":"2023-10-03T22:33:32","date_gmt":"2023-10-03T20:33:32","guid":{"rendered":"https:\/\/consriodejaneiro.esteri.it\/?page_id=1196"},"modified":"2023-10-03T22:40:47","modified_gmt":"2023-10-03T20:40:47","slug":"1196-2","status":"publish","type":"page","link":"https:\/\/consriodejaneiro.esteri.it\/br\/servizi-consolari-e-visti\/servizi-per-il-cittadino-italiano\/passaporti-e-carte-didentita\/1196-2\/","title":{"rendered":"PROCEDIMENTOS PARA A EMISS\u00c3O DE PASSAPORTE DE URG\u00caNCIA"},"content":{"rendered":"<p>Considerando o elevado n\u00famero de solicita\u00e7\u00f5es por parte dos usu\u00e1rios para o servi\u00e7o de emiss\u00e3o de passaporte, e com o intuito de consentir um justo tratamento das solicita\u00e7\u00f5es para emiss\u00e3o por<br \/>\nmotivos de urg\u00eancia (fora do sistema usual de agendamento pelo aplicativo Prenot@mi), se informa que tais pedidos ser\u00e3o analisados pelo Setor de Passaportes (e-mail: <a href=\"mailto:pass.riodejaneiro@esteri.it\">pass.riodejaneiro@esteri.it<\/a>) que, com base na documenta\u00e7\u00e3o de suporte enviada via e-mail pelo usu\u00e1rio, avaliar\u00e1 eventual car\u00e1ter de improrrogabilidade da solicita\u00e7\u00e3o de emiss\u00e3o do documento.<\/p>\n<p>Recordamos que a emiss\u00e3o do passaporte com procedimento de urg\u00eancia requer o pagamento de uma tarifa consular adicional. Informa-se que as tipologias de urg\u00eancias que poder\u00e3o ser<br \/>\nconsideradas s\u00e3o as seguintes:<\/p>\n<ul>\n<li>motivos familiares graves ou de sa\u00fade, comprovados por certifica\u00e7\u00f5es emitidas por estruturas ou autoridades competentes p\u00fablicas ou privadas. Se a urg\u00eancia consiste na<br \/>\nnecessidade de atendimento a um familiar, tal exig\u00eancia dever\u00e1 ser deduzida atrav\u00e9s dos certificados. Al\u00e9m disso, o requerente dever\u00e1 apresentar no guich\u00ea a reserva do voo;<\/li>\n<li>necessidades de trabalho urgente, comprovadas por um requerimento fundamentado e assinado por quem ocupa cargos de chefia (com informa\u00e7\u00e3o de nome, fun\u00e7\u00e3o, telefone e e[1]mail do signat\u00e1rio para verifica\u00e7\u00e3o do caso por parte do Consulado Geral), redigida em papel timbrado do empregador com indica\u00e7\u00e3o do interlocutor (nome, fun\u00e7\u00e3o e contato e[1]mail) para o qual o requerente deve se dirigir. Al\u00e9m disso, o requerente dever\u00e1 apresentar no guich\u00ea a reserva do voo;<\/li>\n<li>necessidades improrrog\u00e1veis devidas a compromissos de estudo e forma\u00e7\u00e3o, comprovados por certifica\u00e7\u00e3o e\/ou atestado emitidos pelas institui\u00e7\u00f5es escolares\/universit\u00e1rias interessadas, assinados pelo repons\u00e1vel (com nome, fun\u00e7\u00e3o, n\u00famero de telefone e e-mail do signat\u00e1rio) e redigido em papel timbrado da institui\u00e7\u00e3o. Al\u00e9m disso, o requerente dever\u00e1 apresentar no guich\u00ea a reserva do voo.<\/li>\n<\/ul>\n<p>Recordamos que os benef\u00edcios do procedimento de urg\u00eancia por motivos de trabalho, sa\u00fade e estudo N\u00c3O poder\u00e3o ser estendidos tamb\u00e9m aos familiares do titular, salvo situa\u00e7\u00f5es de natureza<br \/>\nextraordin\u00e1ria, a avaliar caso a caso.<\/p>\n<p>Reitera-se que N\u00c3O ser\u00e3o considerados v\u00e1lidos os seguintes comprovantes de urg\u00eancia\/emerg\u00eancia:<\/p>\n<ul>\n<li>atestados m\u00e9dicos que n\u00e3o evidenciem claramente a presen\u00e7a de uma condi\u00e7\u00e3o m\u00e9dica de um familiar direto;<\/li>\n<li>somente passagens a\u00e9reas ou cartas de parentes, conhecidos, etc.;<\/li>\n<li>demonstra\u00e7\u00e3o de compromissos de trabalho urgentes comprovados somente por mensagens recebidas via e-mail;<\/li>\n<li>auto certifica\u00e7\u00f5es do requerente sobre situa\u00e7\u00f5es de urg\u00eancia\/emerg\u00eancia n\u00e3o comprovadas por documenta\u00e7\u00e3o adequada viagens de turismo.<\/li>\n<\/ul>\n<p>Por \u00faltimo, \u00e9 importante mencionar que, para efeitos de avalia\u00e7\u00e3o da urg\u00eancia, ser\u00e3o considerados<br \/>\ncomo priorit\u00e1rios os seguintes requerimentos relativos a:<\/p>\n<ul>\n<li>compatriotas que tenham somente a cidadania italiana;<\/li>\n<li>viagens com destino \u00e0 It\u00e1lia;<\/li>\n<li>pedidos para emiss\u00e3o de quem j\u00e1 tenha efetuado uma reserva no aplicativo Prenot@mi para datas sucessivas<\/li>\n<\/ul>\n<p>Em casos de comprovada urg\u00eancia, ser\u00e1 concedido ao compatriota um agendamento para solicita\u00e7\u00e3o do passaporte que ser\u00e1 emitido em at\u00e9 24 horas.<br \/>\nO custo do direito de urg\u00eancia \u00e9 o equivalente de <strong>\u20ac 50.00<\/strong>, convertidos com base na taxa de c\u00e2mbio fixada no trimestre.<\/p>\n<p>&nbsp;<\/p>\n<p>&nbsp;<\/p>\n<p>&nbsp;<\/p>\n<p>&nbsp;<\/p>\n","protected":false},"excerpt":{"rendered":"Considerando o elevado n\u00famero de solicita\u00e7\u00f5es por parte dos usu\u00e1rios para o servi\u00e7o de emiss\u00e3o de passaporte, e com o intuito de consentir um justo tratamento das solicita\u00e7\u00f5es para emiss\u00e3o por motivos de urg\u00eancia (fora do sistema usual de agendamento pelo aplicativo Prenot@mi), se informa que tais pedidos ser\u00e3o analisados pelo Setor de Passaportes (e-mail: [&hellip;]","protected":false},"author":6,"featured_media":0,"parent":199,"menu_order":0,"comment_status":"closed","ping_status":"closed","template":"","meta":{"footnotes":""},"class_list":["post-1196","page","type-page","status-publish","hentry"],"_links":{"self":[{"href":"https:\/\/consriodejaneiro.esteri.it\/br\/wp-json\/wp\/v2\/pages\/1196","targetHints":{"allow":["GET"]}}],"collection":[{"href":"https:\/\/consriodejaneiro.esteri.it\/br\/wp-json\/wp\/v2\/pages"}],"about":[{"href":"https:\/\/consriodejaneiro.esteri.it\/br\/wp-json\/wp\/v2\/types\/page"}],"author":[{"embeddable":true,"href":"https:\/\/consriodejaneiro.esteri.it\/br\/wp-json\/wp\/v2\/users\/6"}],"replies":[{"embeddable":true,"href":"https:\/\/consriodejaneiro.esteri.it\/br\/wp-json\/wp\/v2\/comments?post=1196"}],"version-history":[{"count":2,"href":"https:\/\/consriodejaneiro.esteri.it\/br\/wp-json\/wp\/v2\/pages\/1196\/revisions"}],"predecessor-version":[{"id":1198,"href":"https:\/\/consriodejaneiro.esteri.it\/br\/wp-json\/wp\/v2\/pages\/1196\/revisions\/1198"}],"up":[{"embeddable":true,"href":"https:\/\/consriodejaneiro.esteri.it\/br\/wp-json\/wp\/v2\/pages\/199"}],"wp:attachment":[{"href":"https:\/\/consriodejaneiro.esteri.it\/br\/wp-json\/wp\/v2\/media?parent=1196"}],"curies":[{"name":"wp","href":"https:\/\/api.w.org\/{rel}","templated":true}]}}