{"id":1201,"date":"2023-10-05T16:56:44","date_gmt":"2023-10-05T14:56:44","guid":{"rendered":"https:\/\/consriodejaneiro.esteri.it\/?page_id=1201"},"modified":"2023-11-28T15:53:33","modified_gmt":"2023-11-28T14:53:33","slug":"comprovante-de-residencias-aceitos","status":"publish","type":"page","link":"https:\/\/consriodejaneiro.esteri.it\/br\/servizi-consolari-e-visti\/servizi-per-il-cittadino-straniero\/comprovante-de-residencias-aceitos\/","title":{"rendered":"Comprovantes de residencia aceitos"},"content":{"rendered":"<p style=\"text-align: justify;\"><strong>1. Contas dom\u00e9sticas<\/strong><\/p>\n<ul>\n<li style=\"text-align: justify;\">Eletricidade<\/li>\n<li style=\"text-align: justify;\">G\u00e1s<\/li>\n<li style=\"text-align: justify;\">\u00c1gua<\/li>\n<li style=\"text-align: justify;\">Telefone<\/li>\n<li style=\"text-align: justify;\">Internet<\/li>\n<li style=\"text-align: justify;\">TV Cabo<\/li>\n<\/ul>\n<p style=\"text-align: justify;\"><strong>2. T\u00e1xas Universitarias<\/strong><br \/>\n<strong>3. Pagamento de Aposentadoria<\/strong><br \/>\n<strong>4. Declara\u00e7\u00e3o do empregador<\/strong> (em papel carimbado e com assinatura reconhecida em cartorio)<br \/>\n<strong>5. Declara\u00e7\u00e3o de imposto de renda<\/strong><br \/>\n<strong>6. Declara\u00e7\u00e3o do administrador do condom\u00ednio<\/strong> (em papel carimbado e com assinatura reconhecida em cartorio)<\/p>\n<p style=\"text-align: justify;\">Todos os comprovantes listados acima s\u00e3o alternativos e n\u00e3o cumulativos; devem tamb\u00e9m ser recentes (emitidos h\u00e1 n\u00e3o mais de 90 dias).<\/p>\n<p style=\"text-align: justify;\">Pode ser aecito um comprovante em nome do c\u00f4njuge (se acompanhado de prova adequada da persist\u00eancia do v\u00ednculo conjugal &#8211; por exemplo, certid\u00e3o de casamento recente) ou do genitor, no caso de filhos adultos (com menos de 30 anos).<\/p>\n<p style=\"text-align: justify;\">Neste \u00faltimo caso dever\u00e1 ser acompanhado de declara\u00e7\u00e3o de autenticidade assinada por um dos pais no Cart\u00f3rio.<\/p>\n<p>M\u00d3DULOS \u00daTEIS<\/p>\n<p><a href=\"https:\/\/consriodejaneiro.esteri.it\/wp-content\/uploads\/2023\/10\/1-DICH-AMMINISTR.-DI-CONDOMINIO-POR.pdf\">1 &#8211; DECLARA\u00c7\u00c3O DO ADMINISTRADOR DO CONDOM\u00cdNIO<\/a><\/p>\n<p><a href=\"https:\/\/consriodejaneiro.esteri.it\/wp-content\/uploads\/2023\/10\/2-DICH-DEL-DATORE-DI-LAVORO-POR.pdf\">2 &#8211; DECLARA\u00c7\u00c3O DO EMPREGADOR<\/a><\/p>\n<p><a href=\"https:\/\/consriodejaneiro.esteri.it\/wp-content\/uploads\/2023\/10\/3-DECLARACAO-DO-GENITOR-CONVIVENTE.pdf\">3 &#8211; DECLARA\u00c7\u00c3O DO GENITOR CONVIVENTE<\/a><\/p>\n<p>&nbsp;<\/p>\n<p>&nbsp;<\/p>\n<p>&nbsp;<\/p>\n<p>&nbsp;<\/p>\n<p>&nbsp;<\/p>\n","protected":false},"excerpt":{"rendered":"1. Contas dom\u00e9sticas Eletricidade G\u00e1s \u00c1gua Telefone Internet TV Cabo 2. T\u00e1xas Universitarias 3. Pagamento de Aposentadoria 4. Declara\u00e7\u00e3o do empregador (em papel carimbado e com assinatura reconhecida em cartorio) 5. Declara\u00e7\u00e3o de imposto de renda 6. Declara\u00e7\u00e3o do administrador do condom\u00ednio (em papel carimbado e com assinatura reconhecida em cartorio) Todos os comprovantes listados [&hellip;]","protected":false},"author":6,"featured_media":0,"parent":99,"menu_order":0,"comment_status":"closed","ping_status":"closed","template":"","meta":{"footnotes":""},"class_list":["post-1201","page","type-page","status-publish","hentry"],"_links":{"self":[{"href":"https:\/\/consriodejaneiro.esteri.it\/br\/wp-json\/wp\/v2\/pages\/1201","targetHints":{"allow":["GET"]}}],"collection":[{"href":"https:\/\/consriodejaneiro.esteri.it\/br\/wp-json\/wp\/v2\/pages"}],"about":[{"href":"https:\/\/consriodejaneiro.esteri.it\/br\/wp-json\/wp\/v2\/types\/page"}],"author":[{"embeddable":true,"href":"https:\/\/consriodejaneiro.esteri.it\/br\/wp-json\/wp\/v2\/users\/6"}],"replies":[{"embeddable":true,"href":"https:\/\/consriodejaneiro.esteri.it\/br\/wp-json\/wp\/v2\/comments?post=1201"}],"version-history":[{"count":6,"href":"https:\/\/consriodejaneiro.esteri.it\/br\/wp-json\/wp\/v2\/pages\/1201\/revisions"}],"predecessor-version":[{"id":1784,"href":"https:\/\/consriodejaneiro.esteri.it\/br\/wp-json\/wp\/v2\/pages\/1201\/revisions\/1784"}],"up":[{"embeddable":true,"href":"https:\/\/consriodejaneiro.esteri.it\/br\/wp-json\/wp\/v2\/pages\/99"}],"wp:attachment":[{"href":"https:\/\/consriodejaneiro.esteri.it\/br\/wp-json\/wp\/v2\/media?parent=1201"}],"curies":[{"name":"wp","href":"https:\/\/api.w.org\/{rel}","templated":true}]}}