{"id":155,"date":"2022-12-02T18:25:42","date_gmt":"2022-12-02T17:25:42","guid":{"rendered":"https:\/\/consolatorio.esteri.it\/italia-e-brasile\/diplomazia-economica\/fare-affari-in-italia\/"},"modified":"2023-09-22T16:00:28","modified_gmt":"2023-09-22T14:00:28","slug":"fare-affari-in-italia","status":"publish","type":"page","link":"https:\/\/consriodejaneiro.esteri.it\/br\/italia-e-brasile\/diplomazia-economica\/fare-affari-in-italia\/","title":{"rendered":"Fazendo neg\u00f3cios na It\u00e1lia"},"content":{"rendered":"<p style=\"text-align: justify;\"><strong>Normativa\u00a0incentivos<\/strong><\/p>\n<p style=\"text-align: justify;\">No curso dos anos 90, foram introduzidas reformas estruturais que permitiram \u00e0 Italia de armonizar o proprio quadro de normas, fiscal e facilitado conforme os padr\u00f5es europeus.<\/p>\n<p style=\"text-align: justify;\">Em particular, foram feitas reformas importantes no mercado de trabalho, de cr\u00e9dito e de energia da Administra\u00e7\u00e3o P\u00fablica.<\/p>\n<p style=\"text-align: justify;\">Foram revolucionados os tres fundamentais compartimentos da legisla\u00e7\u00e3o econ\u00f4mica. O passo condutor das interven\u00e7\u00f5es foi\u00a0a adequa\u00e7\u00e3o das regras\u00a0\u00e0quelas dos Paises mais avan\u00e7ados, a fim de tornar o sistema It\u00e1lia mais atraente para os operadores econ\u00f4micos e mais competitivo internacionalmente.\u00a0O site\u00a0<em>BusinessItalia<\/em>\u00a0oferece informa\u00e7\u00f5es acuradas, em quatro l\u00ednguas, sobre oportunidades para se fazer empreendimentos e produzir na It\u00e1lia em raz\u00e3o das \u00faltimas medidas no mercado econ\u00f4mico.<\/p>\n","protected":false},"excerpt":{"rendered":"Normativa\u00a0incentivos No curso dos anos 90, foram introduzidas reformas estruturais que permitiram \u00e0 Italia de armonizar o proprio quadro de normas, fiscal e facilitado conforme os padr\u00f5es europeus. Em particular, foram feitas reformas importantes no mercado de trabalho, de cr\u00e9dito e de energia da Administra\u00e7\u00e3o P\u00fablica. Foram revolucionados os tres fundamentais compartimentos da legisla\u00e7\u00e3o econ\u00f4mica. [&hellip;]","protected":false},"author":3,"featured_media":0,"parent":94,"menu_order":0,"comment_status":"closed","ping_status":"closed","template":"","meta":{"footnotes":""},"class_list":["post-155","page","type-page","status-publish","hentry"],"_links":{"self":[{"href":"https:\/\/consriodejaneiro.esteri.it\/br\/wp-json\/wp\/v2\/pages\/155","targetHints":{"allow":["GET"]}}],"collection":[{"href":"https:\/\/consriodejaneiro.esteri.it\/br\/wp-json\/wp\/v2\/pages"}],"about":[{"href":"https:\/\/consriodejaneiro.esteri.it\/br\/wp-json\/wp\/v2\/types\/page"}],"author":[{"embeddable":true,"href":"https:\/\/consriodejaneiro.esteri.it\/br\/wp-json\/wp\/v2\/users\/3"}],"replies":[{"embeddable":true,"href":"https:\/\/consriodejaneiro.esteri.it\/br\/wp-json\/wp\/v2\/comments?post=155"}],"version-history":[{"count":3,"href":"https:\/\/consriodejaneiro.esteri.it\/br\/wp-json\/wp\/v2\/pages\/155\/revisions"}],"predecessor-version":[{"id":1028,"href":"https:\/\/consriodejaneiro.esteri.it\/br\/wp-json\/wp\/v2\/pages\/155\/revisions\/1028"}],"up":[{"embeddable":true,"href":"https:\/\/consriodejaneiro.esteri.it\/br\/wp-json\/wp\/v2\/pages\/94"}],"wp:attachment":[{"href":"https:\/\/consriodejaneiro.esteri.it\/br\/wp-json\/wp\/v2\/media?parent=155"}],"curies":[{"name":"wp","href":"https:\/\/api.w.org\/{rel}","templated":true}]}}