{"id":157,"date":"2022-12-02T18:26:44","date_gmt":"2022-12-02T17:26:44","guid":{"rendered":"https:\/\/consolatorio.esteri.it\/italia-e-brasile\/diplomazia-culturale\/lingua-e-cultura-italiana\/"},"modified":"2023-09-22T16:01:12","modified_gmt":"2023-09-22T14:01:12","slug":"lingua-e-cultura-italiana","status":"publish","type":"page","link":"https:\/\/consriodejaneiro.esteri.it\/br\/italia-e-brasile\/diplomazia-culturale\/lingua-e-cultura-italiana\/","title":{"rendered":"L\u00edngua e Cultura italiana"},"content":{"rendered":"<p style=\"text-align: justify;\">A l\u00edngua italiana, por diversos motivos, \u00e9 hoje uma das mais estudadas no mundo e esta realidade verifica-se na circunscri\u00e7\u00e3o consular devido ao grande n\u00famero de ofertas de cursos de l\u00edngua italiana\u00a0para todos os n\u00edveis de estudo<\/p>\n<p style=\"text-align: justify;\">O Minist\u00e9rio das Rela\u00e7\u00f5es Exteriores da It\u00e1lia, portanto, subsidia\u00a0cursos, erogando contribui\u00e7\u00f5es para a realiza\u00e7\u00e3o dos mesmos em localidades onde a presen\u00e7a italiana \u00e9 caracterizada,\u00a0consentindo aos filhos de italianos emigrados no exterior e aos seus descendentes, manter uma s\u00f3lida\u00a0rela\u00e7\u00e3o de proximidade com a l\u00edngua, as tradi\u00e7\u00f5es e a cultura do pais de origem.<\/p>\n","protected":false},"excerpt":{"rendered":"A l\u00edngua italiana, por diversos motivos, \u00e9 hoje uma das mais estudadas no mundo e esta realidade verifica-se na circunscri\u00e7\u00e3o consular devido ao grande n\u00famero de ofertas de cursos de l\u00edngua italiana\u00a0para todos os n\u00edveis de estudo O Minist\u00e9rio das Rela\u00e7\u00f5es Exteriores da It\u00e1lia, portanto, subsidia\u00a0cursos, erogando contribui\u00e7\u00f5es para a realiza\u00e7\u00e3o dos mesmos em localidades [&hellip;]","protected":false},"author":3,"featured_media":0,"parent":95,"menu_order":0,"comment_status":"closed","ping_status":"closed","template":"","meta":{"footnotes":""},"class_list":["post-157","page","type-page","status-publish","hentry"],"_links":{"self":[{"href":"https:\/\/consriodejaneiro.esteri.it\/br\/wp-json\/wp\/v2\/pages\/157","targetHints":{"allow":["GET"]}}],"collection":[{"href":"https:\/\/consriodejaneiro.esteri.it\/br\/wp-json\/wp\/v2\/pages"}],"about":[{"href":"https:\/\/consriodejaneiro.esteri.it\/br\/wp-json\/wp\/v2\/types\/page"}],"author":[{"embeddable":true,"href":"https:\/\/consriodejaneiro.esteri.it\/br\/wp-json\/wp\/v2\/users\/3"}],"replies":[{"embeddable":true,"href":"https:\/\/consriodejaneiro.esteri.it\/br\/wp-json\/wp\/v2\/comments?post=157"}],"version-history":[{"count":3,"href":"https:\/\/consriodejaneiro.esteri.it\/br\/wp-json\/wp\/v2\/pages\/157\/revisions"}],"predecessor-version":[{"id":1029,"href":"https:\/\/consriodejaneiro.esteri.it\/br\/wp-json\/wp\/v2\/pages\/157\/revisions\/1029"}],"up":[{"embeddable":true,"href":"https:\/\/consriodejaneiro.esteri.it\/br\/wp-json\/wp\/v2\/pages\/95"}],"wp:attachment":[{"href":"https:\/\/consriodejaneiro.esteri.it\/br\/wp-json\/wp\/v2\/media?parent=157"}],"curies":[{"name":"wp","href":"https:\/\/api.w.org\/{rel}","templated":true}]}}