{"id":1592,"date":"2023-11-20T19:44:47","date_gmt":"2023-11-20T18:44:47","guid":{"rendered":"https:\/\/consriodejaneiro.esteri.it\/?page_id=1592"},"modified":"2023-11-20T19:58:48","modified_gmt":"2023-11-20T18:58:48","slug":"politica-de-midia-social","status":"publish","type":"page","link":"https:\/\/consriodejaneiro.esteri.it\/br\/news\/dal_consolato\/politica-de-midia-social\/","title":{"rendered":"POL\u00cdTICA DE M\u00cdDIA SOCIAL"},"content":{"rendered":"<p><span class=\"ng-star-inserted\" data-index=\"1\">O Consulado Geral da It\u00e1lia no Rio de Janeiro usa as m\u00eddias sociais para fins institucionais, para aumentar a transpar\u00eancia e o conhecimento de suas atividades: informa, comunica, ouve e publica conte\u00fado institucional.<\/span><\/p>\n<p><span class=\"ng-star-inserted\" data-index=\"2\">O conte\u00fado publicado inclui fotografias, v\u00eddeos institucionais, comunicados de imprensa, informa\u00e7\u00f5es sobre o servi\u00e7o, not\u00edcias sobre o trabalho do C0nsulado, bem como oportunidades de envolvimento e participa\u00e7\u00e3o cidad\u00e3.<\/span><\/p>\n<p><span class=\"ng-star-inserted\" data-index=\"3\">Atrav\u00e9s de seus canais sociais, o Consulado pode compartilhar e relan\u00e7ar conte\u00fado e mensagens de interesse p\u00fablico e utilidade publicadas por outros usu\u00e1rios.<\/span><\/p>\n<p>O Consulado est\u00e1 empenhado em gerir espa\u00e7os de comunica\u00e7\u00e3o e di\u00e1logo nos seus perfis nas redes sociais, pedindo aos seus utilizadores que respeitem algumas regras simples:<\/p>\n<ol>\n<li>Todos s\u00e3o convidados a apresentar a sua opini\u00e3o com justi\u00e7a, medida e respeito.<\/li>\n<li>Nas redes sociais todos s\u00e3o respons\u00e1veis pelo conte\u00fado que postam e pelas opini\u00f5es que expressam. Insultos, vulgaridades, insultos, amea\u00e7as e, em geral, atitudes violentas ou difamat\u00f3rias n\u00e3o ser\u00e3o toleradas.<\/li>\n<li>O conte\u00fado publicado deve sempre respeitar a privacidade das pessoas. Devem ser evitadas as refer\u00eancias a factos ou pormenores que n\u00e3o sejam de import\u00e2ncia p\u00fablica e que afectem a esfera pessoal de terceiros.<\/li>\n<li>O interesse dos argumentos nas atividades do MAECI \u00e9 um requisito essencial: n\u00e3o \u00e9 poss\u00edvel, de forma alguma, usar esses espa\u00e7os para fins diferentes dos institucionais.<\/li>\n<li>Cada discuss\u00e3o est\u00e1 ligada a um tema espec\u00edfico: todos os participantes s\u00e3o obrigados a respeit\u00e1-lo, evitando ampliar a compara\u00e7\u00e3o de forma gen\u00e9rica e indiscriminada.<\/li>\n<li>Nenhuma publicidade, spam ou promo\u00e7\u00e3o de interesses privados ou atividades ilegais ser\u00e1 tolerada.<\/li>\n<li>Nenhum conte\u00fado que infrinja direitos autorais ou uso n\u00e3o autorizado de marcas registradas \u00e9 permitido.<\/li>\n<\/ol>\n<p>Em qualquer caso, se as redes sociais o permitirem, todas as publica\u00e7\u00f5es, coment\u00e1rios ou materiais \u00e1udio\/v\u00eddeo que:<\/p>\n<ul>\n<li>Ter uma linguagem inadequada e\/ou um tom amea\u00e7ador, violento, vulgar ou desrespeitoso;<\/li>\n<li>Conter conte\u00fado ilegal ou incitamento a praticar atividades ilegais;<\/li>\n<li>Tenham conte\u00fado ofensivo, enganador, alarmista ou que violem direitos de terceiros;<\/li>\n<li>Divulgar dados e informa\u00e7\u00f5es pessoais ou que possam causar danos ou prejudicar a reputa\u00e7\u00e3o de terceiros;<\/li>\n<li>Apresentar conte\u00fados obscenos, pornogr\u00e1ficos ou ped\u00f3filos ou que ofendam a sensibilidade dos utilizadores;<\/li>\n<li>Ter um conte\u00fado discriminat\u00f3rio por sexo, ra\u00e7a, etnia, l\u00edngua, cren\u00e7a religiosa, opini\u00f5es pol\u00edticas, orienta\u00e7\u00e3o sexual, idade, condi\u00e7\u00f5es pessoais e sociais;<\/li>\n<li>Promover ou apoiar atividades ilegais que violem direitos autorais ou usem indevidamente uma marca registrada.<\/li>\n<\/ul>\n<p>Para aqueles que violam repetidamente estas condi\u00e7\u00f5es ou aquelas contidas nas pol\u00edticas dos instrumentos adotados, o Consulado reserva-se o direito de usar a proibi\u00e7\u00e3o ou bloqueio (quando poss\u00edvel ap\u00f3s um primeiro aviso) para evitar novas a\u00e7\u00f5es, e denunciar o utilizador aos gestores da plataforma e, se for caso disso, \u00e0 pol\u00edcia.<\/p>\n","protected":false},"excerpt":{"rendered":"O Consulado Geral da It\u00e1lia no Rio de Janeiro usa as m\u00eddias sociais para fins institucionais, para aumentar a transpar\u00eancia e o conhecimento de suas atividades: informa, comunica, ouve e publica conte\u00fado institucional. O conte\u00fado publicado inclui fotografias, v\u00eddeos institucionais, comunicados de imprensa, informa\u00e7\u00f5es sobre o servi\u00e7o, not\u00edcias sobre o trabalho do C0nsulado, bem como [&hellip;]","protected":false},"author":6,"featured_media":0,"parent":55,"menu_order":0,"comment_status":"closed","ping_status":"closed","template":"","meta":{"footnotes":""},"class_list":["post-1592","page","type-page","status-publish","hentry"],"_links":{"self":[{"href":"https:\/\/consriodejaneiro.esteri.it\/br\/wp-json\/wp\/v2\/pages\/1592","targetHints":{"allow":["GET"]}}],"collection":[{"href":"https:\/\/consriodejaneiro.esteri.it\/br\/wp-json\/wp\/v2\/pages"}],"about":[{"href":"https:\/\/consriodejaneiro.esteri.it\/br\/wp-json\/wp\/v2\/types\/page"}],"author":[{"embeddable":true,"href":"https:\/\/consriodejaneiro.esteri.it\/br\/wp-json\/wp\/v2\/users\/6"}],"replies":[{"embeddable":true,"href":"https:\/\/consriodejaneiro.esteri.it\/br\/wp-json\/wp\/v2\/comments?post=1592"}],"version-history":[{"count":1,"href":"https:\/\/consriodejaneiro.esteri.it\/br\/wp-json\/wp\/v2\/pages\/1592\/revisions"}],"predecessor-version":[{"id":1595,"href":"https:\/\/consriodejaneiro.esteri.it\/br\/wp-json\/wp\/v2\/pages\/1592\/revisions\/1595"}],"up":[{"embeddable":true,"href":"https:\/\/consriodejaneiro.esteri.it\/br\/wp-json\/wp\/v2\/pages\/55"}],"wp:attachment":[{"href":"https:\/\/consriodejaneiro.esteri.it\/br\/wp-json\/wp\/v2\/media?parent=1592"}],"curies":[{"name":"wp","href":"https:\/\/api.w.org\/{rel}","templated":true}]}}