{"id":1857,"date":"2023-11-29T16:55:04","date_gmt":"2023-11-29T15:55:04","guid":{"rendered":"https:\/\/consriodejaneiro.esteri.it\/?page_id=1857"},"modified":"2023-11-29T16:59:20","modified_gmt":"2023-11-29T15:59:20","slug":"recuperacao-de-sobrenome-brasileiro","status":"publish","type":"page","link":"https:\/\/consriodejaneiro.esteri.it\/br\/servizi-consolari-e-visti\/servizi-per-il-cittadino-italiano\/passaporti-e-carte-didentita\/recuperacao-de-sobrenome-brasileiro\/","title":{"rendered":"Recupera\u00e7\u00e3o de sobrenome brasileiro"},"content":{"rendered":"<p style=\"text-align: justify;\">O art. 98 do Decreto Presidencial 396\/2000, determinava que nas transcri\u00e7\u00f5es das certid\u00f5es de nascimento fosse atribu\u00eddo o sobrenome paterno, muitas vezes diferente daquele constante na certid\u00e3o de nascimento original brasileira.<\/p>\n<p style=\"text-align: justify;\">Desta forma, considerando que em 2010 tal disposi\u00e7\u00e3o foi revogada, o interessado poder\u00e1 requerer a \u201crecupera\u00e7\u00e3o\u201d do sobrenome, como consta na certid\u00e3o de nascimento brasileira, ao munic\u00edpio italiano que originalmente transcreveu o nascimento.<\/p>\n<p style=\"text-align: justify;\">O interessado dever\u00e1 apresentar um requerimento escrito (<a href=\"https:\/\/consriodejaneiro.esteri.it\/wp-content\/uploads\/2023\/11\/RIPRISTINO-COGNOME.pdf\">Formulario <strong><em>Richiesta di ripristino cognome brasiliano)<\/em><\/strong><\/a>\u00a0enviando <strong>diretamente ao Munic\u00edpio italiano (Comune) que transcreveu o nascimento.<\/strong><\/p>\n<p style=\"text-align: justify;\"><span style=\"text-decoration: underline;\">N\u00e3o \u00e9 necess\u00e1ria a interven\u00e7\u00e3o do Consulado Geral para a reda\u00e7\u00e3o e o envio do requerimento, que \u00e9 isento de taxa.<\/span><\/p>\n<p style=\"text-align: justify;\">Caso o pedido objetive a \u201crecupera\u00e7\u00e3o\u201d do sobrenome de filho menor, ser\u00e1 necess\u00e1rio preencher e assinar o\u00a0Formul\u00e1rio de requerimento de <a href=\"https:\/\/consriodejaneiro.esteri.it\/wp-content\/uploads\/2023\/11\/12-Richiesta-ripristino-cognome-figlio-minore.pdf\">12-Richiesta-ripristino-cognome-figlio-minore<\/a><\/p>\n<p style=\"text-align: justify;\">No requerimento se deve:<\/p>\n<ul>\n<li style=\"text-align: justify;\">Indicar o sobrenome de nascimento no Brasil<\/li>\n<li style=\"text-align: justify;\">Indicar o pr\u00f3prio endere\u00e7o de resid\u00eancia no Brasil<\/li>\n<li style=\"text-align: justify;\">Anexar c\u00f3pia do pr\u00f3prio passaporte ou RG<\/li>\n<li style=\"text-align: justify;\">Anexar c\u00f3pia (sem tradu\u00e7\u00e3o) da certid\u00e3o de nascimento brasileira<\/li>\n<\/ul>\n","protected":false},"excerpt":{"rendered":"O art. 98 do Decreto Presidencial 396\/2000, determinava que nas transcri\u00e7\u00f5es das certid\u00f5es de nascimento fosse atribu\u00eddo o sobrenome paterno, muitas vezes diferente daquele constante na certid\u00e3o de nascimento original brasileira. Desta forma, considerando que em 2010 tal disposi\u00e7\u00e3o foi revogada, o interessado poder\u00e1 requerer a \u201crecupera\u00e7\u00e3o\u201d do sobrenome, como consta na certid\u00e3o de nascimento [&hellip;]","protected":false},"author":6,"featured_media":0,"parent":199,"menu_order":0,"comment_status":"closed","ping_status":"closed","template":"","meta":{"footnotes":""},"class_list":["post-1857","page","type-page","status-publish","hentry"],"_links":{"self":[{"href":"https:\/\/consriodejaneiro.esteri.it\/br\/wp-json\/wp\/v2\/pages\/1857","targetHints":{"allow":["GET"]}}],"collection":[{"href":"https:\/\/consriodejaneiro.esteri.it\/br\/wp-json\/wp\/v2\/pages"}],"about":[{"href":"https:\/\/consriodejaneiro.esteri.it\/br\/wp-json\/wp\/v2\/types\/page"}],"author":[{"embeddable":true,"href":"https:\/\/consriodejaneiro.esteri.it\/br\/wp-json\/wp\/v2\/users\/6"}],"replies":[{"embeddable":true,"href":"https:\/\/consriodejaneiro.esteri.it\/br\/wp-json\/wp\/v2\/comments?post=1857"}],"version-history":[{"count":1,"href":"https:\/\/consriodejaneiro.esteri.it\/br\/wp-json\/wp\/v2\/pages\/1857\/revisions"}],"predecessor-version":[{"id":1858,"href":"https:\/\/consriodejaneiro.esteri.it\/br\/wp-json\/wp\/v2\/pages\/1857\/revisions\/1858"}],"up":[{"embeddable":true,"href":"https:\/\/consriodejaneiro.esteri.it\/br\/wp-json\/wp\/v2\/pages\/199"}],"wp:attachment":[{"href":"https:\/\/consriodejaneiro.esteri.it\/br\/wp-json\/wp\/v2\/media?parent=1857"}],"curies":[{"name":"wp","href":"https:\/\/api.w.org\/{rel}","templated":true}]}}