{"id":1879,"date":"2023-09-22T21:49:22","date_gmt":"2023-09-22T19:49:22","guid":{"rendered":"https:\/\/consriodejaneiro.esteri.it\/?page_id=1879"},"modified":"2023-12-04T19:25:27","modified_gmt":"2023-12-04T18:25:27","slug":"instrucoes","status":"publish","type":"page","link":"https:\/\/consriodejaneiro.esteri.it\/br\/servizi-consolari-e-visti\/servizi-per-il-cittadino-italiano\/anagrafe-degli-italiani-residenti-allestero-aire\/como-criar-sua-conta-no-portal-fast-it\/instrucoes\/","title":{"rendered":"Instru\u00e7\u00f5es para preenchimento correto de dados \/ FAST IT"},"content":{"rendered":"<p>As seguintes informa\u00e7\u00f5es s\u00e3o essenciais para a apresenta\u00e7\u00e3o correta do seu pedido, atrav\u00e9s do FAST IT.<\/p>\n<p>Lembramos que qualquer requerimento que n\u00e3o respeite as seguintes instru\u00e7\u00f5es ser\u00e1, ap\u00f3s a an\u00e1lise, recusado e o requerente dever\u00e1 apresentar um novo pedido, que ser\u00e1 avaliado nos tempos previstos da lei, independentemente do requerimento anterior.<\/p>\n<p>O registro FAST IT deve ser feito, desde o in\u00edcio, com os dados dos documentos italianos. Qualquer diferen\u00e7a (como, por exemplo, o preenchimento do sobrenome do c\u00f4njuge) far\u00e1 com que o sistema n\u00e3o reconhe\u00e7a o usu\u00e1rio e o pedido n\u00e3o ter\u00e1 \u00eaxito positivo.<\/p>\n<p>As abrevia\u00e7\u00f5es dos endere\u00e7os devem ser as seguintes:<\/p>\n<ul>\n<li>Al para alameda<\/li>\n<li>Tv para travessa<\/li>\n<li>Avenida para Avenida<\/li>\n<li>Pq para parque<\/li>\n<li>Ap para apartamento<\/li>\n<\/ul>\n<p>&#8211; O c\u00f3digo postal deve ser inserido no formato seguinte XXXXX-XXX<\/p>\n<p>\u2013 O telefone deve ser inserido no seguinte formato: 9XXXX-XXXX<\/p>\n<p>\u2013 Os formul\u00e1rios devem ser sempre assinados pelo requerente e a assinatura deve ser igual a aquela do documento de identidade anexado.<\/p>\n<p>\u2013 Em caso de filhos menores, ambos os genitores devem assinar o formul\u00e1rio.<\/p>\n<p>\u2013 Os campos que n\u00e3o s\u00e3o obrigat\u00f3rios para as \u201cprimeiras inscri\u00e7\u00f5es AIRE\u201d, como o nome dos pais, profiss\u00e3o e n\u00edvel de instru\u00e7\u00e3o DEVEM ser preenchidos.<\/p>\n<p>\u2013 Voc\u00ea pode digitalizar um arquivo com mais de um documento.<\/p>\n<p>\u2013 A prova de resid\u00eancia deve ser NO NOME DO REQUERENTE, a \u00fanica exce\u00e7\u00e3o e a prova de resid\u00eancia em nome do c\u00f4njuge.<\/p>\n<p>Declara\u00e7\u00f5es de resid\u00eancia assinadas, mesmo que autenticadas, n\u00e3o ser\u00e3o aceites como comprovante de resid\u00eancia.<\/p>\n","protected":false},"excerpt":{"rendered":"As seguintes informa\u00e7\u00f5es s\u00e3o essenciais para a apresenta\u00e7\u00e3o correta do seu pedido, atrav\u00e9s do FAST IT. Lembramos que qualquer requerimento que n\u00e3o respeite as seguintes instru\u00e7\u00f5es ser\u00e1, ap\u00f3s a an\u00e1lise, recusado e o requerente dever\u00e1 apresentar um novo pedido, que ser\u00e1 avaliado nos tempos previstos da lei, independentemente do requerimento anterior. O registro FAST IT [&hellip;]","protected":false},"author":6,"featured_media":0,"parent":455,"menu_order":0,"comment_status":"closed","ping_status":"closed","template":"","meta":{"footnotes":""},"class_list":["post-1879","page","type-page","status-publish","hentry"],"_links":{"self":[{"href":"https:\/\/consriodejaneiro.esteri.it\/br\/wp-json\/wp\/v2\/pages\/1879","targetHints":{"allow":["GET"]}}],"collection":[{"href":"https:\/\/consriodejaneiro.esteri.it\/br\/wp-json\/wp\/v2\/pages"}],"about":[{"href":"https:\/\/consriodejaneiro.esteri.it\/br\/wp-json\/wp\/v2\/types\/page"}],"author":[{"embeddable":true,"href":"https:\/\/consriodejaneiro.esteri.it\/br\/wp-json\/wp\/v2\/users\/6"}],"replies":[{"embeddable":true,"href":"https:\/\/consriodejaneiro.esteri.it\/br\/wp-json\/wp\/v2\/comments?post=1879"}],"version-history":[{"count":2,"href":"https:\/\/consriodejaneiro.esteri.it\/br\/wp-json\/wp\/v2\/pages\/1879\/revisions"}],"predecessor-version":[{"id":1916,"href":"https:\/\/consriodejaneiro.esteri.it\/br\/wp-json\/wp\/v2\/pages\/1879\/revisions\/1916"}],"up":[{"embeddable":true,"href":"https:\/\/consriodejaneiro.esteri.it\/br\/wp-json\/wp\/v2\/pages\/455"}],"wp:attachment":[{"href":"https:\/\/consriodejaneiro.esteri.it\/br\/wp-json\/wp\/v2\/media?parent=1879"}],"curies":[{"name":"wp","href":"https:\/\/api.w.org\/{rel}","templated":true}]}}