{"id":1891,"date":"2023-11-28T20:46:04","date_gmt":"2023-11-28T19:46:04","guid":{"rendered":"https:\/\/consriodejaneiro.esteri.it\/?page_id=1891"},"modified":"2023-12-04T19:20:22","modified_gmt":"2023-12-04T18:20:22","slug":"cccc","status":"publish","type":"page","link":"https:\/\/consriodejaneiro.esteri.it\/br\/servizi-consolari-e-visti\/servizi-per-il-cittadino-italiano\/anagrafe-degli-italiani-residenti-allestero-aire\/cccc\/","title":{"rendered":"Portal FAST IT \u2013 D\u00favidas e erros frequentes"},"content":{"rendered":"<ol>\n<li style=\"text-align: justify;\"><strong><u> Quando visualizo minha ficha de dados pessoais atrav\u00e9s do portal FAST IT (na op\u00e7\u00e3o \u201cVer sua ficha de dados pessoais\u201d), o status \u00e9 \u201cem outro escrit\u00f3rio\u201d \/ \u201cindispon\u00edvel\u201d. Como posso atualizar meu cadastro?<\/u><\/strong><\/li>\n<\/ol>\n<p style=\"text-align: justify;\">Quem verificar atrav\u00e9s do FAST IT que na ficha de dados pessoais est\u00e1 \u201cem outro lugar\u201d ou \u201cindispon\u00edvel\u201d dever\u00e1 enviar a solicita\u00e7\u00e3o de atualiza\u00e7\u00e3o de endere\u00e7o exclusivamente via e-mail \u2013 <a href=\"mailto:anagr.riodejaneiro@esteri.it\">anagr.riodejaneiro@esteri.it<\/a> \u2013 explicando sua situa\u00e7\u00e3o, para que a solicita\u00e7\u00e3o possa ser processada manualmente pelo Consulado.<\/p>\n<p style=\"text-align: justify;\">Solicita\u00e7\u00f5es via e-mail s\u00f3 ser\u00e3o aceitas em circunst\u00e2ncias espec\u00edficas e s\u00f3 ser\u00e3o processadas se acompanhadas da documenta\u00e7\u00e3o necess\u00e1ria que dever\u00e1 ser<\/p>\n<p style=\"text-align: justify;\">1) Formul\u00e1rio de solicita\u00e7\u00e3o devidamente preenchido\/datado\/assinado (<a href=\"https:\/\/consriodejaneiro.esteri.it\/wp-content\/uploads\/2023\/12\/Dichiarazione_sostitutiva_di_certificazione.docx\"><strong>clique aqui <\/strong><\/a><em>), <\/em><\/p>\n<p style=\"text-align: justify;\">2) c\u00f3pia do documento de identidade v\u00e1lido<\/p>\n<p style=\"text-align: justify;\">3) comprovante de resid\u00eancia em nome do requerente e com data de emiss\u00e3o h\u00e1 menos de 3 meses.<\/p>\n<ol style=\"text-align: justify;\" start=\"2\">\n<li><strong><u> Solicitei cadastro atrav\u00e9s do portal FAST IT e o status \u00e9: \u201cEm Processamento\u201d. O que isso significa?<\/u><\/strong><\/li>\n<\/ol>\n<p style=\"text-align: justify;\">Significa que o seu pedido foi processado na primeira fase e foi necess\u00e1rio solicitar a confirma\u00e7\u00e3o do seu Munic\u00edpio. O tempo de \u201cprocessamento\u201d de um ficheiro pode variar dependendo do tempo que o Munic\u00edpio demora a responder ao nosso pedido. Ap\u00f3s 180 dias \u00e9 poss\u00edvel solicitar informa\u00e7\u00f5es atrav\u00e9s do e-mail: <a href=\"mailto:anagr.riodejaneiro@esteri.it\">anagr.riodejaneiro@esteri.it<\/a><\/p>\n<ol style=\"text-align: justify;\" start=\"3\">\n<li><strong><u> Ao visualizar minha ficha de dados pessoais na FAST IT, mesmo que meus dados pare\u00e7am estar atualizados, o status cadastral \u00e9: \u201cN\u00e3o Cadastrado\u201d. Isso \u00e9 um problema?<\/u><\/strong><\/li>\n<\/ol>\n<p style=\"text-align: justify;\">Caso o status \u201cN\u00e3o cadastrado\u201d apare\u00e7a no campo \u201cCADASTRO AIRE\u201d \u2013 mas o endere\u00e7o e demais dados estejam atualizados \u2013 o interessado N\u00c3O dever\u00e1 solicitar qualquer atualiza\u00e7\u00e3o. Esta informa\u00e7\u00e3o reflete qualquer falta de feedback do Munic\u00edpio que pode levar tempo vari\u00e1vel, mas que N\u00c3O altera o registo dos membros, nem limita o acesso aos servi\u00e7os consulares.<\/p>\n<ol style=\"text-align: justify;\" start=\"4\">\n<li><strong><u> Meu filho menor, que j\u00e1 \u00e9 cidad\u00e3o italiano, mora com o outro progenitor brasileiro. Como posso atualizar seu endere\u00e7o?<\/u><\/strong><\/li>\n<\/ol>\n<p style=\"text-align: justify;\">A solicita\u00e7\u00e3o dever\u00e1 ser enviada por e-mail &#8211; <a href=\"mailto:anagr.riodejaneiro@esteri.it\">anagr.riodejaneiro@esteri.it<\/a>&#8211; com os seguintes documentos: Formul\u00e1rio de solicita\u00e7\u00e3o (<a href=\"https:\/\/consriodejaneiro.esteri.it\/wp-content\/uploads\/2023\/12\/Dichiarazione_sostitutiva_di_certificazione.docx\"><strong>clique aqui <\/strong><\/a>) preenchido pelo genitor estrangeiro com quem reside o menor, assinado por ambos os progenitores, documento de identidade v\u00e1lido dos progenitores e do menor, comprovante de resid\u00eancia em nome do genitor estrangeiro (menos de tr\u00eas meses), e documenta\u00e7\u00e3o emitida pelo Munic\u00edpio relativa \u00e0 cidadania do menor (caso ainda n\u00e3o tenha sido depositada neste Consulado).<\/p>\n<ol style=\"text-align: justify;\" start=\"5\">\n<li><strong><u> Ao tentar visualizar meu cadastro recebo uma mensagem de erro informando que devo ser cidad\u00e3o italiano cadastrado na AIRE para solicitar o servi\u00e7o. Por\u00e9m, minha cidadania j\u00e1 foi conclu\u00edda e estou registrado neste consulado. O que devo fazer?<\/u><\/strong><\/li>\n<\/ol>\n<p style=\"text-align: justify;\">Este erro geralmente significa que o cadastro no FAST IT n\u00e3o foi feito com os mesmos dados presentes em nosso sistema. A Associa\u00e7\u00e3o, que permite a visualiza\u00e7\u00e3o da ficha de dados pessoais, s\u00f3 poder\u00e1 ser realizada quando os dados inseridos no FAST IT refletirem os dados presentes no nosso Registro Consular. Se voc\u00ea tiver d\u00favidas sobre quais s\u00e3o seus dados cadastrais voc\u00ea pode enviar um e-mail &#8211; anagr.riodejaneiro@esteri.it- com seus dados completos solicitando confirma\u00e7\u00e3o.<\/p>\n<ol style=\"text-align: justify;\" start=\"6\">\n<li><strong><u> Sou cadastrado na FAST IT em outro consulado, mas agora sou residente no Rio de Janeiro, como posso fazer a altera\u00e7\u00e3o?<\/u><\/strong><\/li>\n<\/ol>\n<p style=\"text-align: justify;\">Para fazer a altera\u00e7\u00e3o voc\u00ea n\u00e3o deve ter nenhuma solicita\u00e7\u00e3o pendente. Neste caso, basta clicar no bot\u00e3o \u201cComunicar mudan\u00e7a de resid\u00eancia\u201d e alterar o pa\u00eds\/estado de resid\u00eancia e a cidade. A seguinte mensagem aparecer\u00e1:<\/p>\n<p style=\"text-align: justify;\">&#8220;Aten\u00e7\u00e3o, voc\u00ea est\u00e1 alterando sua Localiza\u00e7\u00e3o Consular. Tem certeza que deseja continuar? Ao pressionar \u201cOk\u201d voc\u00ea ser\u00e1 redirecionado para a mudan\u00e7a Aire. Ao clicar em \u201cOk\u201d sua LOCALIZA\u00c7\u00c3O ser\u00e1 alterada, mesmo sem concluir a solicita\u00e7\u00e3o.<\/p>\n<ol style=\"text-align: justify;\" start=\"7\">\n<li><strong><u> Estou tentando anexar todos os documentos, mas os arquivos ultrapassam o limite de 1Mega. O que fazer?<\/u><\/strong><\/li>\n<\/ol>\n<p style=\"text-align: justify;\">Pode ser necess\u00e1rio, por exemplo, digitalizar a documenta\u00e7\u00e3o em preto e branco para reduzir o tamanho dos arquivos. Acesse o <a href=\"https:\/\/serviziconsolarionline.esteri.it\/ScoFE\/static\/uso-scanner.sco\">link<\/a> para mais informa\u00e7\u00f5es.<\/p>\n<ol style=\"text-align: justify;\" start=\"8\">\n<li><strong><u> Fiz uma primeira solicita\u00e7\u00e3o de cadastro via FAST IT e o status \u00e9 \u201crejeitado\u201d com a mensagem \u201cA pr\u00e1tica j\u00e1 existe\u201d. O que fazer?<\/u><\/strong><\/li>\n<\/ol>\n<p style=\"text-align: justify;\">Quando este Consulado aceita um primeiro pedido de registo, atrav\u00e9s do FAST IT todos os dados introduzidos pelo requerente migram para o nosso registo consular.<\/p>\n<p style=\"text-align: justify;\">Caso o nome do requerente j\u00e1 exista na nossa base de dados (registo consular) n\u00e3o poderemos aceitar este pedido.<\/p>\n<p style=\"text-align: justify;\">Caso o pedido seja para registro de altera\u00e7\u00f5es de registro civil \u2013 filhos, casamento, etc. &#8211; ser\u00e1 necess\u00e1rio seguir o disposto na se\u00e7\u00e3o <a href=\"https:\/\/consriodejaneiro.esteri.it\/br\/servizi-consolari-e-visti\/servizi-per-il-cittadino-italiano\/stato-civile\/\"><strong>Registro Civil<\/strong><\/a><\/p>\n<ol style=\"text-align: justify;\" start=\"9\">\n<li><strong><u> O meu filho menor vive sozinho comigo, mas o outro progenitor n\u00e3o quer assinar o pedido de registo AIRE. Como devo proceder?<\/u><\/strong><\/li>\n<\/ol>\n<p style=\"text-align: justify;\">Se a solicita\u00e7\u00e3o de registro A.I.R.E. envolva menor de idade, ambos os pais dever\u00e3o assinar o Pedido de Inscri\u00e7\u00e3o. Neste sentido, tamb\u00e9m ser\u00e1 necess\u00e1rio o envio do documento de identidade do progenitor estrangeiro.<\/p>\n<p style=\"text-align: justify;\">Caso a assinatura de um dos dois progenitores n\u00e3o conste nesta Declara\u00e7\u00e3o, o progenitor que apresenta o pedido dever\u00e1 fornecer ao Consulado &#8211; atrav\u00e9s do envio de um e-mail para <a href=\"mailto:anagr.riodejaneiro@esteri.it\">anagr.riodejaneiro@esteri.it<\/a> &#8211; \u200b\u200b\u200b\u200bos \u00faltimos dados de contato conhecidos do outro progenitor: contato telef\u00f3nico, morada postal e\/ou e-mail. Caso contr\u00e1rio, dever\u00e1 apresentar &#8211; caso ainda n\u00e3o esteja presente nos documentos deste \u00f3rg\u00e3o &#8211; prova documental da impossibilidade de obter o consentimento do outro progenitor: por exemplo, por morte ou ordem judicial que pro\u00edba a sua parentalidade ou porque o menor foi reconhecido por um dos pais solteiros.<\/p>\n","protected":false},"excerpt":{"rendered":"Quando visualizo minha ficha de dados pessoais atrav\u00e9s do portal FAST IT (na op\u00e7\u00e3o \u201cVer sua ficha de dados pessoais\u201d), o status \u00e9 \u201cem outro escrit\u00f3rio\u201d \/ \u201cindispon\u00edvel\u201d. Como posso atualizar meu cadastro? Quem verificar atrav\u00e9s do FAST IT que na ficha de dados pessoais est\u00e1 \u201cem outro lugar\u201d ou \u201cindispon\u00edvel\u201d dever\u00e1 enviar a solicita\u00e7\u00e3o [&hellip;]","protected":false},"author":6,"featured_media":0,"parent":201,"menu_order":6,"comment_status":"closed","ping_status":"closed","template":"","meta":{"footnotes":""},"class_list":["post-1891","page","type-page","status-publish","hentry"],"_links":{"self":[{"href":"https:\/\/consriodejaneiro.esteri.it\/br\/wp-json\/wp\/v2\/pages\/1891","targetHints":{"allow":["GET"]}}],"collection":[{"href":"https:\/\/consriodejaneiro.esteri.it\/br\/wp-json\/wp\/v2\/pages"}],"about":[{"href":"https:\/\/consriodejaneiro.esteri.it\/br\/wp-json\/wp\/v2\/types\/page"}],"author":[{"embeddable":true,"href":"https:\/\/consriodejaneiro.esteri.it\/br\/wp-json\/wp\/v2\/users\/6"}],"replies":[{"embeddable":true,"href":"https:\/\/consriodejaneiro.esteri.it\/br\/wp-json\/wp\/v2\/comments?post=1891"}],"version-history":[{"count":3,"href":"https:\/\/consriodejaneiro.esteri.it\/br\/wp-json\/wp\/v2\/pages\/1891\/revisions"}],"predecessor-version":[{"id":1912,"href":"https:\/\/consriodejaneiro.esteri.it\/br\/wp-json\/wp\/v2\/pages\/1891\/revisions\/1912"}],"up":[{"embeddable":true,"href":"https:\/\/consriodejaneiro.esteri.it\/br\/wp-json\/wp\/v2\/pages\/201"}],"wp:attachment":[{"href":"https:\/\/consriodejaneiro.esteri.it\/br\/wp-json\/wp\/v2\/media?parent=1891"}],"curies":[{"name":"wp","href":"https:\/\/api.w.org\/{rel}","templated":true}]}}