{"id":1924,"date":"2023-11-28T20:47:42","date_gmt":"2023-11-28T19:47:42","guid":{"rendered":"https:\/\/consriodejaneiro.esteri.it\/?page_id=1924"},"modified":"2023-12-04T19:47:11","modified_gmt":"2023-12-04T18:47:11","slug":"certificados-emitidos-on-line-pelos-comuni-italianos","status":"publish","type":"page","link":"https:\/\/consriodejaneiro.esteri.it\/br\/servizi-consolari-e-visti\/servizi-per-il-cittadino-italiano\/anagrafe-degli-italiani-residenti-allestero-aire\/certificados-emitidos-on-line-pelos-comuni-italianos\/","title":{"rendered":"Certificados emitidos on-line pelos Comuni italianos"},"content":{"rendered":"<p>Informamos que, a partir do dia 15 de novembro de 2021, os cidad\u00e3os inscritos nos registros italianos (tanto APR como AIRE) t\u00eam a possibilidade de solicitar diversos tipos de certid\u00f5es de registo diretamente online, acedendo ao portal <a href=\"https:\/\/www.anagrafenazionale.interno.it\/\"><strong>https:\/\/www.anagrafenazionale.interno.it\/<\/strong><\/a><\/p>\n<p>A emiss\u00e3o destes certificados \u00e9 gratuita, mas s\u00f3 \u00e9 poss\u00edvel mediante a posse de uma identidade digital (SPID, CIE ou CNS). Para mais informa\u00e7\u00f5es acesse o site <a href=\"https:\/\/www.spid.gov.it\/\"><strong>https:\/\/www.spid.gov.it\/<\/strong><\/a><\/p>\n<p>Os certificados podem ser baixados para voc\u00ea e\/ou para familiares que moram juntos na p\u00e1gina: <a href=\"https:\/\/www.anagrafenazionale.interno.it\/servizi-al-cittadino\"><strong>https:\/\/www.anagrafenazionale.interno.it\/servizi-al-cittadino<\/strong><\/a> s\u00e3o:<\/p>\n<p>&nbsp;<\/p>\n<ul>\n<li>Registro de nascimento<\/li>\n<li>Registro de casamento<\/li>\n<li>Registro de Cidadania<\/li>\n<li>Registro da Exist\u00eancia em vida<\/li>\n<li>Registro de Resid\u00eancia<\/li>\n<li>Registro da Resid\u00eancia AIRE<\/li>\n<li>Registro civil<\/li>\n<li>Situa\u00e7\u00e3o familiar<\/li>\n<li>Situa\u00e7\u00e3o familiar e estado civil<\/li>\n<li>Resid\u00eancia em coabita\u00e7\u00e3o<\/li>\n<li>Situa\u00e7\u00e3o familiar AIRE<\/li>\n<li>Situa\u00e7\u00e3o familiar com rela\u00e7\u00f5es de parentesco<\/li>\n<li>Registro de Estado Livre<\/li>\n<li>Registro de Uni\u00e3o Civil<\/li>\n<li>Acordo de Coabita\u00e7\u00e3o<\/li>\n<\/ul>\n","protected":false},"excerpt":{"rendered":"Informamos que, a partir do dia 15 de novembro de 2021, os cidad\u00e3os inscritos nos registros italianos (tanto APR como AIRE) t\u00eam a possibilidade de solicitar diversos tipos de certid\u00f5es de registo diretamente online, acedendo ao portal https:\/\/www.anagrafenazionale.interno.it\/ A emiss\u00e3o destes certificados \u00e9 gratuita, mas s\u00f3 \u00e9 poss\u00edvel mediante a posse de uma identidade digital [&hellip;]","protected":false},"author":6,"featured_media":0,"parent":201,"menu_order":6,"comment_status":"closed","ping_status":"closed","template":"","meta":{"footnotes":""},"class_list":["post-1924","page","type-page","status-publish","hentry"],"_links":{"self":[{"href":"https:\/\/consriodejaneiro.esteri.it\/br\/wp-json\/wp\/v2\/pages\/1924","targetHints":{"allow":["GET"]}}],"collection":[{"href":"https:\/\/consriodejaneiro.esteri.it\/br\/wp-json\/wp\/v2\/pages"}],"about":[{"href":"https:\/\/consriodejaneiro.esteri.it\/br\/wp-json\/wp\/v2\/types\/page"}],"author":[{"embeddable":true,"href":"https:\/\/consriodejaneiro.esteri.it\/br\/wp-json\/wp\/v2\/users\/6"}],"replies":[{"embeddable":true,"href":"https:\/\/consriodejaneiro.esteri.it\/br\/wp-json\/wp\/v2\/comments?post=1924"}],"version-history":[{"count":1,"href":"https:\/\/consriodejaneiro.esteri.it\/br\/wp-json\/wp\/v2\/pages\/1924\/revisions"}],"predecessor-version":[{"id":1927,"href":"https:\/\/consriodejaneiro.esteri.it\/br\/wp-json\/wp\/v2\/pages\/1924\/revisions\/1927"}],"up":[{"embeddable":true,"href":"https:\/\/consriodejaneiro.esteri.it\/br\/wp-json\/wp\/v2\/pages\/201"}],"wp:attachment":[{"href":"https:\/\/consriodejaneiro.esteri.it\/br\/wp-json\/wp\/v2\/media?parent=1924"}],"curies":[{"name":"wp","href":"https:\/\/api.w.org\/{rel}","templated":true}]}}