{"id":200,"date":"2022-12-02T19:15:25","date_gmt":"2022-12-02T18:15:25","guid":{"rendered":"https:\/\/consolatorio.esteri.it\/servizi-consolari-e-visti\/servizi-per-il-cittadino-italiano\/emergency-travel-documents-etd\/"},"modified":"2025-12-08T22:04:04","modified_gmt":"2025-12-08T21:04:04","slug":"emergency-travel-documents-etd","status":"publish","type":"page","link":"https:\/\/consriodejaneiro.esteri.it\/br\/servizi-consolari-e-visti\/servizi-per-il-cittadino-italiano\/emergency-travel-documents-etd\/","title":{"rendered":"Emergency Travel Documents (ETD)"},"content":{"rendered":"<div class=\"relative basis-auto flex-col -mb-(--composer-overlap-px) [--composer-overlap-px:28px] grow flex overflow-hidden\">\n<div class=\"relative h-full\">\n<div class=\"flex h-full flex-col overflow-y-auto @w-xl\/main:pt-(--header-height) [scrollbar-gutter:stable_both-edges]\">\n<div class=\"flex flex-col text-sm @w-xl\/main:pt-header-height pb-25\">\n<article class=\"text-token-text-primary w-full focus:outline-none [--shadow-height:45px] has-data-writing-block:pointer-events-none has-data-writing-block:-mt-(--shadow-height) has-data-writing-block:pt-(--shadow-height) [&amp;:has([data-writing-block])&gt;*]:pointer-events-auto scroll-mt-[calc(var(--header-height)+min(200px,max(70px,20svh)))]\" dir=\"auto\" tabindex=\"-1\" data-turn-id=\"41528a90-faef-457a-b127-f46ae169fe05\" data-testid=\"conversation-turn-56\" data-scroll-anchor=\"true\" data-turn=\"assistant\">\n<div class=\"text-base my-auto mx-auto pb-10 [--thread-content-margin:--spacing(4)] @w-sm\/main:[--thread-content-margin:--spacing(6)] @w-lg\/main:[--thread-content-margin:--spacing(16)] px-(--thread-content-margin)\">\n<div class=\"[--thread-content-max-width:40rem] @w-lg\/main:[--thread-content-max-width:48rem] mx-auto max-w-(--thread-content-max-width) flex-1 group\/turn-messages focus-visible:outline-hidden relative flex w-full min-w-0 flex-col agent-turn\" tabindex=\"-1\">\n<div class=\"flex max-w-full flex-col grow\">\n<div class=\"min-h-8 text-message relative flex w-full flex-col items-end gap-2 text-start break-words whitespace-normal [.text-message+&amp;]:mt-1\" dir=\"auto\" data-message-author-role=\"assistant\" data-message-id=\"72b23b8c-7f22-403f-8544-a1e673bd1010\" data-message-model-slug=\"gpt-5-1\">\n<div class=\"flex w-full flex-col gap-1 empty:hidden first:pt-[1px]\">\n<div class=\"markdown prose dark:prose-invert w-full break-words light markdown-new-styling\">\n<p style=\"text-align: justify;\" data-start=\"59\" data-end=\"206\">A partir de <strong data-start=\"71\" data-end=\"96\">9 de dezembro de 2025<\/strong>, entra em vigor um novo modelo de documento de viagem de emerg\u00eancia (Emergency Travel Document \u2013 <strong data-start=\"194\" data-end=\"204\">EU ETD<\/strong>).<\/p>\n<p style=\"text-align: justify;\" data-start=\"208\" data-end=\"583\">Em caso de furto ou perda do passaporte por cidad\u00e3os italianos <strong data-start=\"271\" data-end=\"289\">n\u00e3o residentes<\/strong> nesta circunscri\u00e7\u00e3o consular (Estados do Rio de Janeiro e Vit\u00f3ria) e, em alguns casos espec\u00edficos, por cidad\u00e3os de outros pa\u00edses da UE, o ETD poder\u00e1 ser emitido por este Consulado-Geral exclusivamente para permitir a <strong data-start=\"507\" data-end=\"537\">viagem de retorno \u00e0 It\u00e1lia<\/strong> ou ao pa\u00eds de resid\u00eancia est\u00e1vel no exterior.<\/p>\n<h3 style=\"text-align: justify;\" data-start=\"585\" data-end=\"632\">Comunica\u00e7\u00e3o de furto ou perda do passaporte<\/h3>\n<p style=\"text-align: justify;\" data-start=\"633\" data-end=\"1050\">Para comunicar o furto ou a perda do passaporte, \u00e9 necess\u00e1rio enviar um e-mail para <strong data-start=\"717\" data-end=\"748\"><a class=\"decorated-link cursor-pointer\" rel=\"noopener\" data-start=\"719\" data-end=\"746\">pass.riodejaneiro@esteri.it<\/a><\/strong> solicitando um agendamento.<br data-start=\"776\" data-end=\"779\" \/>Em alternativa, \u00e9 poss\u00edvel ligar para o <strong data-start=\"819\" data-end=\"843\">n\u00famero de emerg\u00eancia<\/strong> do Consulado (+55 21 981195631) ou comparecer pessoalmente ao Consulado-Geral durante o hor\u00e1rio de atendimento ao p\u00fablico (8h30\u201312h30) no endere\u00e7o: Av. Presidente Carlos Ant\u00f4nio Carlos, 40 \u2013 Rio de Janeiro.<\/p>\n<h3 style=\"text-align: justify;\" data-start=\"1052\" data-end=\"1120\">Emiss\u00e3o do ETD para cidad\u00e3os italianos \u2013 Documenta\u00e7\u00e3o necess\u00e1ria<\/h3>\n<p style=\"text-align: justify;\" data-start=\"1121\" data-end=\"1260\">O pedido de emiss\u00e3o do EU ETD deve ser apresentado no guich\u00ea consular mediante formul\u00e1rio espec\u00edfico (<a href=\"https:\/\/consriodejaneiro.esteri.it\/wp-content\/uploads\/2025\/12\/Formulario-ETD-UE_IT_-con-v.-francese.pdf\">fac simile clique aqui)<\/a> , acompanhado dos seguintes documentos:<\/p>\n<ol style=\"text-align: justify;\" data-start=\"1262\" data-end=\"1684\">\n<li data-start=\"1262\" data-end=\"1347\">\n<p data-start=\"1265\" data-end=\"1347\">Declara\u00e7\u00e3o de furto ou perda do passaporte, a ser preenchida no pr\u00f3prio Consulado;<\/p>\n<\/li>\n<li data-start=\"1348\" data-end=\"1457\">\n<p data-start=\"1351\" data-end=\"1457\">Boletim de ocorr\u00eancia do furto, perda ou destrui\u00e7\u00e3o do passaporte, emitido pela autoridade policial local;<\/p>\n<\/li>\n<li data-start=\"1458\" data-end=\"1559\">\n<p data-start=\"1461\" data-end=\"1559\">Duas fotos recentes em cores, sem data, tamanho 3,5 x 4,5 cm, iguais, frontais e com fundo branco;<\/p>\n<\/li>\n<li data-start=\"1560\" data-end=\"1624\">\n<p data-start=\"1563\" data-end=\"1624\">Se poss\u00edvel, c\u00f3pia do passaporte italiano perdido ou roubado;<\/p>\n<\/li>\n<li data-start=\"1625\" data-end=\"1684\">\n<p data-start=\"1628\" data-end=\"1684\">Passagem a\u00e9rea original, com data de partida confirmada.<\/p>\n<\/li>\n<\/ol>\n<p style=\"text-align: justify;\" data-start=\"1686\" data-end=\"1773\">O EU ETD ter\u00e1 validade correspondente \u00e0 <strong data-start=\"1726\" data-end=\"1747\">dura\u00e7\u00e3o da viagem<\/strong>, por at\u00e9 <strong data-start=\"1757\" data-end=\"1772\">quinze dias<\/strong>.<\/p>\n<h3 style=\"text-align: justify;\" data-start=\"1775\" data-end=\"1786\">Aten\u00e7\u00e3o<\/h3>\n<p style=\"text-align: justify;\" data-start=\"1787\" data-end=\"1974\">Ao chegar ao destino, o titular dever\u00e1 <strong data-start=\"1826\" data-end=\"1867\">obrigatoriamente entregar o documento<\/strong> (ETD) \u00e0 Pol\u00edcia de Fronteira ou a outra autoridade policial, independentemente da validade ainda restante.<\/p>\n<p style=\"text-align: justify;\" data-start=\"1976\" data-end=\"2008\">A emiss\u00e3o do ETD \u00e9 <strong data-start=\"1995\" data-end=\"2007\">gratuita<\/strong>.<\/p>\n<p style=\"text-align: justify;\" data-start=\"2010\" data-end=\"2201\" data-is-last-node=\"\" data-is-only-node=\"\">Ap\u00f3s retornar \u00e0 It\u00e1lia, o cidad\u00e3o poder\u00e1 solicitar a emiss\u00e3o de um novo passaporte na <strong data-start=\"2096\" data-end=\"2108\">Questura<\/strong> competente pelo seu local de resid\u00eancia, apresentando as den\u00fancias registradas no Consulado.<\/p>\n<\/div>\n<\/div>\n<\/div>\n<\/div>\n<\/div>\n<\/div>\n<\/article>\n<\/div>\n<\/div>\n<\/div>\n<\/div>\n","protected":false},"excerpt":{"rendered":"A partir de 9 de dezembro de 2025, entra em vigor um novo modelo de documento de viagem de emerg\u00eancia (Emergency Travel Document \u2013 EU ETD). Em caso de furto ou perda do passaporte por cidad\u00e3os italianos n\u00e3o residentes nesta circunscri\u00e7\u00e3o consular (Estados do Rio de Janeiro e Vit\u00f3ria) e, em alguns casos espec\u00edficos, por [&hellip;]","protected":false},"author":3,"featured_media":6216,"parent":98,"menu_order":0,"comment_status":"closed","ping_status":"closed","template":"","meta":{"footnotes":""},"class_list":["post-200","page","type-page","status-publish","has-post-thumbnail","hentry"],"_links":{"self":[{"href":"https:\/\/consriodejaneiro.esteri.it\/br\/wp-json\/wp\/v2\/pages\/200","targetHints":{"allow":["GET"]}}],"collection":[{"href":"https:\/\/consriodejaneiro.esteri.it\/br\/wp-json\/wp\/v2\/pages"}],"about":[{"href":"https:\/\/consriodejaneiro.esteri.it\/br\/wp-json\/wp\/v2\/types\/page"}],"author":[{"embeddable":true,"href":"https:\/\/consriodejaneiro.esteri.it\/br\/wp-json\/wp\/v2\/users\/3"}],"replies":[{"embeddable":true,"href":"https:\/\/consriodejaneiro.esteri.it\/br\/wp-json\/wp\/v2\/comments?post=200"}],"version-history":[{"count":6,"href":"https:\/\/consriodejaneiro.esteri.it\/br\/wp-json\/wp\/v2\/pages\/200\/revisions"}],"predecessor-version":[{"id":6214,"href":"https:\/\/consriodejaneiro.esteri.it\/br\/wp-json\/wp\/v2\/pages\/200\/revisions\/6214"}],"up":[{"embeddable":true,"href":"https:\/\/consriodejaneiro.esteri.it\/br\/wp-json\/wp\/v2\/pages\/98"}],"wp:featuredmedia":[{"embeddable":true,"href":"https:\/\/consriodejaneiro.esteri.it\/br\/wp-json\/wp\/v2\/media\/6216"}],"wp:attachment":[{"href":"https:\/\/consriodejaneiro.esteri.it\/br\/wp-json\/wp\/v2\/media?parent=200"}],"curies":[{"name":"wp","href":"https:\/\/api.w.org\/{rel}","templated":true}]}}