{"id":201,"date":"2022-12-02T19:16:01","date_gmt":"2022-12-02T18:16:01","guid":{"rendered":"https:\/\/consolatorio.esteri.it\/servizi-consolari-e-visti\/servizi-per-il-cittadino-italiano\/anagrafe-degli-italiani-residenti-allestero-aire\/"},"modified":"2024-03-06T20:51:56","modified_gmt":"2024-03-06T19:51:56","slug":"anagrafe-degli-italiani-residenti-allestero-aire","status":"publish","type":"page","link":"https:\/\/consriodejaneiro.esteri.it\/br\/servizi-consolari-e-visti\/servizi-per-il-cittadino-italiano\/anagrafe-degli-italiani-residenti-allestero-aire\/","title":{"rendered":"Registro dos Italianos Residentes no Exterior (A.I.R.E.) \/ FAST IT"},"content":{"rendered":"<p><strong>O QUE \u00c9 O A.I.R.E.<\/strong><\/p>\n<p>\u00c9 o Registro dos Italianos Residentes no Exterior (A.I.R.E). \u00c9 mantido pelos munic\u00edpios italianos com base em informa\u00e7\u00f5es fornecidas pelas representa\u00e7\u00f5es consulares no exterior.<\/p>\n<p>O Setor de Registro se encarrega de inserir os dados pessoais e atualizar o endere\u00e7o de resid\u00eancia nos arquivos consulares.<\/p>\n<p><strong><u>\u00c9 DEVER DE CADA CIDAD\u00c3O ITALIANO MANTER SUA FICHA CADASTRAL ATUALIZADA<\/u><\/strong><\/p>\n<p><strong><u>A N\u00c3O ATUALIZA\u00c7\u00c3O das informa\u00e7\u00f5es, al\u00e9m de representar VIOLA\u00c7\u00c3O DA LEI, torna IMPOSS\u00cdVEL o contato com o cidad\u00e3o e o acesso aos servi\u00e7os consulares<\/u><\/strong><strong><u>.<\/u><\/strong><\/p>\n<p><strong><u>O pedido de registro no A.I.R.E. bem como a atualiza\u00e7\u00e3o do endere\u00e7o, dever\u00e3o ser encaminhados atrav\u00e9s do Portal <\/u><\/strong><strong><u>\u201cFAST IT\u201d.<\/u><\/strong><\/p>\n<p><strong>COMO CRIAR UM ACCOUNT NO PORTAL \u201cFAST IT\u201d <\/strong><a href=\"https:\/\/consriodejaneiro.esteri.it\/br\/servizi-consolari-e-visti\/servizi-per-il-cittadino-italiano\/anagrafe-degli-italiani-residenti-allestero-aire\/como-criar-sua-conta-no-portal-fast-it\/\"><strong>CLIQUE AQUI<\/strong><\/a><\/p>\n<p><strong>QUEM PRECISA SE INSCREVER NO A.I.R.E. <\/strong><\/p>\n<ol>\n<li>Cidad\u00e3os italianos que transferem a sua resid\u00eancia para o estrangeiro por per\u00edodos superiores a 12 meses;<\/li>\n<li>Cidad\u00e3os italianos que j\u00e1 a\u00ed residam por terem nascido no estrangeiro.<\/li>\n<\/ol>\n<p><strong><u>ATEN\u00c7\u00c3O!<\/u><\/strong><\/p>\n<p>Para todos aqueles <strong><u>que obtiveram o reconhecimento da cidadania neste Consulado Geral<\/u><\/strong>, o pedido de inscri\u00e7\u00e3o no A.I.R.E. \u00e9 automaticamente encaminhado para o munic\u00edpio competente.<\/p>\n<p><strong>OS SERVI\u00c7OS DISPONIVEIS NO PORTAL FAST-IT<\/strong><\/p>\n<p><strong><u>Requer a inscri\u00e7\u00e3o no Registro dos italianos no exterior <\/u><\/strong>para os cidad\u00e3os italianos que se inscrevem pela primeira vez.<\/p>\n<p><a href=\"https:\/\/consriodejaneiro.esteri.it\/br\/servizi-consolari-e-visti\/servizi-per-il-cittadino-italiano\/anagrafe-degli-italiani-residenti-allestero-aire\/primeiro-cadastro-no-registro-consular-deste-consulado-geral-em-rio-de-janeiro\/\"><strong>CLIQUE AQUI<\/strong><\/a> para prosseguir com as instru\u00e7\u00f5es.<\/p>\n<p><strong><u>Comunicar altera\u00e7\u00e3o de endere\u00e7o<\/u><\/strong> os cidad\u00e3os italianos <strong>j\u00e1 inscritos no AIRE<\/strong>:<\/p>\n<ul>\n<li>Devem requer a atualiza\u00e7\u00e3o do endere\u00e7o de resid\u00eancia <a href=\"https:\/\/consriodejaneiro.esteri.it\/br\/servizi-consolari-e-visti\/servizi-per-il-cittadino-italiano\/anagrafe-degli-italiani-residenti-allestero-aire\/atualizacao-de-endereco\/\"><strong>CLIQUE AQUI<\/strong><\/a><\/li>\n<li>Tem proveni\u00eancia de outra circunscri\u00e7\u00e3o consular<strong>.<\/strong><\/li>\n<\/ul>\n<p><strong><u>Visualizar a ficha consular<\/u><\/strong> para Associar o account \u201cFAST IT\u201d ao banco de dados deste Consulado. <a href=\"https:\/\/consriodejaneiro.esteri.it\/br\/servizi-consolari-e-visti\/servizi-per-il-cittadino-italiano\/anagrafe-degli-italiani-residenti-allestero-aire\/associacao\/\"><strong>CLIQUE AQUI<\/strong><\/a> para prosseguir com as instru\u00e7\u00f5es.<\/p>\n<p style=\"text-align: center;\"><strong><u>N\u00c3O \u00c9 POSSIVEL ATUALIZAR O <\/u><\/strong><strong><u>REGISTRO CIVIL <\/u><\/strong><strong><u>ATRAV\u00c9S DO PORTAL FAST IT.<\/u><\/strong><\/p>\n<p style=\"text-align: center;\"><strong><u>A DOCUMENTA\u00c7\u00c3O ORIGINAL DEVER\u00c1 SER ENVIADA POR CORREIO<\/u><\/strong><\/p>\n<p>O setor <strong>N\u00c3O<\/strong> recebe p\u00fablico. Para informa\u00e7\u00f5es entre em contato com o e-mail \u2013 <a href=\"mailto:anagr.riodejaneiro@esteri.it\">anagr.riodejaneiro@esteri.it<\/a> \u2013 \u00e9 obrigat\u00f3rio indicar: nome completo, data e lugar de nascimento. Os pedidos sem estas informa\u00e7\u00f5es n\u00e3o podem ser tratados.<\/p>\n<p>Os pedidos de registro realizadas atrav\u00e9s do Portal FAST IT ser\u00e3o tratadas por ordem de recebimento <u>e dentro o prazo previsto pela lei de <strong>180 dias<\/strong>.<\/u><\/p>\n","protected":false},"excerpt":{"rendered":"O QUE \u00c9 O A.I.R.E. \u00c9 o Registro dos Italianos Residentes no Exterior (A.I.R.E). \u00c9 mantido pelos munic\u00edpios italianos com base em informa\u00e7\u00f5es fornecidas pelas representa\u00e7\u00f5es consulares no exterior. O Setor de Registro se encarrega de inserir os dados pessoais e atualizar o endere\u00e7o de resid\u00eancia nos arquivos consulares. \u00c9 DEVER DE CADA CIDAD\u00c3O ITALIANO [&hellip;]","protected":false},"author":3,"featured_media":0,"parent":98,"menu_order":0,"comment_status":"closed","ping_status":"closed","template":"","meta":{"footnotes":""},"class_list":["post-201","page","type-page","status-publish","hentry"],"_links":{"self":[{"href":"https:\/\/consriodejaneiro.esteri.it\/br\/wp-json\/wp\/v2\/pages\/201","targetHints":{"allow":["GET"]}}],"collection":[{"href":"https:\/\/consriodejaneiro.esteri.it\/br\/wp-json\/wp\/v2\/pages"}],"about":[{"href":"https:\/\/consriodejaneiro.esteri.it\/br\/wp-json\/wp\/v2\/types\/page"}],"author":[{"embeddable":true,"href":"https:\/\/consriodejaneiro.esteri.it\/br\/wp-json\/wp\/v2\/users\/3"}],"replies":[{"embeddable":true,"href":"https:\/\/consriodejaneiro.esteri.it\/br\/wp-json\/wp\/v2\/comments?post=201"}],"version-history":[{"count":6,"href":"https:\/\/consriodejaneiro.esteri.it\/br\/wp-json\/wp\/v2\/pages\/201\/revisions"}],"predecessor-version":[{"id":2397,"href":"https:\/\/consriodejaneiro.esteri.it\/br\/wp-json\/wp\/v2\/pages\/201\/revisions\/2397"}],"up":[{"embeddable":true,"href":"https:\/\/consriodejaneiro.esteri.it\/br\/wp-json\/wp\/v2\/pages\/98"}],"wp:attachment":[{"href":"https:\/\/consriodejaneiro.esteri.it\/br\/wp-json\/wp\/v2\/media?parent=201"}],"curies":[{"name":"wp","href":"https:\/\/api.w.org\/{rel}","templated":true}]}}