{"id":203,"date":"2022-12-02T19:17:02","date_gmt":"2022-12-02T18:17:02","guid":{"rendered":"https:\/\/consolatorio.esteri.it\/servizi-consolari-e-visti\/servizi-per-il-cittadino-italiano\/assistenza-ai-cittadini-allestero\/"},"modified":"2023-09-27T15:10:31","modified_gmt":"2023-09-27T13:10:31","slug":"assistenza-ai-cittadini-allestero","status":"publish","type":"page","link":"https:\/\/consriodejaneiro.esteri.it\/br\/servizi-consolari-e-visti\/servizi-per-il-cittadino-italiano\/assistenza-ai-cittadini-allestero\/","title":{"rendered":"Assist\u00eancia a cidad\u00e3os no estrangeiro"},"content":{"rendered":"<p><strong>Auxilio ao Cidad\u00e3o Italiano no Exterior<\/strong><\/p>\n<p>O cidad\u00e3o italiano que, estando no Brasil, venha a precisar de auxulio poder\u00e1 entrar em contato com este Consulado Geral nos seguintes casos:<\/p>\n<ul>\n<li><a href=\"https:\/\/www.esteri.it\/it\/servizi-consolari-e-visti\/italiani-all-estero\/assistenzacittadiniestero\/assistenza_detenuti\/\"><b><strong>assist\u00eancia a detentos<\/strong><\/b><\/a><\/li>\n<li><a href=\"https:\/\/www.esteri.it\/it\/servizi-consolari-e-visti\/italiani-all-estero\/assistenzacittadiniestero\/assistenza_economica\/\"><b><strong>assist\u00eancia econ\u00f4mica<\/strong><\/b><\/a><\/li>\n<li><a class=\"focus--mouse\" href=\"https:\/\/www.esteri.it\/it\/servizi-consolari-e-visti\/italiani-all-estero\/assistenzacittadiniestero\/assistenza_indiretta\/\" data-focus-mouse=\"true\"><b><strong>assist\u00eancia indireta atrav\u00e9s de Entes e Associa\u00e7\u00f5es Assist\u00eanciais<\/strong><\/b><\/a><\/li>\n<li><a href=\"https:\/\/www.esteri.it\/it\/servizi-consolari-e-visti\/italiani-all-estero\/assistenzacittadiniestero\/assistenza_sanitaria\/\"><b><strong>assist\u00eancia sanit\u00e1ria<\/strong><\/b><\/a><\/li>\n<li><a href=\"https:\/\/www.esteri.it\/it\/servizi-consolari-e-visti\/italiani-all-estero\/assistenzacittadiniestero\/assistenza_legale\/\"><b><strong>assist\u00eancia legal<\/strong><\/b><\/a><\/li>\n<li><a href=\"https:\/\/www.esteri.it\/it\/servizi-consolari-e-visti\/italiani-all-estero\/assistenzacittadiniestero\/furto_smarrimento_documenti\/\"><b><strong>assist\u00eancia em caso de furtos ou perda de documentos<\/strong><\/b><\/a><\/li>\n<li><a href=\"https:\/\/www.esteri.it\/it\/servizi-consolari-e-visti\/italiani-all-estero\/assistenzacittadiniestero\/ricerche_connazionali\/\"><b><strong>assist\u00eancia na busca por cidad\u00e3os italianos<\/strong><\/b><\/a><\/li>\n<li><a href=\"https:\/\/www.esteri.it\/it\/servizi-consolari-e-visti\/italiani-all-estero\/assistenzacittadiniestero\/rimpatri\/\"><b><strong>repatrio <\/strong><\/b><\/a><\/li>\n<li><a href=\"https:\/\/www.esteri.it\/it\/servizi-consolari-e-visti\/italiani-all-estero\/assistenzacittadiniestero\/rimpatrio_salme\/\"><b><strong>repatrio restos mortais<\/strong><\/b><\/a><\/li>\n<li><a href=\"https:\/\/www.esteri.it\/it\/servizi-consolari-e-visti\/italiani-all-estero\/assistenzacittadiniestero\/rimpatrio-sanitario\/\"><b><strong>exporta\u00e7ao de medicamentos para o exterior<\/strong><\/b><\/a><\/li>\n<\/ul>\n<p>Conforme legisla\u00e7\u00e3o vigente este departamento consular poder\u00e1 prestar assist\u00eancia tamb\u00e9m \u2013 para casos espec\u00edficos \u2013 aos cidad\u00e3os da comunidade europ\u00e9ia.<\/p>\n<p><strong>CONTATOS<\/strong><\/p>\n<p><a href=\"mailto:assistenza.riodejaneiro@esteri.ir\">riodejaneiro.sociale@esteri.it<\/a> <strong>Recomendamos que voc\u00ea leia atentamente a p\u00e1gina acima antes de nos escrever.<\/strong><\/p>\n<p><strong>Tel: 0055 21 3534-1310 \/ 1313<\/strong><\/p>\n","protected":false},"excerpt":{"rendered":"Auxilio ao Cidad\u00e3o Italiano no Exterior O cidad\u00e3o italiano que, estando no Brasil, venha a precisar de auxulio poder\u00e1 entrar em contato com este Consulado Geral nos seguintes casos: assist\u00eancia a detentos assist\u00eancia econ\u00f4mica assist\u00eancia indireta atrav\u00e9s de Entes e Associa\u00e7\u00f5es Assist\u00eanciais assist\u00eancia sanit\u00e1ria assist\u00eancia legal assist\u00eancia em caso de furtos ou perda de documentos [&hellip;]","protected":false},"author":3,"featured_media":0,"parent":98,"menu_order":0,"comment_status":"closed","ping_status":"closed","template":"","meta":{"footnotes":""},"class_list":["post-203","page","type-page","status-publish","hentry"],"_links":{"self":[{"href":"https:\/\/consriodejaneiro.esteri.it\/br\/wp-json\/wp\/v2\/pages\/203","targetHints":{"allow":["GET"]}}],"collection":[{"href":"https:\/\/consriodejaneiro.esteri.it\/br\/wp-json\/wp\/v2\/pages"}],"about":[{"href":"https:\/\/consriodejaneiro.esteri.it\/br\/wp-json\/wp\/v2\/types\/page"}],"author":[{"embeddable":true,"href":"https:\/\/consriodejaneiro.esteri.it\/br\/wp-json\/wp\/v2\/users\/3"}],"replies":[{"embeddable":true,"href":"https:\/\/consriodejaneiro.esteri.it\/br\/wp-json\/wp\/v2\/comments?post=203"}],"version-history":[{"count":2,"href":"https:\/\/consriodejaneiro.esteri.it\/br\/wp-json\/wp\/v2\/pages\/203\/revisions"}],"predecessor-version":[{"id":1137,"href":"https:\/\/consriodejaneiro.esteri.it\/br\/wp-json\/wp\/v2\/pages\/203\/revisions\/1137"}],"up":[{"embeddable":true,"href":"https:\/\/consriodejaneiro.esteri.it\/br\/wp-json\/wp\/v2\/pages\/98"}],"wp:attachment":[{"href":"https:\/\/consriodejaneiro.esteri.it\/br\/wp-json\/wp\/v2\/media?parent=203"}],"curies":[{"name":"wp","href":"https:\/\/api.w.org\/{rel}","templated":true}]}}