{"id":204,"date":"2022-12-02T19:17:30","date_gmt":"2022-12-02T18:17:30","guid":{"rendered":"https:\/\/consolatorio.esteri.it\/servizi-consolari-e-visti\/servizi-per-il-cittadino-italiano\/servizi-elettorali\/"},"modified":"2023-10-02T15:57:44","modified_gmt":"2023-10-02T13:57:44","slug":"servizi-elettorali","status":"publish","type":"page","link":"https:\/\/consriodejaneiro.esteri.it\/br\/servizi-consolari-e-visti\/servizi-per-il-cittadino-italiano\/servizi-elettorali\/","title":{"rendered":"Servi\u00e7o Eleitoral"},"content":{"rendered":"<p style=\"text-align: justify;\">Os cidad\u00e3os italianos residentes no exterior e devidamente registrados no AIRE podem exercer o direito de voto no exterior no local de resid\u00eancia para elei\u00e7\u00f5es parlamentares nacionais, para referendos revogativos e constitucionais nos termos do art. O Tribunal de Primeira Inst\u00e2ncia considerou que os artigos 75.\u00ba e 138.\u00ba da Constitui\u00e7\u00e3o e as elei\u00e7\u00f5es para o Parlamento Europeu tinham sido realizadas.<br \/>\nA vota\u00e7\u00e3o no exterior para as elei\u00e7\u00f5es e referendos nacionais \u00e9 regida pela Lei 27 de dezembro de 2001, n. 459 e pelo Regulamento de Execu\u00e7\u00e3o relativo (D.P.R. 2 de abril de 2003, n. 104), nos termos do art. 48, 56 e 57 da Constitui\u00e7\u00e3o, que estabeleceu a Circunscri\u00e7\u00e3o Estrangeira.<br \/>\nO voto no exterior para a elei\u00e7\u00e3o de representantes italianos para o Parlamento Europeu \u00e9 regido pela Lei No. 18 de 24 de janeiro de 1979 e Decreto-Lei de 24 de junho de 1994 No. 408 (convertido em Lei 3 de agosto de 1994, n. 483).<br \/>\nOs eleitores italianos residentes no exterior e devidamente registrados no AIRE tamb\u00e9m podem votar na elei\u00e7\u00e3o de representantes dos COMITES &#8211; Comit\u00eas de italianos no exterior (Lei n. 283 de 23 de outubro de 2003).<\/p>\n<p><strong>ELEI\u00c7\u00d5ES EUROPEIAS<\/strong><\/p>\n<p><a href=\"http:\/\/www.esteri.it\/MAE\/IT\/Italiani_nel_Mondo\/ServiziConsolari\/VotoEstero\/ElezioniEuropee.htm\">http:\/\/www.esteri.it\/MAE\/IT\/Italiani_nel_Mondo\/ServiziConsolari\/VotoEstero\/ElezioniEuropee.htm<\/a><\/p>\n<p style=\"text-align: justify;\"><strong>ELEI\u00c7\u00d5ES GERAIS E REFERENDOS<\/strong><br \/>\n<a href=\"http:\/\/www.esteri.it\/MAE\/IT\/Italiani_nel_Mondo\/ServiziConsolari\/VotoEstero\/ElezioniPoliticheReferendum.htm\">http:\/\/www.esteri.it\/MAE\/IT\/Italiani_nel_Mondo\/ServiziConsolari\/VotoEstero\/ElezioniPoliticheReferendum.htm<\/a><\/p>\n<p style=\"text-align: justify;\"><strong>ELEI\u00c7\u00c3O DE \u00d3RG\u00c3OS REPRESENTATIVOS DE ITALIANOS NO ESTRANGEIRO<\/strong><br \/>\n<a href=\"http:\/\/www.esteri.it\/MAE\/IT\/Italiani_nel_Mondo\/ServiziConsolari\/VotoEstero\/ElezioniOrganismiRappresentanza\/\">http:\/\/www.esteri.it\/MAE\/IT\/Italiani_nel_Mondo\/ServiziConsolari\/VotoEstero\/ElezioniOrganismiRappresentanza\/<\/a><\/p>\n<p style=\"text-align: justify;\">Para mais informa\u00e7\u00f5es, recomendamos que voc\u00ea visite as p\u00e1ginas de link no canto superior direito<\/p>\n<p style=\"text-align: justify;\"><strong><a href=\"mailto:E-mail.riodejaneiro.elettorale@esteri.it\">E-mail.\u00a0riodejaneiro.elettorale@esteri.it<\/a>\u00a0<\/strong><\/p>\n","protected":false},"excerpt":{"rendered":"Os cidad\u00e3os italianos residentes no exterior e devidamente registrados no AIRE podem exercer o direito de voto no exterior no local de resid\u00eancia para elei\u00e7\u00f5es parlamentares nacionais, para referendos revogativos e constitucionais nos termos do art. O Tribunal de Primeira Inst\u00e2ncia considerou que os artigos 75.\u00ba e 138.\u00ba da Constitui\u00e7\u00e3o e as elei\u00e7\u00f5es para o [&hellip;]","protected":false},"author":3,"featured_media":0,"parent":98,"menu_order":0,"comment_status":"closed","ping_status":"closed","template":"","meta":{"footnotes":""},"class_list":["post-204","page","type-page","status-publish","hentry"],"_links":{"self":[{"href":"https:\/\/consriodejaneiro.esteri.it\/br\/wp-json\/wp\/v2\/pages\/204","targetHints":{"allow":["GET"]}}],"collection":[{"href":"https:\/\/consriodejaneiro.esteri.it\/br\/wp-json\/wp\/v2\/pages"}],"about":[{"href":"https:\/\/consriodejaneiro.esteri.it\/br\/wp-json\/wp\/v2\/types\/page"}],"author":[{"embeddable":true,"href":"https:\/\/consriodejaneiro.esteri.it\/br\/wp-json\/wp\/v2\/users\/3"}],"replies":[{"embeddable":true,"href":"https:\/\/consriodejaneiro.esteri.it\/br\/wp-json\/wp\/v2\/comments?post=204"}],"version-history":[{"count":4,"href":"https:\/\/consriodejaneiro.esteri.it\/br\/wp-json\/wp\/v2\/pages\/204\/revisions"}],"predecessor-version":[{"id":1157,"href":"https:\/\/consriodejaneiro.esteri.it\/br\/wp-json\/wp\/v2\/pages\/204\/revisions\/1157"}],"up":[{"embeddable":true,"href":"https:\/\/consriodejaneiro.esteri.it\/br\/wp-json\/wp\/v2\/pages\/98"}],"wp:attachment":[{"href":"https:\/\/consriodejaneiro.esteri.it\/br\/wp-json\/wp\/v2\/media?parent=204"}],"curies":[{"name":"wp","href":"https:\/\/api.w.org\/{rel}","templated":true}]}}