{"id":2065,"date":"2024-01-04T16:43:24","date_gmt":"2024-01-04T15:43:24","guid":{"rendered":"https:\/\/consriodejaneiro.esteri.it\/?page_id=2065"},"modified":"2025-11-04T20:51:44","modified_gmt":"2025-11-04T19:51:44","slug":"tarifas-consulares","status":"publish","type":"page","link":"https:\/\/consriodejaneiro.esteri.it\/br\/servizi-consolari-e-visti\/servizi-per-il-cittadino-italiano\/altri-servizi\/tarifas-consulares\/","title":{"rendered":"Tarifas Consulares"},"content":{"rendered":"<p><a href=\"https:\/\/consriodejaneiro.esteri.it\/wp-content\/uploads\/2025\/11\/TARIFFE-CONSOLARI_2025_4.pdf\"><strong>Tabela das principais tarifas consulares em vigor a partir de 1 de outubro de 2025<\/strong><\/a><\/p>\n<p>Informamos que o pagamento de taxas e tarifas consulares poder\u00e1 ser efetuado com cart\u00e3o de d\u00e9bito (bandeiras VISA e MASTERCARD) diretamente nos guich\u00eas do Consulado. A comiss\u00e3o banc\u00e1ria, a cargo do interessado, \u00e9 de 2%.<\/p>\n","protected":false},"excerpt":{"rendered":"Tabela das principais tarifas consulares em vigor a partir de 1 de outubro de 2025 Informamos que o pagamento de taxas e tarifas consulares poder\u00e1 ser efetuado com cart\u00e3o de d\u00e9bito (bandeiras VISA e MASTERCARD) diretamente nos guich\u00eas do Consulado. A comiss\u00e3o banc\u00e1ria, a cargo do interessado, \u00e9 de 2%.","protected":false},"author":6,"featured_media":0,"parent":210,"menu_order":0,"comment_status":"closed","ping_status":"closed","template":"","meta":{"footnotes":""},"class_list":["post-2065","page","type-page","status-publish","hentry"],"_links":{"self":[{"href":"https:\/\/consriodejaneiro.esteri.it\/br\/wp-json\/wp\/v2\/pages\/2065","targetHints":{"allow":["GET"]}}],"collection":[{"href":"https:\/\/consriodejaneiro.esteri.it\/br\/wp-json\/wp\/v2\/pages"}],"about":[{"href":"https:\/\/consriodejaneiro.esteri.it\/br\/wp-json\/wp\/v2\/types\/page"}],"author":[{"embeddable":true,"href":"https:\/\/consriodejaneiro.esteri.it\/br\/wp-json\/wp\/v2\/users\/6"}],"replies":[{"embeddable":true,"href":"https:\/\/consriodejaneiro.esteri.it\/br\/wp-json\/wp\/v2\/comments?post=2065"}],"version-history":[{"count":6,"href":"https:\/\/consriodejaneiro.esteri.it\/br\/wp-json\/wp\/v2\/pages\/2065\/revisions"}],"predecessor-version":[{"id":6043,"href":"https:\/\/consriodejaneiro.esteri.it\/br\/wp-json\/wp\/v2\/pages\/2065\/revisions\/6043"}],"up":[{"embeddable":true,"href":"https:\/\/consriodejaneiro.esteri.it\/br\/wp-json\/wp\/v2\/pages\/210"}],"wp:attachment":[{"href":"https:\/\/consriodejaneiro.esteri.it\/br\/wp-json\/wp\/v2\/media?parent=2065"}],"curies":[{"name":"wp","href":"https:\/\/api.w.org\/{rel}","templated":true}]}}