{"id":208,"date":"2022-12-02T19:18:51","date_gmt":"2022-12-02T18:18:51","guid":{"rendered":"https:\/\/consolatorio.esteri.it\/servizi-consolari-e-visti\/servizi-per-il-cittadino-italiano\/codice-fiscale\/"},"modified":"2024-07-24T21:44:07","modified_gmt":"2024-07-24T19:44:07","slug":"codice-fiscale","status":"publish","type":"page","link":"https:\/\/consriodejaneiro.esteri.it\/br\/servizi-consolari-e-visti\/servizi-per-il-cittadino-italiano\/codice-fiscale\/","title":{"rendered":"Codice Fiscale &#8211; C\u00f3digo Fiscal"},"content":{"rendered":"<p style=\"text-align: justify;\"><strong><span style=\"text-decoration: underline;\">OS CIDAD\u00c3OS ITALIANOS<\/span> INSCRITOS NO AIRE<\/strong> na Circunscri\u00e7\u00e3o Consular deste Consulado Geral poder\u00e3o baixar diretamente o certificado de atribui\u00e7\u00e3o do c\u00f3digo fiscal atrav\u00e9s do <a href=\"https:\/\/serviziconsolari.esteri.it\/ScoFE\/index.sco\">Portal Fast It<\/a>.<\/p>\n<p style=\"text-align: justify;\"><strong><em>Como?<\/em><\/strong><\/p>\n<ol style=\"text-align: justify;\">\n<li>Acesse o Portal Fast It;<\/li>\n<li>Clique em \u201cAnagrafe Consolare e AIRE\u201d e depois em \u201c<strong>Attribuzione Codice Fiscale<\/strong>\u201d;<\/li>\n<li>Confirme os dados e inicie a solicita\u00e7\u00e3o;<\/li>\n<li>Baixe autonomamente (download) o certificado de atribui\u00e7\u00e3o do C\u00f3digo Fiscal.<\/li>\n<\/ol>\n<p style=\"text-align: justify;\"><strong>Se n\u00e3o conseguir baixar<\/strong>\u00a0o certificado de atribui\u00e7\u00e3o do C\u00f3digo Fiscal:<\/p>\n<ol style=\"text-align: justify;\">\n<li>Registre-se no portal\u00a0<a href=\"https:\/\/serviziconsolari.esteri.it\/ScoFE\/index.sco\">FAST IT<\/a>, ou acesse se j\u00e1 tiver uma conta ativa;<\/li>\n<li>Solicite a \u201cAssocia\u00e7\u00e3o Online\u201d clicando em \u201cAnagrafe Consolare e AIRE\u201d e depois em \u201cVisualizzare la propria scheda anagrafica\u201d;<\/li>\n<li>Em at\u00e9 2 dias \u00fateis ap\u00f3s a solicita\u00e7\u00e3o, voc\u00ea receber\u00e1 na sua caixa de correio a mensagem de confirma\u00e7\u00e3o da associa\u00e7\u00e3o.<\/li>\n<li>Acesse novamente o portal e baixe o certificado.<\/li>\n<\/ol>\n<p style=\"text-align: justify;\"><span style=\"text-decoration: underline;\"><strong>OS CIDAD\u00c3OS ESTRANGEIROS\u00a0 <\/strong><\/span>que residem nesta circunscri\u00e7\u00e3o consular e\u00a0<strong>que precisem ir \u00e0 It\u00e1lia\u00a0<\/strong>poder\u00e3o obter o C\u00f3digo Fiscal diretamente no Sportello Unico per l\u2019Immigrazione ou na Agenzia delle Entrate competente territorialmente. Mais informa\u00e7\u00f5es est\u00e3o dispon\u00edveis\u00a0<a href=\"https:\/\/consriodejaneiro.esteri.it\/wp-content\/uploads\/2024\/07\/Folder_CodiceFiscaleStranieri_Portoghese_ALL.1.pdf\"><strong>aqui<\/strong>.<\/a><\/p>\n<p style=\"text-align: justify;\"><strong>Os estrangeiros que, mesmo n\u00e3o tendo que ir \u00e0 It\u00e1lia, precisem do C\u00f3digo Fiscal<\/strong> poder\u00e3o contatar este Consulado Geral por e-mail (<strong><a href=\"mailto:riodejaneiro.cf@esteri.it\">riodejaneiro.cf@esteri.it<\/a><\/strong>) enviando um\u00a0<strong>pedido motivado e acompanhado dos seguintes documentos<\/strong>:<\/p>\n<ul style=\"text-align: justify;\">\n<li>O\u00a0<a href=\"https:\/\/consriodejaneiro.esteri.it\/wp-content\/uploads\/2024\/07\/modello-editabile-AA4_8_AA4-8-ita_ALL.2.pdf\"><strong>formul\u00e1rio<\/strong><\/a>\u00a0preenchido de acordo com as\u00a0<a href=\"https:\/\/consriodejaneiro.esteri.it\/wp-content\/uploads\/2024\/07\/instrucoes_codigo_fiscal.pdf\"><strong>instru\u00e7\u00f5es correspondentes<\/strong>;<\/a><\/li>\n<li>C\u00f3pia do passaporte v\u00e1lido;<\/li>\n<li>Comprovante de endere\u00e7o em seu nome, recente.<\/li>\n<\/ul>\n<p><strong>Pedido de menores:<\/strong> no caso de menores ser\u00e1 necess\u00e1rio enviar, al\u00e9m do documento de identidade do progenitor &#8220;italiano&#8221; requerente que dever\u00e1 assinar o Requerimento, tamb\u00e9m o documento de identidade do menor (ou outro documento como certid\u00e3o de nascimento ) em formato PDF, no qual s\u00e3o indicados os nomes dos pais para comprovar que o requerente tem o direito de agir em nome do menor. Neste caso o comprovante de resid\u00eancia dever\u00e1 ser registrado em nome do genitor solicitante.<\/p>\n<p><strong>O servi\u00e7o \u00e9 gratuito<\/strong> e est\u00e1 reservado aos particulares residentes exclusivamente neste distrito consular, que inclui o Estado do Rio de Janeiro e o Esp\u00edrito Santo.<\/p>\n<p><strong>Para o que serve o Codice Fiscale? <\/strong>Serve para identificar a pessoa f\u00edsica, contribuinte do fisco italiano, nas suas rela\u00e7\u00f5es com \u00f3rg\u00e3os privados e\/ou com a P\u00fablica Administra\u00e7\u00e3o italiana.<\/p>\n<p><strong>O Codice Fiscale serve para a obten\u00e7\u00e3o da cidadania italiana e para a emiss\u00e3o do passaporte? <\/strong>N\u00e3o. A an\u00e1lise da documenta\u00e7\u00e3o para o reconhecimento da cidadania n\u00e3o requer, em nenhum momento, o codice fiscale.<\/p>\n<p><strong>\u00c9 necess\u00e1rio possui o Codice Fiscale se vou a TURISMO para a It\u00e1lia? <\/strong>N\u00e3o.<\/p>\n<p><strong>Em quais casos \u00e9 aconselhado aos estrangeiros a solicita\u00e7\u00e3o do Codice Fiscale italiano? <\/strong>Para os estrangeiros que estejam de mudan\u00e7a para o territ\u00f3rio italiano por motivos de trabalho, reuni\u00e3o familiar ou estudo e que solicitar\u00e3o a emiss\u00e3o\/renova\u00e7\u00e3o do permesso di soggiorno. \u00c9 \u00fatil tamb\u00e9m para os estrangeiros que precisem de uma posi\u00e7\u00e3o fiscal para eventuais neg\u00f3cios.<\/p>\n<p>OS PEDIDOS QUE N\u00c3O CUMPRAM O PROCEDIMENTO OU QUE N\u00c3O APRESENTEM OS ANEXOS NECESS\u00c1RIOS E EM FORMATO PDF N\u00c3O PODER\u00c3O SER PROCESSADOS.<\/p>\n","protected":false},"excerpt":{"rendered":"OS CIDAD\u00c3OS ITALIANOS INSCRITOS NO AIRE na Circunscri\u00e7\u00e3o Consular deste Consulado Geral poder\u00e3o baixar diretamente o certificado de atribui\u00e7\u00e3o do c\u00f3digo fiscal atrav\u00e9s do Portal Fast It. Como? Acesse o Portal Fast It; Clique em \u201cAnagrafe Consolare e AIRE\u201d e depois em \u201cAttribuzione Codice Fiscale\u201d; Confirme os dados e inicie a solicita\u00e7\u00e3o; Baixe autonomamente (download) [&hellip;]","protected":false},"author":3,"featured_media":0,"parent":98,"menu_order":0,"comment_status":"closed","ping_status":"closed","template":"","meta":{"footnotes":""},"class_list":["post-208","page","type-page","status-publish","hentry"],"_links":{"self":[{"href":"https:\/\/consriodejaneiro.esteri.it\/br\/wp-json\/wp\/v2\/pages\/208","targetHints":{"allow":["GET"]}}],"collection":[{"href":"https:\/\/consriodejaneiro.esteri.it\/br\/wp-json\/wp\/v2\/pages"}],"about":[{"href":"https:\/\/consriodejaneiro.esteri.it\/br\/wp-json\/wp\/v2\/types\/page"}],"author":[{"embeddable":true,"href":"https:\/\/consriodejaneiro.esteri.it\/br\/wp-json\/wp\/v2\/users\/3"}],"replies":[{"embeddable":true,"href":"https:\/\/consriodejaneiro.esteri.it\/br\/wp-json\/wp\/v2\/comments?post=208"}],"version-history":[{"count":6,"href":"https:\/\/consriodejaneiro.esteri.it\/br\/wp-json\/wp\/v2\/pages\/208\/revisions"}],"predecessor-version":[{"id":3129,"href":"https:\/\/consriodejaneiro.esteri.it\/br\/wp-json\/wp\/v2\/pages\/208\/revisions\/3129"}],"up":[{"embeddable":true,"href":"https:\/\/consriodejaneiro.esteri.it\/br\/wp-json\/wp\/v2\/pages\/98"}],"wp:attachment":[{"href":"https:\/\/consriodejaneiro.esteri.it\/br\/wp-json\/wp\/v2\/media?parent=208"}],"curies":[{"name":"wp","href":"https:\/\/api.w.org\/{rel}","templated":true}]}}