{"id":2472,"date":"2024-03-27T16:27:04","date_gmt":"2024-03-27T15:27:04","guid":{"rendered":"https:\/\/consriodejaneiro.esteri.it\/?page_id=2472"},"modified":"2026-03-11T20:27:33","modified_gmt":"2026-03-11T19:27:33","slug":"polo-cultural-italianorio","status":"publish","type":"page","link":"https:\/\/consriodejaneiro.esteri.it\/br\/chi-siamo\/la-sede\/polo-cultural-italianorio\/","title":{"rendered":"Polo Cultural ITALIANORIO"},"content":{"rendered":"<p>Por iniciativa conjunta do Consulado Geral de It\u00e1lia, do Instituto Italiano de Cultura e do Instituto Europeu de Design, foi criado no r\u00e9s do ch\u00e3o da Casa d&#8217;Italia o<strong> Polo Cultural ITALIANORIO.<\/strong><\/p>\n<p>Trata-se de um espa\u00e7o multifuncional e multim\u00eddia, concebido para acolher exposi\u00e7\u00f5es de equipas, workshops, confer\u00eancias, apresenta\u00e7\u00f5es e mostras de produtos italianos. Uma infraestrutura importante e estrat\u00e9gica para a promo\u00e7\u00e3o da excel\u00eancia econ\u00f3mica, cultural, art\u00edstica e de inova\u00e7\u00e3o tecnol\u00f3gica italiana no Estado do Rio, <strong>uma verdadeira vitrine permanente<\/strong> <strong>do <em>Made in Italy<\/em><\/strong> ao servi\u00e7o de todo o Sistema Italiano no Estado do Rio de Janeiro.<\/p>\n<p>NO DIA <strong>19 DE MAR\u00c7O<\/strong> A ABERTURA DA NOVA COZINHA DE ENOGASTRONOMIA ITALIANA &#8220;<strong>CUCINA<\/strong>&#8220;.<\/p>\n<p><img loading=\"lazy\" decoding=\"async\" class=\"alignnone wp-image-2464 img-fluid\" src=\"https:\/\/consriodejaneiro.esteri.it\/wp-content\/uploads\/2024\/03\/E523FD78-D35A-4C09-9187-7893F99686EF_L0_001-27_02_2024-10-17-46-1-300x199.jpg\" alt=\"\" width=\"231\" height=\"153\" srcset=\"https:\/\/consriodejaneiro.esteri.it\/wp-content\/uploads\/2024\/03\/E523FD78-D35A-4C09-9187-7893F99686EF_L0_001-27_02_2024-10-17-46-1-300x199.jpg 300w, https:\/\/consriodejaneiro.esteri.it\/wp-content\/uploads\/2024\/03\/E523FD78-D35A-4C09-9187-7893F99686EF_L0_001-27_02_2024-10-17-46-1-1024x678.jpg 1024w, https:\/\/consriodejaneiro.esteri.it\/wp-content\/uploads\/2024\/03\/E523FD78-D35A-4C09-9187-7893F99686EF_L0_001-27_02_2024-10-17-46-1-768x508.jpg 768w, https:\/\/consriodejaneiro.esteri.it\/wp-content\/uploads\/2024\/03\/E523FD78-D35A-4C09-9187-7893F99686EF_L0_001-27_02_2024-10-17-46-1.jpg 1600w\" sizes=\"auto, (max-width: 231px) 100vw, 231px\" \/> \u00a0\u00a0\u00a0\u00a0\u00a0\u00a0\u00a0\u00a0\u00a0 <img loading=\"lazy\" decoding=\"async\" class=\"alignnone wp-image-2468 img-fluid\" src=\"https:\/\/consriodejaneiro.esteri.it\/wp-content\/uploads\/2024\/03\/8F9C3C97-3EA9-45BF-A2D1-3B6D73FF7BC6_L0_001-27_02_2024-10-18-11-2-300x188.jpg\" alt=\"\" width=\"243\" height=\"152\" srcset=\"https:\/\/consriodejaneiro.esteri.it\/wp-content\/uploads\/2024\/03\/8F9C3C97-3EA9-45BF-A2D1-3B6D73FF7BC6_L0_001-27_02_2024-10-18-11-2-300x188.jpg 300w, https:\/\/consriodejaneiro.esteri.it\/wp-content\/uploads\/2024\/03\/8F9C3C97-3EA9-45BF-A2D1-3B6D73FF7BC6_L0_001-27_02_2024-10-18-11-2-1024x641.jpg 1024w, https:\/\/consriodejaneiro.esteri.it\/wp-content\/uploads\/2024\/03\/8F9C3C97-3EA9-45BF-A2D1-3B6D73FF7BC6_L0_001-27_02_2024-10-18-11-2-768x481.jpg 768w, https:\/\/consriodejaneiro.esteri.it\/wp-content\/uploads\/2024\/03\/8F9C3C97-3EA9-45BF-A2D1-3B6D73FF7BC6_L0_001-27_02_2024-10-18-11-2.jpg 1600w\" sizes=\"auto, (max-width: 243px) 100vw, 243px\" \/><\/p>\n<p><strong>Hor\u00e1rio de abertura:<\/strong> de segunda a sexta-feira, das 7h30 \u00e0s 16h30 &#8211; s\u00e1bado, das 9h \u00e0s 12h30<\/p>\n<p><strong>Localiza\u00e7\u00e3o<\/strong>: Casa de It\u00e1lia<\/p>\n<p><strong>Endere\u00e7o<\/strong>: Av. Pres. Ant\u00f4nio Carlos, 40 &#8211; Centro, Rio de Janeiro<\/p>\n<p><strong>Classifica\u00e7\u00e3o<\/strong>: Todas as idades<\/p>\n<p><strong>Entrada Franca<\/strong><\/p>\n<p>******<\/p>\n<div class=\"entry-content\">\n<p><strong>DIMENS\u00d5ES E CAPACIDADES<\/strong><\/p>\n<ul>\n<li><strong>Superf\u00edcie t\u00e9rreo<\/strong>: 200 m\u00b2<\/li>\n<li><strong>Superf\u00edcie sala exposi\u00e7\u00f5es<\/strong>: 120 m\u00b2<\/li>\n<li><strong>Capacidade<\/strong>: 120 pessoas<\/li>\n<\/ul>\n<p><strong>Conectividade:\u00a0 <\/strong>Wi-Fi TIM BRASIL<\/p>\n<p><a href=\"https:\/\/consriodejaneiro.esteri.it\/wp-content\/uploads\/2026\/03\/Tariffario-POLO-2026-PT.pdf\">TARIF\u00c1RIO POLO 2026 <\/a><\/p>\n<p>MOBILI<\/p>\n<p><a href=\"https:\/\/consriodejaneiro.esteri.it\/wp-content\/uploads\/2025\/01\/0-piano-terra-NEW.pdf\">PLANTA<\/a><\/p>\n<p>E-mail:\u00a0<a href=\"mailto:riodejaneiro.eventi@esteri.it\">riodejaneiro.eventi@esteri.it\u00a0<\/a><\/p>\n<\/div>\n<p>&nbsp;<\/p>\n","protected":false},"excerpt":{"rendered":"Por iniciativa conjunta do Consulado Geral de It\u00e1lia, do Instituto Italiano de Cultura e do Instituto Europeu de Design, foi criado no r\u00e9s do ch\u00e3o da Casa d&#8217;Italia o Polo Cultural ITALIANORIO. Trata-se de um espa\u00e7o multifuncional e multim\u00eddia, concebido para acolher exposi\u00e7\u00f5es de equipas, workshops, confer\u00eancias, apresenta\u00e7\u00f5es e mostras de produtos italianos. Uma infraestrutura [&hellip;]","protected":false},"author":6,"featured_media":0,"parent":89,"menu_order":0,"comment_status":"closed","ping_status":"closed","template":"","meta":{"footnotes":""},"class_list":["post-2472","page","type-page","status-publish","hentry"],"_links":{"self":[{"href":"https:\/\/consriodejaneiro.esteri.it\/br\/wp-json\/wp\/v2\/pages\/2472","targetHints":{"allow":["GET"]}}],"collection":[{"href":"https:\/\/consriodejaneiro.esteri.it\/br\/wp-json\/wp\/v2\/pages"}],"about":[{"href":"https:\/\/consriodejaneiro.esteri.it\/br\/wp-json\/wp\/v2\/types\/page"}],"author":[{"embeddable":true,"href":"https:\/\/consriodejaneiro.esteri.it\/br\/wp-json\/wp\/v2\/users\/6"}],"replies":[{"embeddable":true,"href":"https:\/\/consriodejaneiro.esteri.it\/br\/wp-json\/wp\/v2\/comments?post=2472"}],"version-history":[{"count":6,"href":"https:\/\/consriodejaneiro.esteri.it\/br\/wp-json\/wp\/v2\/pages\/2472\/revisions"}],"predecessor-version":[{"id":6654,"href":"https:\/\/consriodejaneiro.esteri.it\/br\/wp-json\/wp\/v2\/pages\/2472\/revisions\/6654"}],"up":[{"embeddable":true,"href":"https:\/\/consriodejaneiro.esteri.it\/br\/wp-json\/wp\/v2\/pages\/89"}],"wp:attachment":[{"href":"https:\/\/consriodejaneiro.esteri.it\/br\/wp-json\/wp\/v2\/media?parent=2472"}],"curies":[{"name":"wp","href":"https:\/\/api.w.org\/{rel}","templated":true}]}}