{"id":2485,"date":"2024-04-05T15:02:53","date_gmt":"2024-04-05T13:02:53","guid":{"rendered":"https:\/\/consriodejaneiro.esteri.it\/?page_id=2485"},"modified":"2024-04-08T21:00:15","modified_gmt":"2024-04-08T19:00:15","slug":"made-in-italy-esporte-design-e-inovacao","status":"publish","type":"page","link":"https:\/\/consriodejaneiro.esteri.it\/br\/chi-siamo\/la-sede\/polo-cultural-italianorio\/made-in-italy-esporte-design-e-inovacao\/","title":{"rendered":"MADE IN ITALY &#8211; Esporte, Design e Inova\u00e7\u00e3o"},"content":{"rendered":"<p style=\"text-align: justify;\"><em><img loading=\"lazy\" decoding=\"async\" class=\"wp-image-2525 img-fluid aligncenter\" src=\"https:\/\/consriodejaneiro.esteri.it\/wp-content\/uploads\/2024\/04\/MADE-IN-ITALY-2-300x134.png\" alt=\"\" width=\"350\" height=\"156\" srcset=\"https:\/\/consriodejaneiro.esteri.it\/wp-content\/uploads\/2024\/04\/MADE-IN-ITALY-2-300x134.png 300w, https:\/\/consriodejaneiro.esteri.it\/wp-content\/uploads\/2024\/04\/MADE-IN-ITALY-2.png 575w\" sizes=\"auto, (max-width: 350px) 100vw, 350px\" \/><\/em><\/p>\n<p style=\"text-align: justify;\"><em>O Made in Italy \u00e9 uma marca distintiva que representa a excel\u00eancia e a qualidade dos produtos italianos em todo o mundo.<\/em> <em>N\u00e3o se refere apenas \u00e0 origem geogr\u00e1fica, mas tamb\u00e9m a um conjunto de valores e tradi\u00e7\u00f5es que caracterizam a produ\u00e7\u00e3o italiana.<\/em> <em>\u00c9 sin\u00f3nimo de design inovador, artesanato de alta qualidade, aten\u00e7\u00e3o aos detalhes e sustentabilidade ambiental.<\/em><\/p>\n<p style=\"text-align: justify;\"><em>Em dezembro de 2023, o Governo italiano instituiu o Dia Nacional do Made in Italy, com o objetivo de valorizar e promover, em It\u00e1lia e no estrangeiro, a produ\u00e7\u00e3o de excel\u00eancia, o patrim\u00f3nio cultural e o saber-fazer italiano.<\/em> <em>O dia 15 de abril foi escolhido como data para homenagear o nascimento de Leonardo Da Vinci, uma das mais importantes figuras italianas do Renascimento<\/em>.<\/p>\n<p>No passado m\u00eas de fevereiro, a Dire\u00e7\u00e3o Geral para a Promo\u00e7\u00e3o do Sistema Pa\u00eds do Minist\u00e9rio dos Neg\u00f3cios Estrangeiros e da Coopera\u00e7\u00e3o Internacional premiou e financiou o projeto conjunto do <strong>Consulado Geral de It\u00e1lia no Rio de Janeiro<\/strong> e da <strong>Ag\u00eancia Comercial Italiana Brasil<\/strong>, com o objetivo de expor no <strong>P\u00f3lo ItaliaNoRio<\/strong> algumas <strong>excel\u00eancias<\/strong> representativas <strong>do Made in Italy e do design italiano no campo do Esporte<\/strong>. A exposi\u00e7\u00e3o, que conta com a colabora\u00e7\u00e3o do IIC Rio de Janeiro, do CONI Brasil e do IED, pode ser visitada de 16 de abril a 15 de junho.<\/p>\n<p>&nbsp;<\/p>\n<p><strong>CALEND\u00c1RIO DE EVENTOS DISPON\u00cdVEL AQU<\/strong><strong>I: <a href=\"https:\/\/consriodejaneiro.esteri.it\/wp-content\/uploads\/2024\/04\/calendario-1.pdf\">calendario<\/a><\/strong><\/p>\n<p>&#8212;&#8212;&#8212;&#8212;&#8212;&#8212;&#8212;&#8212;&#8211;<\/p>\n<p><strong>Visita ao showroom Made in Italy:<\/strong> de 16 de abril a 15 de junho<\/p>\n<p><strong>Visita \u00e0 Praia It\u00e1lia: <\/strong>de 16 de abril a 15 de maio<\/p>\n<p><strong>Hor\u00e1rio de visita:<\/strong> de segunda a sexta-feira, das 7h30 \u00e0s 16h30 e s\u00e1bado das 9h \u00e0s 13h<\/p>\n<p><strong>Local: <\/strong>Casa d&#8217;Italia \/ Pra\u00e7a It\u00e1lia<\/p>\n<p><strong>Endere\u00e7o:<\/strong> Av. Pres. Ant\u00f4nio Carlos, 40 &#8211; Centro, Rio de Janeiro (RJ)<\/p>\n<p><strong>ENTRADA GRATUITA<\/strong><\/p>\n<p><u><strong>Parceiros T\u00e9cnicos<\/strong><\/u><\/p>\n<p>Technogym, Pinarello, KASK, Luxottica, MBT, Zona Sul<\/p>\n<p><u><strong>Parceiros Institucionais<\/strong><\/u><\/p>\n<p>CONI Brasil, Minist\u00e9rio das Empresas e do Made in Italy (MIMIT)<\/p>\n","protected":false},"excerpt":{"rendered":"O Made in Italy \u00e9 uma marca distintiva que representa a excel\u00eancia e a qualidade dos produtos italianos em todo o mundo. N\u00e3o se refere apenas \u00e0 origem geogr\u00e1fica, mas tamb\u00e9m a um conjunto de valores e tradi\u00e7\u00f5es que caracterizam a produ\u00e7\u00e3o italiana. \u00c9 sin\u00f3nimo de design inovador, artesanato de alta qualidade, aten\u00e7\u00e3o aos detalhes [&hellip;]","protected":false},"author":6,"featured_media":0,"parent":2472,"menu_order":0,"comment_status":"closed","ping_status":"closed","template":"","meta":{"footnotes":""},"class_list":["post-2485","page","type-page","status-publish","hentry"],"_links":{"self":[{"href":"https:\/\/consriodejaneiro.esteri.it\/br\/wp-json\/wp\/v2\/pages\/2485","targetHints":{"allow":["GET"]}}],"collection":[{"href":"https:\/\/consriodejaneiro.esteri.it\/br\/wp-json\/wp\/v2\/pages"}],"about":[{"href":"https:\/\/consriodejaneiro.esteri.it\/br\/wp-json\/wp\/v2\/types\/page"}],"author":[{"embeddable":true,"href":"https:\/\/consriodejaneiro.esteri.it\/br\/wp-json\/wp\/v2\/users\/6"}],"replies":[{"embeddable":true,"href":"https:\/\/consriodejaneiro.esteri.it\/br\/wp-json\/wp\/v2\/comments?post=2485"}],"version-history":[{"count":5,"href":"https:\/\/consriodejaneiro.esteri.it\/br\/wp-json\/wp\/v2\/pages\/2485\/revisions"}],"predecessor-version":[{"id":2560,"href":"https:\/\/consriodejaneiro.esteri.it\/br\/wp-json\/wp\/v2\/pages\/2485\/revisions\/2560"}],"up":[{"embeddable":true,"href":"https:\/\/consriodejaneiro.esteri.it\/br\/wp-json\/wp\/v2\/pages\/2472"}],"wp:attachment":[{"href":"https:\/\/consriodejaneiro.esteri.it\/br\/wp-json\/wp\/v2\/media?parent=2485"}],"curies":[{"name":"wp","href":"https:\/\/api.w.org\/{rel}","templated":true}]}}