{"id":307,"date":"2023-05-24T23:03:37","date_gmt":"2023-05-24T21:03:37","guid":{"rendered":"https:\/\/consolatorio.esteri.it\/?page_id=307"},"modified":"2023-05-24T23:19:24","modified_gmt":"2023-05-24T21:19:24","slug":"apostila-da-haia-e-tradutores-juramentados","status":"publish","type":"page","link":"https:\/\/consriodejaneiro.esteri.it\/br\/servizi-consolari-e-visti\/servizi-per-il-cittadino-italiano\/stato-civile\/apostila-da-haia-e-tradutores-juramentados\/","title":{"rendered":"Apostila da Haia e tradutores juramentados"},"content":{"rendered":"<p style=\"text-align: justify;\">No dia 14 de agosto de 2016 entrou em vigor para o Brasil a Conven\u00e7\u00e3o da Haia, acordo estabelecido pela Confer\u00eancia da Haia de Direito Internacional Privado (HCCH), relativa \u00e0 supress\u00e3o da exig\u00eancia da legaliza\u00e7\u00e3o dos atos p\u00fablicos estrangeiros, assinada em 05 de outubro de 1961.<\/p>\n<p style=\"text-align: justify;\">A partir desta data, a legaliza\u00e7\u00e3o consular dos atos p\u00fablicos brasileiros \u2013 em base \u00e0 Resolu\u00e7\u00e3o do Conselho Nacional de Justi\u00e7a no 228 de 22 de junho de 2016 \u2013 foi substitu\u00edda pelo instrumento da \u201cApostila\u201d utilizada por parte dos Cart\u00f3rios das Capitais Estaduais indicados no Site\u00a0<a href=\"http:\/\/www.cnj.jus.br\/haia\">www.cnj.jus.br\/haia<\/a>\u00a0.<\/p>\n<p style=\"text-align: justify;\">A Apostila \u00e9 uma anota\u00e7\u00e3o com a qual os Cart\u00f3rios habilitados autenticam e confirmam a validade do ato p\u00fablico estrangeiro, eliminando a necessidade da legaliza\u00e7\u00e3o consular.<\/p>\n<p style=\"text-align: justify;\">A Apostila \u00e9 outrossim aplicada \u00e0s tradu\u00e7\u00f5es dos pr\u00f3prios atos p\u00fablicos, apenas com a condi\u00e7\u00e3o que a tradu\u00e7\u00e3o seja realizada por Tradutor P\u00fablico Juramentado inclu\u00eddo nas listagens elaboradas pelas Juntas Comerciais de cada Estado da Federa\u00e7\u00e3o.<\/p>\n<p style=\"text-align: justify;\">As listas s\u00e3o publicadas nos web-sites das Juntas Comerciais de cada Estado (sites acess\u00edveis tamb\u00e9m na \u00e1rea &#8220;Para saber mais&#8221; desta mesma p\u00e1gina).<\/p>\n<p style=\"text-align: justify;\">Indicamos a seguir os links relacionados:<\/p>\n<p style=\"text-align: justify;\">Tradutores P\u00fablicos presentes no web-site da Junta Comercial do Estado de\u00a0<a href=\"https:\/\/www.jucerja.rj.gov.br\/AuxiliaresComercio\/Tradutores\">RIO DE JANEIRO<\/a><\/p>\n<p style=\"text-align: justify;\">Tradutores P\u00fablicos presentes no web-site da Junta Comercial do Estado de\u00a0<a href=\"https:\/\/jucees.es.gov.br\/tradutores-publicos-e-interpretes\">ESPIRITO SANTO<\/a><\/p>\n<p style=\"text-align: justify;\">\n<p style=\"text-align: justify;\">Ao utilizar os servi\u00e7os dos Tradutores P\u00fablicos Juramentados das Juntas Comerciais, n\u00e3o \u00e9 mais necess\u00e1rio procurar os Consulados.<\/p>\n<p style=\"text-align: justify;\">O ato p\u00fablico brasileiro ser\u00e1 reconhecido e considerado v\u00e1lido na It\u00e1lia gra\u00e7as \u00e0 Apostila colocada no documento e em sua tradu\u00e7\u00e3o juramentada.<\/p>\n","protected":false},"excerpt":{"rendered":"No dia 14 de agosto de 2016 entrou em vigor para o Brasil a Conven\u00e7\u00e3o da Haia, acordo estabelecido pela Confer\u00eancia da Haia de Direito Internacional Privado (HCCH), relativa \u00e0 supress\u00e3o da exig\u00eancia da legaliza\u00e7\u00e3o dos atos p\u00fablicos estrangeiros, assinada em 05 de outubro de 1961. A partir desta data, a legaliza\u00e7\u00e3o consular dos atos [&hellip;]","protected":false},"author":6,"featured_media":0,"parent":202,"menu_order":0,"comment_status":"closed","ping_status":"closed","template":"","meta":{"footnotes":""},"class_list":["post-307","page","type-page","status-publish","hentry"],"_links":{"self":[{"href":"https:\/\/consriodejaneiro.esteri.it\/br\/wp-json\/wp\/v2\/pages\/307","targetHints":{"allow":["GET"]}}],"collection":[{"href":"https:\/\/consriodejaneiro.esteri.it\/br\/wp-json\/wp\/v2\/pages"}],"about":[{"href":"https:\/\/consriodejaneiro.esteri.it\/br\/wp-json\/wp\/v2\/types\/page"}],"author":[{"embeddable":true,"href":"https:\/\/consriodejaneiro.esteri.it\/br\/wp-json\/wp\/v2\/users\/6"}],"replies":[{"embeddable":true,"href":"https:\/\/consriodejaneiro.esteri.it\/br\/wp-json\/wp\/v2\/comments?post=307"}],"version-history":[{"count":1,"href":"https:\/\/consriodejaneiro.esteri.it\/br\/wp-json\/wp\/v2\/pages\/307\/revisions"}],"predecessor-version":[{"id":308,"href":"https:\/\/consriodejaneiro.esteri.it\/br\/wp-json\/wp\/v2\/pages\/307\/revisions\/308"}],"up":[{"embeddable":true,"href":"https:\/\/consriodejaneiro.esteri.it\/br\/wp-json\/wp\/v2\/pages\/202"}],"wp:attachment":[{"href":"https:\/\/consriodejaneiro.esteri.it\/br\/wp-json\/wp\/v2\/media?parent=307"}],"curies":[{"name":"wp","href":"https:\/\/api.w.org\/{rel}","templated":true}]}}