{"id":3080,"date":"2024-07-08T19:53:17","date_gmt":"2024-07-08T17:53:17","guid":{"rendered":"https:\/\/consriodejaneiro.esteri.it\/?page_id=3080"},"modified":"2025-07-01T19:40:52","modified_gmt":"2025-07-01T17:40:52","slug":"carteira-de-identidade-eletronica-cie","status":"publish","type":"page","link":"https:\/\/consriodejaneiro.esteri.it\/br\/servizi-consolari-e-visti\/servizi-per-il-cittadino-italiano\/carteira-de-identidade-eletronica-cie\/","title":{"rendered":"Carteira de identidade eletr\u00f4nica \u2013 CIE"},"content":{"rendered":"<p style=\"text-align: justify;\"><strong>REQUISITOS para requerer uma carteira de identidade eletr\u00f4nica:<\/strong><\/p>\n<ol style=\"text-align: justify;\">\n<li>Ser cidad\u00e3o\/a italiano\/a;<\/li>\n<li>Inscri\u00e7\u00e3o atualizada\u00a0<a href=\"https:\/\/consriodejaneiro.esteri.it\/br\/servizi-consolari-e-visti\/servizi-per-il-cittadino-italiano\/anagrafe-degli-italiani-residenti-allestero-aire\/\">no AIRE<\/a>. O cidad\u00e3o italiano que n\u00e3o estiver inscrito no AIRE deve, em primeiro lugar, regularizar o seu registo civil atrav\u00e9s do\u00a0<a href=\"https:\/\/serviziconsolari.esteri.it\/ScoFE\/index.sco\">portal FAST-IT<\/a>\u00a0e aguardar a sua inscri\u00e7\u00e3o no munic\u00edpio italiano competente antes de apresentar o pedido. Para efeitos de inscri\u00e7\u00e3o na base de dados A.I.R.E., \u00e9 indispens\u00e1vel, para os cidad\u00e3os italianos nascidos no exterior, que a certid\u00e3o de nascimento j\u00e1 esteja transcrita nos registos de estado civil do munic\u00edpio;<\/li>\n<li>Resid\u00eancia na circunscri\u00e7\u00e3o consular do Consulado Geral da Italia em Rio de Janeiro (Rio de Janeiro e Espirito Santo)<\/li>\n<li><a href=\"https:\/\/consriodejaneiro.esteri.it\/wp-content\/uploads\/2023\/05\/atto_di_assenso_-__minore.ok-2.docx\">Atto de assenso<\/a>\u00a0de ambos os pais (se o requerente da CIE for menor de idade).<\/li>\n<\/ol>\n<p style=\"text-align: justify;\"><strong>COMO requerer a CIE:<\/strong><\/p>\n<p style=\"text-align: justify;\">A nova Carteira de Identidade Eletr\u00f4nica pode ser solicitada, mediante marca\u00e7\u00e3o pr\u00e9via, atrav\u00e9s da\u00a0<a href=\"https:\/\/prenotami.esteri.it\/\">plataforma PRENOT@MI<\/a>. Numa primeira fase de transi\u00e7\u00e3o, o n\u00famero de marca\u00e7\u00f5es dispon\u00edveis ser\u00e1 limitado. Ser\u00e1 poss\u00edvel efetuar o pedido at\u00e9 um <strong>m\u00e1ximo de duas pessoas do mesmo n\u00facleo familiar\u00a0<\/strong> (requerente + c\u00f4njuge ou filho menor),\u00a0 especificando-o no campo observa\u00e7\u00f5es e anexando a documenta\u00e7\u00e3o pertinente relativa a todos os interessados. No caso de solicita\u00e7\u00e3o de filhos menores, que dever\u00e3o ser presentes no Consulado, dever\u00e3o tamb\u00e9m ambos os pais estar presentes no dia do agendamento.<\/p>\n<p style=\"text-align: justify;\">Este Consulado Geral pode sempre proceder \u00e0 anula\u00e7\u00e3o autom\u00e1tica do agendamento em caso de falta ou incompletude dos documentos comprovativos, informando o interessado dos motivos da recusa.<\/p>\n<p style=\"text-align: justify;\"><strong>DOCUMENTOS a apresentar no dia da marca\u00e7\u00e3o:<\/strong><\/p>\n<ol style=\"text-align: justify;\">\n<li>Uma fotografia padr\u00e3o ICAO (recente, de frente, fundo branco, colorida e formato 35 x 45 mm);<\/li>\n<li>Carteira de identidade italiana ou passaporte italiano v\u00e1lido. Na falta destes, um documento de identifica\u00e7\u00e3o brasileiro (Passaporte v\u00e1lido; RG com menos de 10 anos; CNH se emitida ap\u00f3s junho de 2022);<\/li>\n<li>Comprovante de resid\u00eancia na circunscri\u00e7\u00e3o consular com base nos documentos\u00a0<a href=\"https:\/\/consriodejaneiro.esteri.it\/it\/servizi-consolari-e-visti\/servizi-per-il-cittadino-italiano\/passaporti-e-carte-didentita\/documenti-necessari-per-la-richiesta-di-passaporto-cittadini-senza-figli-o-con-figli-maggiorenni\/\">aqui indicados<\/a>;<\/li>\n<li><a href=\"https:\/\/consriodejaneiro.esteri.it\/wp-content\/uploads\/2023\/05\/atto_di_assenso_-__minore.ok-2.docx\">Atto de assenso<\/a>\u00a0assinado por ambos os pais, caso o requerente seja menor de 18 anos;<\/li>\n<li>Cart\u00e3o de d\u00e9bito para pagamento em reais. <a href=\"https:\/\/consriodejaneiro.esteri.it\/br\/servizi-consolari-e-visti\/servizi-per-il-cittadino-italiano\/altri-servizi\/tarifas-consulares\/\">Confira aqui o valor<\/a><\/li>\n<\/ol>\n<p style=\"text-align: justify;\"><strong>IMPORTANTE<\/strong><\/p>\n<ul style=\"text-align: justify;\">\n<li>A\u00a0<strong>presen\u00e7a<\/strong>\u00a0do\u00a0<strong>requerente<\/strong>\u00a0no balc\u00e3o consular \u00e9\u00a0<strong>obrigat\u00f3ria <\/strong>(incluindo a de menores).<\/li>\n<li>A CIE\u00a0<strong>n\u00e3o \u00e9 emitida no dia da entrevista<\/strong>, mas ser\u00e1 posteriormente enviada da It\u00e1lia por correio para o endere\u00e7o declarado pelo requerente. Ser\u00e1 poss\u00edvel verificar o rastreio do envio\u00a0<a href=\"https:\/\/www.poste.it\/cerca\/index.html\">no site dos Correios italianos<\/a>, introduzindo o n\u00famero de rastreio fornecido no dia da entrevista na barra de pesquisa adequada.<\/li>\n<li>A validade do documento varia conforme a idade do titular: 3 anos (para os menores de 3 anos); 5 anos (para os menores entre 3 e 18 anos); 10 anos (para os adultos);<\/li>\n<li>Os requerentes casados\u00a0<strong>devem<\/strong>\u00a0indicar os dados pessoais fornecidos na certid\u00e3o de nascimento e n\u00e3o os posteriores ao casamento;<\/li>\n<li>O estado civil do titular\u00a0<strong>n\u00e3o \u00e9 especificado<\/strong>\u00a0na Carteira de Identidade Eletr\u00f4nica e o nome do c\u00f4njuge N\u00c3O pode ser indicado.<\/li>\n<\/ul>\n<p style=\"text-align: justify;\"><strong>Ativa\u00e7\u00e3o CIE<\/strong><\/p>\n<p style=\"text-align: justify;\">\u00c9 poss\u00edvel ativar a CIE seguindo <a href=\"https:\/\/www.cartaidentita.interno.gov.it\/attiva\/\">as instru\u00e7\u00f5es fornecidas pelo Minist\u00e9rio do Interior<\/a>.<\/p>\n<p style=\"text-align: justify;\"><strong>Recupera\u00e7\u00e3o de PUK<\/strong><\/p>\n<p style=\"text-align: justify;\">Para recuperar o PUK da sua CIE, siga <a href=\"https:\/\/www.cartaidentita.interno.gov.it\/info-utili\/recupero-puk\/\">as instru\u00e7\u00f5es fornecidas pelo Minist\u00e9rio do Interior<\/a>.<\/p>\n<p style=\"text-align: justify;\">\u00a0Para mais informa\u00e7oes entre em contato com <a href=\"mailto:riodejaneiro.prenota@esteri.it\">riodejaneiro.prenota@esteri.it<\/a><\/p>\n<p style=\"text-align: justify;\">\n","protected":false},"excerpt":{"rendered":"REQUISITOS para requerer uma carteira de identidade eletr\u00f4nica: Ser cidad\u00e3o\/a italiano\/a; Inscri\u00e7\u00e3o atualizada\u00a0no AIRE. O cidad\u00e3o italiano que n\u00e3o estiver inscrito no AIRE deve, em primeiro lugar, regularizar o seu registo civil atrav\u00e9s do\u00a0portal FAST-IT\u00a0e aguardar a sua inscri\u00e7\u00e3o no munic\u00edpio italiano competente antes de apresentar o pedido. Para efeitos de inscri\u00e7\u00e3o na base de [&hellip;]","protected":false},"author":6,"featured_media":0,"parent":98,"menu_order":0,"comment_status":"closed","ping_status":"closed","template":"","meta":{"footnotes":""},"class_list":["post-3080","page","type-page","status-publish","hentry"],"_links":{"self":[{"href":"https:\/\/consriodejaneiro.esteri.it\/br\/wp-json\/wp\/v2\/pages\/3080","targetHints":{"allow":["GET"]}}],"collection":[{"href":"https:\/\/consriodejaneiro.esteri.it\/br\/wp-json\/wp\/v2\/pages"}],"about":[{"href":"https:\/\/consriodejaneiro.esteri.it\/br\/wp-json\/wp\/v2\/types\/page"}],"author":[{"embeddable":true,"href":"https:\/\/consriodejaneiro.esteri.it\/br\/wp-json\/wp\/v2\/users\/6"}],"replies":[{"embeddable":true,"href":"https:\/\/consriodejaneiro.esteri.it\/br\/wp-json\/wp\/v2\/comments?post=3080"}],"version-history":[{"count":6,"href":"https:\/\/consriodejaneiro.esteri.it\/br\/wp-json\/wp\/v2\/pages\/3080\/revisions"}],"predecessor-version":[{"id":5363,"href":"https:\/\/consriodejaneiro.esteri.it\/br\/wp-json\/wp\/v2\/pages\/3080\/revisions\/5363"}],"up":[{"embeddable":true,"href":"https:\/\/consriodejaneiro.esteri.it\/br\/wp-json\/wp\/v2\/pages\/98"}],"wp:attachment":[{"href":"https:\/\/consriodejaneiro.esteri.it\/br\/wp-json\/wp\/v2\/media?parent=3080"}],"curies":[{"name":"wp","href":"https:\/\/api.w.org\/{rel}","templated":true}]}}