{"id":310,"date":"2023-05-24T23:04:18","date_gmt":"2023-05-24T21:04:18","guid":{"rendered":"https:\/\/consolatorio.esteri.it\/?page_id=310"},"modified":"2024-01-03T18:07:24","modified_gmt":"2024-01-03T17:07:24","slug":"casamento","status":"publish","type":"page","link":"https:\/\/consriodejaneiro.esteri.it\/br\/servizi-consolari-e-visti\/servizi-per-il-cittadino-italiano\/stato-civile\/casamento\/","title":{"rendered":"Casamento"},"content":{"rendered":"<p style=\"text-align: justify;\">Os cidad\u00e3os italianos s\u00e3o obrigados por lei a declarar todas as mudan\u00e7as de estado civil que possam ocorrer durante o seu per\u00edodo per\u00edodo de perman\u00eancia no exterior.<\/p>\n<p style=\"text-align: justify;\">Para efetuar a comunica\u00e7\u00e3o de um matrimonio \u00e9 necess\u00e1rio enviar ao Departamento de Registro Civil os seguintes documentos:<\/p>\n<ul style=\"text-align: justify;\">\n<li>2\u00aa Via em original da Certid\u00e3o de Casamento, em INTEIRO TEOR, digitada e n\u00e3o \u201cc\u00f3pia reprogr\u00e1fica\u201d, recente (emitido h\u00e1 n\u00e3o mais que seis meses), com Apostila e relativa tradu\u00e7\u00e3o para o italiano efetuada por um tradutor juramentado, tamb\u00e9m com <a href=\"https:\/\/consriodejaneiro.esteri.it\/br\/servizi-consolari-e-visti\/servizi-per-il-cittadino-straniero\/traduzione-e-legalizzazione-dei-documenti\/\">Apostila<\/a>.<\/li>\n<li>&#8220;<a href=\"https:\/\/consriodejaneiro.esteri.it\/wp-content\/uploads\/2024\/01\/stato_civile_dichiarazione_sostitutiva_di_certificazione_2019_con_informativa-RJ.docx\">Declara\u00e7\u00e3o Substitutiva de Certifica\u00e7\u00e3o (Mod. 2)<\/a>&#8220;, devidamente preenchida e assinada pelo c\u00f4njuge cidad\u00e3o italiano, anexando c\u00f3pia simples do pr\u00f3prio documento de identidade (passaporte italiano, RG ou, na aus\u00eancia destes, documento de identidade recente com foto e assinatura) e comprovante de resid\u00eancia id\u00f4neo em nome c\u00f4njuge cidad\u00e3o italiano.<\/li>\n<\/ul>\n<p style=\"text-align: justify;\">ATEN\u00c7\u00c3O: caso o casamento tenha ocorrido antes de 27\/04\/1983 \u00e9 necess\u00e1rio apresentar tamb\u00e9m a certid\u00e3o de nascimento da esposa.<a href=\"https:\/\/consriodejaneiro.esteri.it\/consolato_riodejaneiro\/pt\/i_servizi\/per_i_cittadini\/stato_civile\/nascita.html\">\u00a0Veja instru\u00e7\u00f5es completas clicando aqui.<\/a><\/p>\n<p style=\"text-align: justify;\"><strong>CASAMENTO CELEBRADO EM OUTRO PA\u00cdS ESTRANGEIRO<\/strong><\/p>\n<p style=\"text-align: justify;\">Se o cidad\u00e3o italiano residente nessa circunscri\u00e7\u00e3o contraiu matrimonio em outro pa\u00eds , dever\u00e1 providenciar, primeiramente, a legaliza\u00e7\u00e3o da certid\u00e3o de casamento por parte das autoridades competentes, sejam as locais que as de Representa\u00e7\u00e3o Diplom\u00e1tica-Consular Italiana competente no pa\u00eds no qual primeiramente foi emitida a certid\u00e3o e a relativa tradu\u00e7\u00e3o.<br \/>\nA tradu\u00e7\u00e3o tamb\u00e9m dever\u00e1 ser reconhecida pela autoridade consular italiana.<\/p>\n<p style=\"text-align: justify;\">Caso o pa\u00eds no qual foi celebrado o casamento seja signat\u00e1rio da Conven\u00e7\u00e3o de Haia a legaliza\u00e7\u00e3o consular pode ser substitu\u00edda dela\u00a0<a href=\"https:\/\/consriodejaneiro.esteri.it\/br\/servizi-consolari-e-visti\/servizi-per-il-cittadino-straniero\/traduzione-e-legalizzazione-dei-documenti\/\">Apostila<\/a>, emitida pelas autoridades de tal pa\u00eds.<\/p>\n<p style=\"text-align: justify;\">Caso o pa\u00eds no qual foi celebrado o casamento adote o formato &#8220;pluril\u00edngue&#8221;, previsto pela Conven\u00e7\u00e3o de Bruxellas, a certid\u00e3o poder\u00e1 ser apresentada em original, n\u00e3o devendo ser nem apostilada nem traduzida ao italiano.<\/p>\n<p style=\"text-align: justify;\">Aconselha-se consultar o site do Consulado Italiano do pa\u00eds aonde foi celebrado o matrimonio.<\/p>\n<p style=\"text-align: justify;\">N\u00e3o ser\u00e1 aceita a transcri\u00e7\u00e3o brasileira da certid\u00e3o de casamento.<\/p>\n<p style=\"text-align: justify;\">OBS.: Para casamentos contra\u00eddos com pessoas do mesmo sexo pedimos que sejam lidas as instru\u00e7\u00f5es dispostas na se\u00e7\u00e3o\u00a0<a href=\"https:\/\/consriodejaneiro.esteri.it\/consolato_riodejaneiro\/pt\/i_servizi\/per_i_cittadini\/stato_civile\/unione-civile.html\">Uni\u00e3o Civil.<\/a><\/p>\n<p style=\"text-align: justify;\">_____________________________ *** ____________________________<\/p>\n<p style=\"text-align: justify;\"><strong>PARA OS CIDAD\u00c3OS ITALIANOS INSCRITOS NO A.I.R.E QUE QUEIRAM CONTRAIR CASAMENTO NA IT\u00c1LIA<\/strong><\/p>\n<p style=\"text-align: justify;\">Favor seguir as intru\u00e7\u00f5es publicadas na se\u00e7\u00e3o &#8220;Publica\u00e7\u00e3o de Matrim\u00f4nio&#8221;<\/p>\n<p style=\"text-align: justify;\"><strong>PARA OS CIDAD\u00c3OS ITALIANOS N\u00c3O RESIDENTES QUE QUEIRAM CONTRAIR CASAMENTO NO BRASIL<\/strong><\/p>\n<p style=\"text-align: justify;\">Os cidad\u00e3os italianos que t\u00eam a inten\u00e7\u00e3o de se casar no Brasil dever\u00e3o, primeiramente, entrar em contato diretamente com o \u00f3rg\u00e3o brasileiros de registro civil (Cart\u00f3rio de Registro Civil no qual o casamento ser\u00e1 celebrado).<\/p>\n<p style=\"text-align: justify;\">Somente ap\u00f3s a celebra\u00e7\u00e3o se faz necess\u00e1rio contatar este Consulado Geral (caso o casamento tenha sido celebrado em nossa circunscri\u00e7\u00e3o consular) para fazer a transcri\u00e7\u00e3o da respectiva documenta\u00e7\u00e3o.<\/p>\n<p style=\"text-align: justify;\"><strong>Os documentos deverao ser enviados sempre acompanhados com a Declara\u00e7\u00e3o Substitutiva de Certifica\u00e7\u00e3o pelo correio:<\/strong><br \/>\nConsolato Generale D\u2019Italia<br \/>\na\/c Setor de Registro Civil<br \/>\nAvenida Presidente Antonio Carlos 40, centro<br \/>\n20020-010 Rio De Janeiro (RJ)<\/p>\n","protected":false},"excerpt":{"rendered":"Os cidad\u00e3os italianos s\u00e3o obrigados por lei a declarar todas as mudan\u00e7as de estado civil que possam ocorrer durante o seu per\u00edodo per\u00edodo de perman\u00eancia no exterior. Para efetuar a comunica\u00e7\u00e3o de um matrimonio \u00e9 necess\u00e1rio enviar ao Departamento de Registro Civil os seguintes documentos: 2\u00aa Via em original da Certid\u00e3o de Casamento, em INTEIRO [&hellip;]","protected":false},"author":6,"featured_media":0,"parent":202,"menu_order":0,"comment_status":"closed","ping_status":"closed","template":"","meta":{"footnotes":""},"class_list":["post-310","page","type-page","status-publish","hentry"],"_links":{"self":[{"href":"https:\/\/consriodejaneiro.esteri.it\/br\/wp-json\/wp\/v2\/pages\/310","targetHints":{"allow":["GET"]}}],"collection":[{"href":"https:\/\/consriodejaneiro.esteri.it\/br\/wp-json\/wp\/v2\/pages"}],"about":[{"href":"https:\/\/consriodejaneiro.esteri.it\/br\/wp-json\/wp\/v2\/types\/page"}],"author":[{"embeddable":true,"href":"https:\/\/consriodejaneiro.esteri.it\/br\/wp-json\/wp\/v2\/users\/6"}],"replies":[{"embeddable":true,"href":"https:\/\/consriodejaneiro.esteri.it\/br\/wp-json\/wp\/v2\/comments?post=310"}],"version-history":[{"count":5,"href":"https:\/\/consriodejaneiro.esteri.it\/br\/wp-json\/wp\/v2\/pages\/310\/revisions"}],"predecessor-version":[{"id":2047,"href":"https:\/\/consriodejaneiro.esteri.it\/br\/wp-json\/wp\/v2\/pages\/310\/revisions\/2047"}],"up":[{"embeddable":true,"href":"https:\/\/consriodejaneiro.esteri.it\/br\/wp-json\/wp\/v2\/pages\/202"}],"wp:attachment":[{"href":"https:\/\/consriodejaneiro.esteri.it\/br\/wp-json\/wp\/v2\/media?parent=310"}],"curies":[{"name":"wp","href":"https:\/\/api.w.org\/{rel}","templated":true}]}}