{"id":323,"date":"2023-05-24T23:29:47","date_gmt":"2023-05-24T21:29:47","guid":{"rendered":"https:\/\/consolatorio.esteri.it\/?page_id=323"},"modified":"2025-11-03T18:04:34","modified_gmt":"2025-11-03T17:04:34","slug":"cidadania-por-descendencia-iure-sanguinis","status":"publish","type":"page","link":"https:\/\/consriodejaneiro.esteri.it\/br\/servizi-consolari-e-visti\/servizi-per-il-cittadino-straniero\/cittadinanza\/cidadania-por-descendencia-iure-sanguinis\/","title":{"rendered":"Cidadania"},"content":{"rendered":"<p data-start=\"17\" data-end=\"172\"><span style=\"color: #ff0000;\">Para os requerentes residentes na Circunscri\u00e7\u00e3o Consular de compet\u00eancia do Consulado-Geral da It\u00e1lia no Rio de Janeiro (Rio de Janeiro e Esp\u00edrito Santo).<\/span><\/p>\n<p data-start=\"174\" data-end=\"396\"><a href=\"https:\/\/www.gazzettaufficiale.it\/eli\/id\/2025\/05\/23\/25G00082\/SG\">A Lei n\u00ba 74, de 23 de maio de 2025<\/a> (publicada no Di\u00e1rio Oficial em 23\/05\/2025, n\u00ba 118), converteu, com modifica\u00e7\u00f5es, o Decreto-Lei n\u00ba 36, de 28 de mar\u00e7o de 2025, que disp\u00f5e sobre medidas urgentes em mat\u00e9ria de cidadania.<\/p>\n<p data-start=\"398\" data-end=\"814\">A cidadania italiana baseia-se no princ\u00edpio do <em data-start=\"445\" data-end=\"460\">jus sanguinis<\/em> (direito de sangue), segundo o qual o filho nascido de pai italiano ou m\u00e3e italiana \u00e9 cidad\u00e3o. O novo decreto, conforme convertido, <strong data-start=\"593\" data-end=\"634\">n\u00e3o altera esse princ\u00edpio fundamental<\/strong>, mas introduz <strong data-start=\"649\" data-end=\"729\">importantes limita\u00e7\u00f5es na transmiss\u00e3o da cidadania de uma gera\u00e7\u00e3o para outra<\/strong>, baseando-se na efetividade do v\u00ednculo com a It\u00e1lia e na posse de outra cidadania.<\/p>\n<hr data-start=\"816\" data-end=\"897\" \/>\n<p data-start=\"899\" data-end=\"948\">Clique nas v\u00e1rias se\u00e7\u00f5es para mais informa\u00e7\u00f5es:<\/p>\n<ul>\n<li data-start=\"951\" data-end=\"1005\"><a href=\"https:\/\/consriodejaneiro.esteri.it\/br\/chi-siamo\/la-rete-consolare\/cidadania-por-descendencia-iure-sanguinis\/cidadania-para-maiores-de-idade-nascidos-no-exterior\/\">Cidadania para maiores de idade nascidos no exterior<\/a><\/li>\n<li data-start=\"1008\" data-end=\"1074\"><a href=\"https:\/\/consriodejaneiro.esteri.it\/br\/servizi-consolari-e-visti\/servizi-per-il-cittadino-straniero\/cittadinanza\/reconhecimento-da-cidadania-italiana-juri-sanguinis\/\">Reconhecimento da cidadania <em data-start=\"1036\" data-end=\"1052\">iure sanguinis<\/em> \u2013 ANTIGA LEGISLA\u00c7\u00c3O<\/a><\/li>\n<li data-start=\"1077\" data-end=\"1103\"><a href=\"https:\/\/consriodejaneiro.esteri.it\/br\/chi-siamo\/la-rete-consolare\/cidadania-por-descendencia-iure-sanguinis\/reaquisicao-da-cidadania-por-ex-cidadaos\/\">Reaquisi\u00e7\u00e3o de cidadania<\/a><\/li>\n<li data-start=\"1106\" data-end=\"1242\"><a href=\"https:\/\/consriodejaneiro.esteri.it\/br\/chi-siamo\/la-rete-consolare\/cidadania-por-descendencia-iure-sanguinis\/5203-2\/\">Novos casos de aquisi\u00e7\u00e3o de cidadania no exterior (filhos menores de cidad\u00e3os que n\u00e3o transmitem automaticamente a cidadania italiana)<\/a><\/li>\n<li data-start=\"1245\" data-end=\"1294\"><a href=\"https:\/\/consriodejaneiro.esteri.it\/br\/servizi-consolari-e-visti\/servizi-per-il-cittadino-straniero\/cittadinanza\/reconhecimento-da-cidadania-italiana-por-casamento\/cidadania-italiana-por-casamento-contraido-a-partir-de-27-de-abril-de-1983-naturalizacao\/\">Cidadania italiana por casamento ou uni\u00e3o civil<\/a><\/li>\n<\/ul>\n<p data-start=\"1296\" data-end=\"1315\">Outros conte\u00fados:<\/p>\n<ul data-start=\"1316\" data-end=\"1367\">\n<li data-start=\"1316\" data-end=\"1335\">\n<p data-start=\"1318\" data-end=\"1335\">LEI N\u00ba 379\/2000<\/p>\n<\/li>\n<li data-start=\"1336\" data-end=\"1367\">\n<p data-start=\"1338\" data-end=\"1367\"><a href=\"https:\/\/consriodejaneiro.esteri.it\/br\/chi-siamo\/la-rete-consolare\/cidadania-por-descendencia-iure-sanguinis\/certificato-di-non-rinuncia\/\">CERTIFICADO DE N\u00c3O REN\u00daNCIA<\/a><\/p>\n<\/li>\n<\/ul>\n<p data-start=\"1369\" data-end=\"1557\">Informamos que este Consulado-Geral <strong data-start=\"1405\" data-end=\"1439\">N\u00c3O RECONHECE DE NENHUMA FORMA<\/strong> ag\u00eancias de consultoria, \u201cdespachantes\u201d ou intermedi\u00e1rios de qualquer tipo para os processos de cidadania italiana.<\/p>\n<p data-start=\"1559\" data-end=\"1653\"><strong data-start=\"1559\" data-end=\"1651\">ANTES DE ENVIAR E-MAILS COM D\u00daVIDAS, LEIA ATENTAMENTE AS INSTRU\u00c7\u00d5ES CONTIDAS NESTE SITE.<\/strong><\/p>\n<p data-start=\"1655\" data-end=\"1762\" data-is-last-node=\"\" data-is-only-node=\"\">Este Consulado-Geral dar\u00e1 prioridade \u00e0s solicita\u00e7\u00f5es cujas respostas <strong data-start=\"1724\" data-end=\"1762\" data-is-last-node=\"\">n\u00e3o estejam j\u00e1 publicadas no site.<\/strong><\/p>\n","protected":false},"excerpt":{"rendered":"Para os requerentes residentes na Circunscri\u00e7\u00e3o Consular de compet\u00eancia do Consulado-Geral da It\u00e1lia no Rio de Janeiro (Rio de Janeiro e Esp\u00edrito Santo). A Lei n\u00ba 74, de 23 de maio de 2025 (publicada no Di\u00e1rio Oficial em 23\/05\/2025, n\u00ba 118), converteu, com modifica\u00e7\u00f5es, o Decreto-Lei n\u00ba 36, de 28 de mar\u00e7o de 2025, que [&hellip;]","protected":false},"author":6,"featured_media":0,"parent":211,"menu_order":0,"comment_status":"closed","ping_status":"closed","template":"","meta":{"footnotes":""},"class_list":["post-323","page","type-page","status-publish","hentry"],"_links":{"self":[{"href":"https:\/\/consriodejaneiro.esteri.it\/br\/wp-json\/wp\/v2\/pages\/323","targetHints":{"allow":["GET"]}}],"collection":[{"href":"https:\/\/consriodejaneiro.esteri.it\/br\/wp-json\/wp\/v2\/pages"}],"about":[{"href":"https:\/\/consriodejaneiro.esteri.it\/br\/wp-json\/wp\/v2\/types\/page"}],"author":[{"embeddable":true,"href":"https:\/\/consriodejaneiro.esteri.it\/br\/wp-json\/wp\/v2\/users\/6"}],"replies":[{"embeddable":true,"href":"https:\/\/consriodejaneiro.esteri.it\/br\/wp-json\/wp\/v2\/comments?post=323"}],"version-history":[{"count":6,"href":"https:\/\/consriodejaneiro.esteri.it\/br\/wp-json\/wp\/v2\/pages\/323\/revisions"}],"predecessor-version":[{"id":5977,"href":"https:\/\/consriodejaneiro.esteri.it\/br\/wp-json\/wp\/v2\/pages\/323\/revisions\/5977"}],"up":[{"embeddable":true,"href":"https:\/\/consriodejaneiro.esteri.it\/br\/wp-json\/wp\/v2\/pages\/211"}],"wp:attachment":[{"href":"https:\/\/consriodejaneiro.esteri.it\/br\/wp-json\/wp\/v2\/media?parent=323"}],"curies":[{"name":"wp","href":"https:\/\/api.w.org\/{rel}","templated":true}]}}