{"id":353,"date":"2023-05-24T23:49:50","date_gmt":"2023-05-24T21:49:50","guid":{"rendered":"https:\/\/consolatorio.esteri.it\/?page_id=353"},"modified":"2025-07-15T22:19:38","modified_gmt":"2025-07-15T20:19:38","slug":"agendamento-cidadania-iure-sanguinis-e-filhos-diretos","status":"publish","type":"page","link":"https:\/\/consriodejaneiro.esteri.it\/br\/servizi-consolari-e-visti\/servizi-per-il-cittadino-straniero\/cittadinanza\/agendamento-cidadania-iure-sanguinis-e-filhos-diretos\/","title":{"rendered":"Agendamento cidadania iure sanguinis"},"content":{"rendered":"<p style=\"text-align: justify;\"><strong>PRENOT@MI &#8211; CIDADANIA<\/strong><\/p>\n<p style=\"text-align: justify;\">Informamos que est\u00e1 em vigor, desde 29 de novembro de 2022, um novo procedimento para o agendamento de servi\u00e7os consulares.<\/p>\n<p style=\"text-align: justify;\">O servi\u00e7o est\u00e1 acess\u00edvel atrav\u00e9s do <strong>portal Prenot@mi<\/strong>\u00a0(<a href=\"https:\/\/prenotami.esteri.it\/\">clique aqui<\/a>).<\/p>\n<p style=\"text-align: justify;\">O Consulado Geral da It\u00e1lia est\u00e1 adotando esse portal para agendar o comparecimento para fins de apresenta\u00e7\u00e3o do processo de reconhecimento da cidadania italiana iure sanguinis e filhos diretos.<\/p>\n<p style=\"text-align: justify;\"><strong>Para maiores informa\u00e7\u00f5es e instru\u00e7\u00f5es de uso do portal Prenot@mi\u00a0<a href=\"https:\/\/consriodejaneiro.esteri.it\/br\/servizi-consolari-e-visti\/servizi-per-il-cittadino-italiano\/altri-servizi\/prenotmi\/\">clique aqui<\/a><\/strong><\/p>\n<p><strong>Em caso de assist<span class=\"text__translation\" dir=\"ltr\">\u00ea<\/span>ncia t\u00e9cnica<\/strong>: <strong><a href=\"mailto:riodejaneiro.prenota@esteri.it\">riodejaneiro.prenota@esteri.it\u00a0<\/a>\u00a0<\/strong><\/p>\n<p>ANEXAR AS SEGUINTES DOCUMENTA\u00c7\u00c3O:<\/p>\n<ul>\n<li><a href=\"https:\/\/consriodejaneiro.esteri.it\/wp-content\/uploads\/2023\/11\/cittadinanza_dichiarazione_sostitutiva_di_certificazione_new-1.pdf\">Formulario de pedido\u00a0 (Modulo di richiesta)\u00a0<\/a><\/li>\n<li>Copia de um documento valido com foto<\/li>\n<li>Comprovante de residencia<\/li>\n<\/ul>\n<p><strong style=\"text-align: justify;\">TARIFA CONSULAR:<\/strong><\/p>\n<p style=\"text-align: justify;\">Recordamos que, para o tratamento do pedido de reconhecimento da cidadania italiana de cada pessoa maior de idade, ser\u00e0 cobrada a tarifa consular equivalente a\u00a0<strong>\u20ac 600,00<\/strong>\u00a0a ser paga em reais no c\u00e2mbio consular oficial. A contribui\u00e7\u00e3o \u00e9 devida para a an\u00e1lise do processo, independentemente do \u00eaxito do mesmo. Ressaltamos que, no caso de indeferimento, o valor pago n\u00e3o ser\u00e1 restitu\u00eddo.<\/p>\n","protected":false},"excerpt":{"rendered":"PRENOT@MI &#8211; CIDADANIA Informamos que est\u00e1 em vigor, desde 29 de novembro de 2022, um novo procedimento para o agendamento de servi\u00e7os consulares. O servi\u00e7o est\u00e1 acess\u00edvel atrav\u00e9s do portal Prenot@mi\u00a0(clique aqui). O Consulado Geral da It\u00e1lia est\u00e1 adotando esse portal para agendar o comparecimento para fins de apresenta\u00e7\u00e3o do processo de reconhecimento da cidadania [&hellip;]","protected":false},"author":6,"featured_media":0,"parent":211,"menu_order":0,"comment_status":"closed","ping_status":"closed","template":"","meta":{"footnotes":""},"class_list":["post-353","page","type-page","status-publish","hentry"],"_links":{"self":[{"href":"https:\/\/consriodejaneiro.esteri.it\/br\/wp-json\/wp\/v2\/pages\/353","targetHints":{"allow":["GET"]}}],"collection":[{"href":"https:\/\/consriodejaneiro.esteri.it\/br\/wp-json\/wp\/v2\/pages"}],"about":[{"href":"https:\/\/consriodejaneiro.esteri.it\/br\/wp-json\/wp\/v2\/types\/page"}],"author":[{"embeddable":true,"href":"https:\/\/consriodejaneiro.esteri.it\/br\/wp-json\/wp\/v2\/users\/6"}],"replies":[{"embeddable":true,"href":"https:\/\/consriodejaneiro.esteri.it\/br\/wp-json\/wp\/v2\/comments?post=353"}],"version-history":[{"count":6,"href":"https:\/\/consriodejaneiro.esteri.it\/br\/wp-json\/wp\/v2\/pages\/353\/revisions"}],"predecessor-version":[{"id":4085,"href":"https:\/\/consriodejaneiro.esteri.it\/br\/wp-json\/wp\/v2\/pages\/353\/revisions\/4085"}],"up":[{"embeddable":true,"href":"https:\/\/consriodejaneiro.esteri.it\/br\/wp-json\/wp\/v2\/pages\/211"}],"wp:attachment":[{"href":"https:\/\/consriodejaneiro.esteri.it\/br\/wp-json\/wp\/v2\/media?parent=353"}],"curies":[{"name":"wp","href":"https:\/\/api.w.org\/{rel}","templated":true}]}}