{"id":377,"date":"2023-05-25T14:45:07","date_gmt":"2023-05-25T12:45:07","guid":{"rendered":"https:\/\/consolatorio.esteri.it\/?page_id=377"},"modified":"2023-12-04T19:12:32","modified_gmt":"2023-12-04T18:12:32","slug":"associacao","status":"publish","type":"page","link":"https:\/\/consriodejaneiro.esteri.it\/br\/servizi-consolari-e-visti\/servizi-per-il-cittadino-italiano\/anagrafe-degli-italiani-residenti-allestero-aire\/associacao\/","title":{"rendered":"Associa\u00e7\u00e3o"},"content":{"rendered":"<p style=\"text-align: justify;\">Todo cidad\u00e3o italiano adulto <strong>cadastrado<\/strong> nesta circunscri\u00e7\u00e3o poder\u00e1 utilizar o Portal FAST IT para associar sua conta \u00e0 base de dados deste Consulado e assim visualizar sua ficha consular. Este procedimento \u00e9 <u>a ferramenta para verificar se o seu registro consular est\u00e1 atualizado<\/u>.<\/p>\n<p style=\"text-align: justify;\">Para solicitar ASSOCIA\u00c7\u00c3O, uma vez ativada sua conta FAST IT (<a href=\"https:\/\/consriodejaneiro.esteri.it\/br\/servizi-consolari-e-visti\/servizi-per-il-cittadino-italiano\/anagrafe-degli-italiani-residenti-allestero-aire\/como-criar-sua-conta-no-portal-fast-it\/instrucoes\/\"><strong>Clique aqui<\/strong><\/a> para acessar as instru\u00e7\u00f5es) e logado, entre na se\u00e7\u00e3o \u201cRegistro Consular e AIRE&#8221;, em seguida, clique na se\u00e7\u00e3o <strong><u>&#8220;Ver sua ficha de dados pessoais&#8221;<\/u><\/strong> e siga as instru\u00e7\u00f5es. Voc\u00ea ser\u00e1 solicitado a anexar uma c\u00f3pia do seu documento de identidade v\u00e1lido. Caso o interessado n\u00e3o possua documento de identidade italiano, ser\u00e1 poss\u00edvel anexar o passaporte brasileiro v\u00e1lido, ou a carteira de identidade brasileira (com menos de 10 anos de emiss\u00e3o) ou a CNH.<\/p>\n<p style=\"text-align: justify;\"><strong>ATEN\u00c7\u00c3O<\/strong>: o procedimento de Associa\u00e7\u00e3o dever\u00e1 ser validado por este Consulado Geral.<\/p>\n<p style=\"text-align: justify;\"><strong>ATEN\u00c7\u00c3O<\/strong>! <strong>\u00c9 ESSENCIAL CADASTRE-SE NO FAST IT INSERINDO SEUS DADOS (NOME, SOBRENOME E DATA DE NASCIMENTO) EXATAMENTE COMO EST\u00c3O REGISTRADOS NO REGISTRO ITALIANO.<\/strong> Por favor, verifique a exatid\u00e3o dos dados pessoais presentes no recibo entregue pelo Consulado ou pelo Comune ou no eventual passaporte.<\/p>\n","protected":false},"excerpt":{"rendered":"Todo cidad\u00e3o italiano adulto cadastrado nesta circunscri\u00e7\u00e3o poder\u00e1 utilizar o Portal FAST IT para associar sua conta \u00e0 base de dados deste Consulado e assim visualizar sua ficha consular. Este procedimento \u00e9 a ferramenta para verificar se o seu registro consular est\u00e1 atualizado. Para solicitar ASSOCIA\u00c7\u00c3O, uma vez ativada sua conta FAST IT (Clique aqui [&hellip;]","protected":false},"author":6,"featured_media":0,"parent":201,"menu_order":4,"comment_status":"closed","ping_status":"closed","template":"","meta":{"footnotes":""},"class_list":["post-377","page","type-page","status-publish","hentry"],"_links":{"self":[{"href":"https:\/\/consriodejaneiro.esteri.it\/br\/wp-json\/wp\/v2\/pages\/377","targetHints":{"allow":["GET"]}}],"collection":[{"href":"https:\/\/consriodejaneiro.esteri.it\/br\/wp-json\/wp\/v2\/pages"}],"about":[{"href":"https:\/\/consriodejaneiro.esteri.it\/br\/wp-json\/wp\/v2\/types\/page"}],"author":[{"embeddable":true,"href":"https:\/\/consriodejaneiro.esteri.it\/br\/wp-json\/wp\/v2\/users\/6"}],"replies":[{"embeddable":true,"href":"https:\/\/consriodejaneiro.esteri.it\/br\/wp-json\/wp\/v2\/comments?post=377"}],"version-history":[{"count":3,"href":"https:\/\/consriodejaneiro.esteri.it\/br\/wp-json\/wp\/v2\/pages\/377\/revisions"}],"predecessor-version":[{"id":1907,"href":"https:\/\/consriodejaneiro.esteri.it\/br\/wp-json\/wp\/v2\/pages\/377\/revisions\/1907"}],"up":[{"embeddable":true,"href":"https:\/\/consriodejaneiro.esteri.it\/br\/wp-json\/wp\/v2\/pages\/201"}],"wp:attachment":[{"href":"https:\/\/consriodejaneiro.esteri.it\/br\/wp-json\/wp\/v2\/media?parent=377"}],"curies":[{"name":"wp","href":"https:\/\/api.w.org\/{rel}","templated":true}]}}