{"id":380,"date":"2023-05-25T14:41:28","date_gmt":"2023-05-25T12:41:28","guid":{"rendered":"https:\/\/consolatorio.esteri.it\/?page_id=380"},"modified":"2023-12-04T19:09:36","modified_gmt":"2023-12-04T18:09:36","slug":"primeiro-cadastro-no-registro-consular-deste-consulado-geral-em-rio-de-janeiro","status":"publish","type":"page","link":"https:\/\/consriodejaneiro.esteri.it\/br\/servizi-consolari-e-visti\/servizi-per-il-cittadino-italiano\/anagrafe-degli-italiani-residenti-allestero-aire\/primeiro-cadastro-no-registro-consular-deste-consulado-geral-em-rio-de-janeiro\/","title":{"rendered":"Primeira inscri\u00e7\u00e3o A.I.R.E neste Consulado"},"content":{"rendered":"<p>Em caso de <strong>CONJUGES ITALIANOS CONVIVENTES<\/strong>, \u00e9 necess\u00e1rio enviar apenas um pedido (no nome de ambos) <strong>assinada obrigatoriamente por ambos<\/strong> e dever\u00e1 ser anexada a documenta\u00e7\u00e3o requerida para ambos.<\/p>\n<ul>\n<li>Em caso de <strong>FILHOS MENORES<\/strong> \u00e9 necess\u00e1rio indicar o nome completo dos dois genitores e <u>\u00e9 imprescind\u00edvel a assinatura de ambos<\/u> no pedido (Dichiarazione da compilare). Nesse sentido ser\u00e1 necess\u00e1rio enviar tamb\u00e9m o <u>documento de identidade de ambos os pais.<\/u> <strong><a href=\"https:\/\/consriodejaneiro.esteri.it\/br\/servizi-consolari-e-visti\/servizi-per-il-cittadino-italiano\/anagrafe-degli-italiani-residenti-allestero-aire\/como-criar-sua-conta-no-portal-fast-it\/instrucoes\/\">Clique aqui para visualizar as INSTRU\u00c7\u00d5ES PARA O CORRETO INSERIMENTO DOS DADOS NO FAST IT \u00a0<\/a><\/strong><\/li>\n<\/ul>\n<p><strong>DOCUMENTOS A SEREM ANEXADOS NO PORTAL FAST IT<\/strong><\/p>\n<p>Fazer o upload dos documentos preferivelmente em .pdf (dimens\u00e3o m\u00e1xima <strong>1 MB<\/strong>).<\/p>\n<p><strong>ANEXO A:<\/strong><\/p>\n<p>Formulario &#8220;<strong>Dichiarazione Sostitutiva<\/strong>\u201d Formul\u00e1rio de cadastro AIRE, que pode ser baixado na p\u00e1gina web, devidamente preenchido e assinado (\u00e9 poss\u00edvel omitir a assinatura somente se voc\u00ea estiver logado no sistema com SPID ou CIE. Assinaturas digitais brasileiras ou outras n\u00e3o ser\u00e3o aceitas e\/ ou n\u00e3o reconhecidas na It\u00e1lia).<\/p>\n<p><strong>ANEXO B:<\/strong><\/p>\n<p>C\u00f3pia de <strong>documentos de identidade<\/strong> italianos e\/ou c\u00f3pia de documentos brasileiros v\u00e1lidos como passaporte, RG ou CNH apresentando a assinatura atual do solicitante. N\u00e3o ser\u00e3o aceitos documentos expedidos por Ordens Profissionais Brasileiros (ex. OAB\/CREA, etc.). Se voc\u00ea tiver filhos menores, anexe tamb\u00e9m uma c\u00f3pia dos documentos de identidade do outro progenitor.<\/p>\n<p><strong>ANEXO C:<\/strong><\/p>\n<p><strong>Comprovante de resid\u00eancia <\/strong>recente (m\u00e1ximo tr\u00eas meses) em nome do requerente, comprovando resid\u00eancia em nosso distrito consular. Podem ser apresentados: conta de luz, \u00e1gua, g\u00e1s, internet, TV a cabo, telefone fixo, IPTU, condom\u00ednio, \u00faltima declara\u00e7\u00e3o de imposto de renda enviada para a Receita Federal, declara\u00e7\u00e3o do Tribunal Eleitoral constante do endere\u00e7o, recibo de pagamento de taxas universit\u00e1rias onde conste o endere\u00e7o do aluno, carta de notifica\u00e7\u00e3o de pagamento da pens\u00e3o. Caso n\u00e3o possua comprovante de resid\u00eancia em nome do requerente\/c\u00f4njuge, n\u00e3o ser\u00e1 poss\u00edvel proceder ao registo AIRE (nos termos do Decreto Legislativo 223\/2012 \u00e9 obrigat\u00f3ria a apresenta\u00e7\u00e3o deste comprovativo).<\/p>\n<p><strong>ANEXO D:<\/strong><\/p>\n<p>C\u00f3pia de todos os <strong>documentos de transcri\u00e7\u00e3o do registro civil<\/strong> (extrato da certid\u00e3o de nascimento do requerente e eventualmente do(s) filho(s) menor(es), extrato(s) da certid\u00e3o de casamento, certid\u00e3o de cidadania e quaisquer outros) emitidos pelo Munic\u00edpio de compet\u00eancia. Estes documentos podem ser solicitados ao Munic\u00edpio ou baixados no portal da ANPR (caso possua o SPID). <a href=\"https:\/\/consriodejaneiro.esteri.it\/br\/servizi-consolari-e-visti\/servizi-per-il-cittadino-italiano\/anagrafe-degli-italiani-residenti-allestero-aire\/certificados-cadastrais-emitidos-on-line-pelos-municipios-italianos\/\"><strong>Clique aqui<\/strong><\/a> para obter informa\u00e7\u00f5es sobre a possibilidade de emiss\u00e3o desses documentos eletronicamente. Na falta de c\u00f3pia dos documentos, o requerente dever\u00e1 ainda preencher, assinar e anexar o formul\u00e1rio <strong><a href=\"https:\/\/consriodejaneiro.esteri.it\/wp-content\/uploads\/2023\/12\/autocertificazione_citt_e_trascrizioni.doc\">Autodichiarazione di cittadinanza italiana<\/a> .<\/strong><\/p>\n<p><strong>ANEXO E \u2013 APENAS PARA QUE OBTEVE A CIDADANIA POR SENTENCIA<\/strong><\/p>\n<p>C\u00f3pia da <strong>Senten\u00e7a<\/strong> proferida pelo Tribunal Italiano, onde tamb\u00e9m dever\u00e1 ser confirmada a <strong>senten\u00e7a final<\/strong>.<\/p>\n","protected":false},"excerpt":{"rendered":"Em caso de CONJUGES ITALIANOS CONVIVENTES, \u00e9 necess\u00e1rio enviar apenas um pedido (no nome de ambos) assinada obrigatoriamente por ambos e dever\u00e1 ser anexada a documenta\u00e7\u00e3o requerida para ambos. Em caso de FILHOS MENORES \u00e9 necess\u00e1rio indicar o nome completo dos dois genitores e \u00e9 imprescind\u00edvel a assinatura de ambos no pedido (Dichiarazione da compilare). [&hellip;]","protected":false},"author":6,"featured_media":0,"parent":201,"menu_order":2,"comment_status":"closed","ping_status":"closed","template":"","meta":{"footnotes":""},"class_list":["post-380","page","type-page","status-publish","hentry"],"_links":{"self":[{"href":"https:\/\/consriodejaneiro.esteri.it\/br\/wp-json\/wp\/v2\/pages\/380","targetHints":{"allow":["GET"]}}],"collection":[{"href":"https:\/\/consriodejaneiro.esteri.it\/br\/wp-json\/wp\/v2\/pages"}],"about":[{"href":"https:\/\/consriodejaneiro.esteri.it\/br\/wp-json\/wp\/v2\/types\/page"}],"author":[{"embeddable":true,"href":"https:\/\/consriodejaneiro.esteri.it\/br\/wp-json\/wp\/v2\/users\/6"}],"replies":[{"embeddable":true,"href":"https:\/\/consriodejaneiro.esteri.it\/br\/wp-json\/wp\/v2\/comments?post=380"}],"version-history":[{"count":3,"href":"https:\/\/consriodejaneiro.esteri.it\/br\/wp-json\/wp\/v2\/pages\/380\/revisions"}],"predecessor-version":[{"id":1900,"href":"https:\/\/consriodejaneiro.esteri.it\/br\/wp-json\/wp\/v2\/pages\/380\/revisions\/1900"}],"up":[{"embeddable":true,"href":"https:\/\/consriodejaneiro.esteri.it\/br\/wp-json\/wp\/v2\/pages\/201"}],"wp:attachment":[{"href":"https:\/\/consriodejaneiro.esteri.it\/br\/wp-json\/wp\/v2\/media?parent=380"}],"curies":[{"name":"wp","href":"https:\/\/api.w.org\/{rel}","templated":true}]}}