{"id":384,"date":"2023-05-25T14:43:35","date_gmt":"2023-05-25T12:43:35","guid":{"rendered":"https:\/\/consolatorio.esteri.it\/?page_id=384"},"modified":"2023-12-04T19:11:41","modified_gmt":"2023-12-04T18:11:41","slug":"atualizacao-de-endereco","status":"publish","type":"page","link":"https:\/\/consriodejaneiro.esteri.it\/br\/servizi-consolari-e-visti\/servizi-per-il-cittadino-italiano\/anagrafe-degli-italiani-residenti-allestero-aire\/atualizacao-de-endereco\/","title":{"rendered":"Atualiza\u00e7\u00e3o de endere\u00e7o"},"content":{"rendered":"<p style=\"text-align: justify;\">Para cidad\u00e3os <strong>j\u00e1 inscritos<\/strong> no AIRE que:<\/p>\n<ul style=\"text-align: justify;\">\n<li>Devem requer atualiza\u00e7\u00e3o do endere\u00e7o de resid\u00eancia;<\/li>\n<li>Si mudaram de outra circunscri\u00e7\u00e3o consular.<\/li>\n<\/ul>\n<p style=\"text-align: justify;\"><strong>ATEN\u00c7\u00c3O<\/strong><\/p>\n<p style=\"text-align: justify;\">Em caso de <strong>CONJUGES ITALIANOS CONVIVENTES<\/strong>, \u00e9 necess\u00e1rio enviar apenas um pedido (no nome de ambos) <strong>assinada obrigatoriamente por ambos<\/strong> e dever\u00e1 ser anexada a documenta\u00e7\u00e3o requerida para ambos.<\/p>\n<ul>\n<li style=\"text-align: justify;\">Em caso de <strong>FILHOS MENORES<\/strong> \u00e9 necess\u00e1rio indicar o nome completo dos dois genitores e <u>\u00e9 imprescind\u00edvel a assinatura de ambos<\/u> no pedido (Dichiarazione da compilare). Nesse sentido ser\u00e1 necess\u00e1rio enviar tamb\u00e9m o <u>documento de identidade de ambos os pais.<\/u> <strong><a href=\"https:\/\/consriodejaneiro.esteri.it\/br\/servizi-consolari-e-visti\/servizi-per-il-cittadino-italiano\/anagrafe-degli-italiani-residenti-allestero-aire\/como-criar-sua-conta-no-portal-fast-it\/instrucoes\/\">Clique aqui para visualizar as INSTRU\u00c7\u00d5ES PARA O CORRETO INSERIMENTO DOS DADOS NO FAST IT \u00a0<\/a><\/strong><\/li>\n<li style=\"text-align: justify;\">TAMB\u00c9M<strong> OS DEMAIS FAMILIARES ITALIANOS VIVOS, SE MAIORES DE IDADE, <\/strong>dever\u00e3o apresentar a mesma documenta\u00e7\u00e3o pessoal, anexando-a ao respectivo pedido de mudan\u00e7a de resid\u00eancia (INCLUINDO COMPROVANTE DE RESID\u00caNCIA EM SEU NOME E DOCUMENTO DE IDENTIDADE).<\/li>\n<\/ul>\n<p><strong>DOCUMENTOS A SEREM ANEXADOS NO PORTAL FAST IT<\/strong><\/p>\n<p>Fazer o upload dos documentos preferivelmente em .pdf (dimens\u00e3o m\u00e1xima <strong>1 MB<\/strong>).<\/p>\n<p><a href=\"https:\/\/consriodejaneiro.esteri.it\/br\/servizi-consolari-e-visti\/servizi-per-il-cittadino-italiano\/anagrafe-degli-italiani-residenti-allestero-aire\/como-criar-sua-conta-no-portal-fast-it\/instrucoes\/\"><strong>Clique aqui per visualizar as\u00a0INSTRU\u00c7\u00d5ES PARA O CORRETO INSERIMENTO DOS DADOS NO FAST IT <\/strong><\/a><\/p>\n<p><strong>ANEXO A:<\/strong><\/p>\n<p>Formulario &#8220;<strong>Dichiarazione Sostitutiva<\/strong>\u201d Formul\u00e1rio de cadastro AIRE, que pode ser baixado na p\u00e1gina web, devidamente preenchido e assinado (\u00e9 poss\u00edvel omitir a assinatura somente se voc\u00ea estiver logado no sistema com SPID ou CIE. Assinaturas digitais brasileiras ou outras n\u00e3o ser\u00e3o aceitas e\/ ou n\u00e3o reconhecidas na It\u00e1lia).<\/p>\n<p><strong>ANEXO B:<\/strong><\/p>\n<p>C\u00f3pia de <strong>documentos de identidade<\/strong> italianos e\/ou c\u00f3pia de documentos brasileiros v\u00e1lidos como passaporte, RG ou CNH apresentando a assinatura atual do solicitante. N\u00e3o ser\u00e3o aceitos documentos expedidos por Ordens Profissionais Brasileiros (ex. OAB\/CREA, etc.). Se voc\u00ea tiver filhos menores, anexe tamb\u00e9m uma c\u00f3pia dos documentos de identidade do outro progenitor.<\/p>\n<p><strong>ANEXO C:<\/strong><\/p>\n<p><strong>Comprovante de resid\u00eancia <\/strong>recente (m\u00e1ximo tr\u00eas meses) em nome do requerente, comprovando resid\u00eancia em nosso distrito consular. Podem ser apresentados: conta de luz, \u00e1gua, g\u00e1s, internet, TV a cabo, telefone fixo, IPTU, condom\u00ednio, \u00faltima declara\u00e7\u00e3o de imposto de renda enviada para a Receita Federal, declara\u00e7\u00e3o do Tribunal Eleitoral constante do endere\u00e7o, recibo de pagamento de taxas universit\u00e1rias onde conste o endere\u00e7o do aluno, carta de notifica\u00e7\u00e3o de pagamento da pens\u00e3o. Caso n\u00e3o possua comprovante de resid\u00eancia em nome do requerente\/c\u00f4njuge, n\u00e3o ser\u00e1 poss\u00edvel proceder ao registo AIRE (nos termos do Decreto Legislativo 223\/2012 \u00e9 obrigat\u00f3ria a apresenta\u00e7\u00e3o deste comprovativo).<\/p>\n","protected":false},"excerpt":{"rendered":"Para cidad\u00e3os j\u00e1 inscritos no AIRE que: Devem requer atualiza\u00e7\u00e3o do endere\u00e7o de resid\u00eancia; Si mudaram de outra circunscri\u00e7\u00e3o consular. ATEN\u00c7\u00c3O Em caso de CONJUGES ITALIANOS CONVIVENTES, \u00e9 necess\u00e1rio enviar apenas um pedido (no nome de ambos) assinada obrigatoriamente por ambos e dever\u00e1 ser anexada a documenta\u00e7\u00e3o requerida para ambos. Em caso de FILHOS MENORES [&hellip;]","protected":false},"author":6,"featured_media":0,"parent":201,"menu_order":3,"comment_status":"closed","ping_status":"closed","template":"","meta":{"footnotes":""},"class_list":["post-384","page","type-page","status-publish","hentry"],"_links":{"self":[{"href":"https:\/\/consriodejaneiro.esteri.it\/br\/wp-json\/wp\/v2\/pages\/384","targetHints":{"allow":["GET"]}}],"collection":[{"href":"https:\/\/consriodejaneiro.esteri.it\/br\/wp-json\/wp\/v2\/pages"}],"about":[{"href":"https:\/\/consriodejaneiro.esteri.it\/br\/wp-json\/wp\/v2\/types\/page"}],"author":[{"embeddable":true,"href":"https:\/\/consriodejaneiro.esteri.it\/br\/wp-json\/wp\/v2\/users\/6"}],"replies":[{"embeddable":true,"href":"https:\/\/consriodejaneiro.esteri.it\/br\/wp-json\/wp\/v2\/comments?post=384"}],"version-history":[{"count":3,"href":"https:\/\/consriodejaneiro.esteri.it\/br\/wp-json\/wp\/v2\/pages\/384\/revisions"}],"predecessor-version":[{"id":1903,"href":"https:\/\/consriodejaneiro.esteri.it\/br\/wp-json\/wp\/v2\/pages\/384\/revisions\/1903"}],"up":[{"embeddable":true,"href":"https:\/\/consriodejaneiro.esteri.it\/br\/wp-json\/wp\/v2\/pages\/201"}],"wp:attachment":[{"href":"https:\/\/consriodejaneiro.esteri.it\/br\/wp-json\/wp\/v2\/media?parent=384"}],"curies":[{"name":"wp","href":"https:\/\/api.w.org\/{rel}","templated":true}]}}