{"id":397,"date":"2023-05-24T23:02:14","date_gmt":"2023-05-24T21:02:14","guid":{"rendered":"https:\/\/consolatorio.esteri.it\/?page_id=397"},"modified":"2024-01-03T18:13:25","modified_gmt":"2024-01-03T17:13:25","slug":"uniao-civil","status":"publish","type":"page","link":"https:\/\/consriodejaneiro.esteri.it\/br\/servizi-consolari-e-visti\/servizi-per-il-cittadino-italiano\/stato-civile\/uniao-civil\/","title":{"rendered":"Uni\u00e3o Civil"},"content":{"rendered":"<p style=\"text-align: justify;\">Entende-se como &#8220;uni\u00e3o civil&#8221; o casamento celebrado entre pessoas do mesmo sexo.<\/p>\n<p style=\"text-align: justify;\">As denominadas, no Brasil, Uni\u00f5es Est\u00e1veis (firmadas entre um homem e uma mulher ou entre pessoas do mesmo sexo) N\u00c3O s\u00e3o pass\u00edveis de reconhecimento na It\u00e1lia, uma vez que n\u00e3o correspondem a uma &#8220;uni\u00e3o civil&#8221; (conforme legisla\u00e7\u00e3o italiana atualmente vigente) e sim a um &#8220;contrato de conviv\u00eancia de fato&#8221;, n\u00e3o encontrando assim equivalente na legisla\u00e7\u00e3o italiana, se firmados no exterior.<\/p>\n<p style=\"text-align: justify;\">Para efetuar a comunica\u00e7\u00e3o de uma &#8220;uni\u00e3o civil&#8221; \u00e9 necess\u00e1rio enviar ao Departamento de Registro Civil os seguintes documentos:<\/p>\n<ul style=\"text-align: justify;\">\n<li>2\u00aa Via da Certid\u00e3o de Casamento, em INTEIRO TEOR, recente (emitido h\u00e1 n\u00e3o mais que seis meses),\u00a0digitada e n\u00e3o \u201cc\u00f3pia reprogr\u00e1ficas\u201d, com Apostila e relativa tradu\u00e7\u00e3o para o italiano efetuada por um tradutor juramentado, tamb\u00e9m com\u00a0<a href=\"https:\/\/consriodejaneiro.esteri.it\/br\/servizi-consolari-e-visti\/servizi-per-il-cittadino-straniero\/traduzione-e-legalizzazione-dei-documenti\/\">Apostila<\/a>.<\/li>\n<li>&#8220;<a href=\"https:\/\/consriodejaneiro.esteri.it\/wp-content\/uploads\/2023\/09\/stato_civile_-_nascita_dichiarazione_sostitutiva.pdf\">Declara\u00e7\u00e3o Substitutiva de Certifica\u00e7\u00e3o (Mod. 2)<\/a>&#8220;, devidamente preenchida e assinada pelo c\u00f4njuge cidad\u00e3o italiano, anexando c\u00f3pia simples do pr\u00f3prio documento de identidade (passaporte italiano, RG ou, na aus\u00eancia destes, documento de identidade recente com foto e assinatura) e comprovante de resid\u00eancia id\u00f4neo em nome c\u00f4njuge cidad\u00e3o italiano.<\/li>\n<\/ul>\n<p style=\"text-align: justify;\"><strong>Os documentos deverao ser enviados sempre acompanhados com a Declara\u00e7\u00e3o Substitutiva de Certifica\u00e7\u00e3o pelo correio:<\/strong><br \/>\nConsolato Generale D\u2019Italia<br \/>\na\/c Setor de Registro Civil<br \/>\nAvenida Presidente Antonio Carlos 40, centro<br \/>\n20020-010 Rio De Janeiro (RJ)<\/p>\n","protected":false},"excerpt":{"rendered":"Entende-se como &#8220;uni\u00e3o civil&#8221; o casamento celebrado entre pessoas do mesmo sexo. As denominadas, no Brasil, Uni\u00f5es Est\u00e1veis (firmadas entre um homem e uma mulher ou entre pessoas do mesmo sexo) N\u00c3O s\u00e3o pass\u00edveis de reconhecimento na It\u00e1lia, uma vez que n\u00e3o correspondem a uma &#8220;uni\u00e3o civil&#8221; (conforme legisla\u00e7\u00e3o italiana atualmente vigente) e sim a [&hellip;]","protected":false},"author":6,"featured_media":0,"parent":202,"menu_order":0,"comment_status":"closed","ping_status":"closed","template":"","meta":{"footnotes":""},"class_list":["post-397","page","type-page","status-publish","hentry"],"_links":{"self":[{"href":"https:\/\/consriodejaneiro.esteri.it\/br\/wp-json\/wp\/v2\/pages\/397","targetHints":{"allow":["GET"]}}],"collection":[{"href":"https:\/\/consriodejaneiro.esteri.it\/br\/wp-json\/wp\/v2\/pages"}],"about":[{"href":"https:\/\/consriodejaneiro.esteri.it\/br\/wp-json\/wp\/v2\/types\/page"}],"author":[{"embeddable":true,"href":"https:\/\/consriodejaneiro.esteri.it\/br\/wp-json\/wp\/v2\/users\/6"}],"replies":[{"embeddable":true,"href":"https:\/\/consriodejaneiro.esteri.it\/br\/wp-json\/wp\/v2\/comments?post=397"}],"version-history":[{"count":3,"href":"https:\/\/consriodejaneiro.esteri.it\/br\/wp-json\/wp\/v2\/pages\/397\/revisions"}],"predecessor-version":[{"id":2052,"href":"https:\/\/consriodejaneiro.esteri.it\/br\/wp-json\/wp\/v2\/pages\/397\/revisions\/2052"}],"up":[{"embeddable":true,"href":"https:\/\/consriodejaneiro.esteri.it\/br\/wp-json\/wp\/v2\/pages\/202"}],"wp:attachment":[{"href":"https:\/\/consriodejaneiro.esteri.it\/br\/wp-json\/wp\/v2\/media?parent=397"}],"curies":[{"name":"wp","href":"https:\/\/api.w.org\/{rel}","templated":true}]}}