{"id":404,"date":"2023-05-25T16:11:10","date_gmt":"2023-05-25T14:11:10","guid":{"rendered":"https:\/\/consolatorio.esteri.it\/?page_id=404"},"modified":"2024-01-15T16:27:14","modified_gmt":"2024-01-15T15:27:14","slug":"agendamento-passaporte","status":"publish","type":"page","link":"https:\/\/consriodejaneiro.esteri.it\/br\/servizi-consolari-e-visti\/servizi-per-il-cittadino-italiano\/passaporti-e-carte-didentita\/agendamento-passaporte\/","title":{"rendered":"Agendamento Passaporte"},"content":{"rendered":"<p style=\"text-align: justify;\">Para agendar uma data para solicita\u00e7\u00e3o do passaporte italiano no Consulado Geral da It\u00e1lia no Rio de Janeiro quanto no Guich\u00ea Consular de Vit\u00f3ria \u00e9 necess\u00e1rio que o pr\u00f3prio requerente fa\u00e7a o agendamento pelo <strong>portal Prenot@mi<\/strong>\u00a0(<a href=\"https:\/\/prenotami.esteri.it\/\">clique aqui<\/a>).<\/p>\n<p style=\"text-align: justify;\">O agendamento pelo portal Prenot@mi \u00e9 a \u00fanica forma para agendar a emiss\u00e3o do passaporte neste Consulado.<\/p>\n<p style=\"text-align: justify;\">Para a lista de documentos a serem apresentados no dia agendado\u00a0<a href=\"https:\/\/consriodejaneiro.esteri.it\/br\/servizi-consolari-e-visti\/servizi-per-il-cittadino-italiano\/passaporti-e-carte-didentita\/documentos-a-serem-apresentados-no-dia-do-agendamento\/\">clique aqui.<\/a><\/p>\n<p style=\"text-align: justify;\"><strong>Para maiores informa\u00e7\u00f5es e instru\u00e7\u00f5es de uso do portal Prenot@mi\u00a0<a href=\"https:\/\/consriodejaneiro.esteri.it\/wp-content\/uploads\/2023\/08\/Manuale-Cittadino-Prenotami-Vers-1.pdf\">clique aqui<\/a>.<\/strong><\/p>\n<p>Em caso de assist<span class=\"text__translation\" dir=\"ltr\">\u00ea<\/span>ncia t\u00e9cnica no portal Prenot@mi:\u00a0 <strong><a href=\"mailto:riodejaneiro.prenota@esteri.it\">riodejaneiro.prenota@esteri.it\u00a0<\/a>\u00a0<\/strong><\/p>\n<p style=\"text-align: justify;\">OBSERVE QUE, POR MOTIVOS DE SEGURAN\u00c7A, N\u00c3O \u00c9 PERMITIDA A INTRODU\u00c7\u00c3O DE CELULARES DENTRO DO EDIF\u00cdCIO. OS CELULARES PODEM SER DEPOSITADOS EM CAIXAS DE SEGURAN\u00c7A ESPECIAIS.<\/p>\n","protected":false},"excerpt":{"rendered":"Para agendar uma data para solicita\u00e7\u00e3o do passaporte italiano no Consulado Geral da It\u00e1lia no Rio de Janeiro quanto no Guich\u00ea Consular de Vit\u00f3ria \u00e9 necess\u00e1rio que o pr\u00f3prio requerente fa\u00e7a o agendamento pelo portal Prenot@mi\u00a0(clique aqui). O agendamento pelo portal Prenot@mi \u00e9 a \u00fanica forma para agendar a emiss\u00e3o do passaporte neste Consulado. Para [&hellip;]","protected":false},"author":6,"featured_media":0,"parent":199,"menu_order":0,"comment_status":"closed","ping_status":"closed","template":"","meta":{"footnotes":""},"class_list":["post-404","page","type-page","status-publish","hentry"],"_links":{"self":[{"href":"https:\/\/consriodejaneiro.esteri.it\/br\/wp-json\/wp\/v2\/pages\/404","targetHints":{"allow":["GET"]}}],"collection":[{"href":"https:\/\/consriodejaneiro.esteri.it\/br\/wp-json\/wp\/v2\/pages"}],"about":[{"href":"https:\/\/consriodejaneiro.esteri.it\/br\/wp-json\/wp\/v2\/types\/page"}],"author":[{"embeddable":true,"href":"https:\/\/consriodejaneiro.esteri.it\/br\/wp-json\/wp\/v2\/users\/6"}],"replies":[{"embeddable":true,"href":"https:\/\/consriodejaneiro.esteri.it\/br\/wp-json\/wp\/v2\/comments?post=404"}],"version-history":[{"count":6,"href":"https:\/\/consriodejaneiro.esteri.it\/br\/wp-json\/wp\/v2\/pages\/404\/revisions"}],"predecessor-version":[{"id":2100,"href":"https:\/\/consriodejaneiro.esteri.it\/br\/wp-json\/wp\/v2\/pages\/404\/revisions\/2100"}],"up":[{"embeddable":true,"href":"https:\/\/consriodejaneiro.esteri.it\/br\/wp-json\/wp\/v2\/pages\/199"}],"wp:attachment":[{"href":"https:\/\/consriodejaneiro.esteri.it\/br\/wp-json\/wp\/v2\/media?parent=404"}],"curies":[{"name":"wp","href":"https:\/\/api.w.org\/{rel}","templated":true}]}}