{"id":410,"date":"2023-05-25T16:30:49","date_gmt":"2023-05-25T14:30:49","guid":{"rendered":"https:\/\/consolatorio.esteri.it\/?page_id=410"},"modified":"2023-11-27T20:01:59","modified_gmt":"2023-11-27T19:01:59","slug":"documentos-a-serem-apresentados-no-dia-do-agendamento","status":"publish","type":"page","link":"https:\/\/consriodejaneiro.esteri.it\/br\/servizi-consolari-e-visti\/servizi-per-il-cittadino-italiano\/passaporti-e-carte-didentita\/documentos-a-serem-apresentados-no-dia-do-agendamento\/","title":{"rendered":"Documentos a serem apresentados no dia do agendamento"},"content":{"rendered":"<p style=\"text-align: justify;\">Na data agendada, cada requerente dever\u00e1 TER EM M\u00c3OS a documenta\u00e7\u00e3o necess\u00e1ria \u00e0 emiss\u00e3o do passaporte.<\/p>\n<p style=\"text-align: justify;\">\u00c9 de extrema import\u00e2ncia que a documenta\u00e7\u00e3o seja preparada com anteced\u00eancia, seguindo atentamente as instru\u00e7\u00f5es aqui publicadas. Caso o requerente n\u00e3o tenha algum documento aqui solicitado, \u00e9 obrigat\u00f3rio que o providencie!<\/p>\n<p style=\"text-align: justify;\">Ressaltamos que cada pedido dever\u00e1 ser acompanhado das c\u00f3pias necess\u00e1rias. Desta forma, cada requerente de uma mesma fam\u00edlia, maior ou menor de idade, deve apresentar a documenta\u00e7\u00e3o completa (c\u00f3pias inclusas).<\/p>\n<p style=\"text-align: justify;\"><a href=\"https:\/\/consriodejaneiro.esteri.it\/br\/servizi-consolari-e-visti\/servizi-per-il-cittadino-italiano\/passaporti-e-carte-didentita\/documentos-necessarios-para-pedidos-de-passaportes-de-requerente-maior-de-idade-que-nao-tem-filho-menor\/\">a. REQUERENTE MAIOR DE IDADE;<\/a><\/p>\n<p style=\"text-align: justify;\"><a href=\"https:\/\/consriodejaneiro.esteri.it\/br\/servizi-consolari-e-visti\/servizi-per-il-cittadino-italiano\/altri-servizi\/albo-consolare\/requerente-menor-de-idade\/\">b. REQUERENTE MENOR DE IDADE<\/a>\u00a0&#8211;\u00a0<a href=\"https:\/\/consriodejaneiro.esteri.it\/wp-content\/uploads\/2023\/05\/atto_di_assenso_-__minore.ok-2.docx\"><strong>ATTO DI ASSENSO<\/strong>\u00a0AUTORIZA\u00c7\u00c3O PARA FILHO MENOR<\/a><\/p>\n<p style=\"text-align: justify;\"><a href=\"https:\/\/consriodejaneiro.esteri.it\/br\/servizi-consolari-e-visti\/servizi-per-il-cittadino-italiano\/passaporti-e-carte-didentita\/autorizacao-de-viagem-para-menores-desacompanhados\/\">c. MENOR DE 14 ANOS QUE VIAJA SOZINHO<\/a><\/p>\n","protected":false},"excerpt":{"rendered":"Na data agendada, cada requerente dever\u00e1 TER EM M\u00c3OS a documenta\u00e7\u00e3o necess\u00e1ria \u00e0 emiss\u00e3o do passaporte. \u00c9 de extrema import\u00e2ncia que a documenta\u00e7\u00e3o seja preparada com anteced\u00eancia, seguindo atentamente as instru\u00e7\u00f5es aqui publicadas. Caso o requerente n\u00e3o tenha algum documento aqui solicitado, \u00e9 obrigat\u00f3rio que o providencie! Ressaltamos que cada pedido dever\u00e1 ser acompanhado das [&hellip;]","protected":false},"author":6,"featured_media":0,"parent":199,"menu_order":0,"comment_status":"closed","ping_status":"closed","template":"","meta":{"footnotes":""},"class_list":["post-410","page","type-page","status-publish","hentry"],"_links":{"self":[{"href":"https:\/\/consriodejaneiro.esteri.it\/br\/wp-json\/wp\/v2\/pages\/410","targetHints":{"allow":["GET"]}}],"collection":[{"href":"https:\/\/consriodejaneiro.esteri.it\/br\/wp-json\/wp\/v2\/pages"}],"about":[{"href":"https:\/\/consriodejaneiro.esteri.it\/br\/wp-json\/wp\/v2\/types\/page"}],"author":[{"embeddable":true,"href":"https:\/\/consriodejaneiro.esteri.it\/br\/wp-json\/wp\/v2\/users\/6"}],"replies":[{"embeddable":true,"href":"https:\/\/consriodejaneiro.esteri.it\/br\/wp-json\/wp\/v2\/comments?post=410"}],"version-history":[{"count":7,"href":"https:\/\/consriodejaneiro.esteri.it\/br\/wp-json\/wp\/v2\/pages\/410\/revisions"}],"predecessor-version":[{"id":1756,"href":"https:\/\/consriodejaneiro.esteri.it\/br\/wp-json\/wp\/v2\/pages\/410\/revisions\/1756"}],"up":[{"embeddable":true,"href":"https:\/\/consriodejaneiro.esteri.it\/br\/wp-json\/wp\/v2\/pages\/199"}],"wp:attachment":[{"href":"https:\/\/consriodejaneiro.esteri.it\/br\/wp-json\/wp\/v2\/media?parent=410"}],"curies":[{"name":"wp","href":"https:\/\/api.w.org\/{rel}","templated":true}]}}