{"id":419,"date":"2023-05-25T16:45:08","date_gmt":"2023-05-25T14:45:08","guid":{"rendered":"https:\/\/consolatorio.esteri.it\/?page_id=419"},"modified":"2024-07-08T21:58:32","modified_gmt":"2024-07-08T19:58:32","slug":"requisitos-para-a-emissao","status":"publish","type":"page","link":"https:\/\/consriodejaneiro.esteri.it\/br\/servizi-consolari-e-visti\/servizi-per-il-cittadino-italiano\/passaporti-e-carte-didentita\/requisitos-para-a-emissao\/","title":{"rendered":"Requisitos para a emiss\u00e3o"},"content":{"rendered":"<p style=\"text-align: justify;\">Para solicitar o passaporte neste Consulado Geral \u00e9 imprescind\u00edvel:<\/p>\n<ul style=\"text-align: justify;\">\n<li>ser cidad\u00e3o italiano (ou seja, j\u00e1 ter conclu\u00eddo o processo de reconhecimento da cidadania);<\/li>\n<li>estar regularmente inscrito neste Consulado Geral;<\/li>\n<li>estar com o cadastro, neste Consulado, atualizado (\u00e9 necess\u00e1rio que toda e qualquer atualiza\u00e7\u00e3o tenha sido conclu\u00edda pelo respectivo departamento).<\/li>\n<li><strong>Situa\u00e7\u00e3o do Estado Civil atualizada<\/strong>\u00a0&#8211; manter atualizados os pr\u00f3pios dados de estado civil na It\u00e1lia \u00e9 um dever do cidad\u00e3o, que dever\u00e1 providenciar a transcri\u00e7\u00e3o das certid\u00f5es (casamento, nascimento de filhos, div\u00f3rcio etc..) junto ao setor\u00a0<a href=\"https:\/\/consriodejaneiro.esteri.it\/br\/servizi-consolari-e-visti\/servizi-per-il-cittadino-italiano\/stato-civile\/\">Registro Civil\u00a0<\/a>do consulado, logo ap\u00f3s a emiss\u00e3o do documento estrangeiro ou, pelo menos, o quanto antes. A falta de dados atualizados nos registros da sede consular poder\u00e1 ter um reflexo direto sobre a possibilidade de emiss\u00e3o do passaporte (veja causas impeditivas para genitores de menores da Lei 1185); desta forma aconselhamos vivamente os usu\u00e1rios a manter estes dados atualizadosi, eventualmente escrevendo ao setor para confirmar a situa\u00e7\u00e3o do cadastro antes de riquerer o servi\u00e7o. Para saber como proceder para transcrever certid\u00f5es de estado civil estrangeiras na It\u00e1lia veja as p\u00e1ginas do setor<a href=\"https:\/\/consriodejaneiro.esteri.it\/br\/servizi-consolari-e-visti\/servizi-per-il-cittadino-italiano\/stato-civile\/\">\u00a0Registro Civil<\/a>.<\/li>\n<li><strong>Endere\u00e7o da Resid\u00eancia atualizado<\/strong> &#8211; tamb\u00e9m a atualiza\u00e7\u00e3o do pr\u00f3prio endere\u00e7o de resid\u00eancia \u00e9 uma obriga\u00e7\u00e3o do cidad\u00e3o italiano, visto ser este o canal de comunica\u00e7\u00e3o que a sede utiliza para comunicar individualmente com os residentes na pr\u00f3pria circunscri\u00e7\u00e3o. Consulte a p\u00e1gina dedicada <a href=\"https:\/\/consriodejaneiro.esteri.it\/br\/servizi-consolari-e-visti\/servizi-per-il-cittadino-italiano\/anagrafe-degli-italiani-residenti-allestero-aire\/atualizacao-de-endereco\/\"><strong>clicando aqui.<\/strong><\/a><\/li>\n<\/ul>\n<p style=\"text-align: justify;\">Para verificar os proprios dados cadastrais todos os usu\u00e1rios s\u00e3o convidados a accessar ao portal\u00a0<a href=\"https:\/\/serviziconsolari.esteri.it\/ScoFE\/index.sco\">FAST-IT<\/a>.<\/p>\n<p style=\"text-align: justify;\"><strong>Validade temporal do passaporte biometrico.<\/strong><\/p>\n<p style=\"text-align: justify;\">A validade do passaporte varia dependendo da idade do seu titular:<\/p>\n<p style=\"text-align: justify;\">&#8211; 3 anos para os menores con menos de 3 anos de idade;<\/p>\n<p style=\"text-align: justify;\">&#8211; 5 anos para os menores entre 3 e 18 anos de idade;<\/p>\n<p style=\"text-align: justify;\">&#8211; 10 anos para os maiores de idade.<\/p>\n<p style=\"text-align: justify;\">O pedido de renova\u00e7\u00e3o do passaporte pode ser apresentado a partir de 6 meses antes da data de vencimento.<\/p>\n<p style=\"text-align: justify;\"><strong>Custos<\/strong>:\u00a0<a href=\"https:\/\/consriodejaneiro.esteri.it\/br\/servizi-consolari-e-visti\/\">Consultar as taxas consulares.<\/a><\/p>\n<p style=\"text-align: justify;\">Em casos de\u00a0<strong>emerg\u00eancia<\/strong>\u00a0(por es. roubo o perda do passaporte por parte de um turista) pode ser emitido um documento especial de viagem chamado &#8220;<strong>Emergency Travel Document<\/strong>&#8221; (clique aqui)<\/p>\n","protected":false},"excerpt":{"rendered":"Para solicitar o passaporte neste Consulado Geral \u00e9 imprescind\u00edvel: ser cidad\u00e3o italiano (ou seja, j\u00e1 ter conclu\u00eddo o processo de reconhecimento da cidadania); estar regularmente inscrito neste Consulado Geral; estar com o cadastro, neste Consulado, atualizado (\u00e9 necess\u00e1rio que toda e qualquer atualiza\u00e7\u00e3o tenha sido conclu\u00edda pelo respectivo departamento). Situa\u00e7\u00e3o do Estado Civil atualizada\u00a0&#8211; manter [&hellip;]","protected":false},"author":6,"featured_media":0,"parent":199,"menu_order":0,"comment_status":"closed","ping_status":"closed","template":"","meta":{"footnotes":""},"class_list":["post-419","page","type-page","status-publish","hentry"],"_links":{"self":[{"href":"https:\/\/consriodejaneiro.esteri.it\/br\/wp-json\/wp\/v2\/pages\/419","targetHints":{"allow":["GET"]}}],"collection":[{"href":"https:\/\/consriodejaneiro.esteri.it\/br\/wp-json\/wp\/v2\/pages"}],"about":[{"href":"https:\/\/consriodejaneiro.esteri.it\/br\/wp-json\/wp\/v2\/types\/page"}],"author":[{"embeddable":true,"href":"https:\/\/consriodejaneiro.esteri.it\/br\/wp-json\/wp\/v2\/users\/6"}],"replies":[{"embeddable":true,"href":"https:\/\/consriodejaneiro.esteri.it\/br\/wp-json\/wp\/v2\/comments?post=419"}],"version-history":[{"count":6,"href":"https:\/\/consriodejaneiro.esteri.it\/br\/wp-json\/wp\/v2\/pages\/419\/revisions"}],"predecessor-version":[{"id":3090,"href":"https:\/\/consriodejaneiro.esteri.it\/br\/wp-json\/wp\/v2\/pages\/419\/revisions\/3090"}],"up":[{"embeddable":true,"href":"https:\/\/consriodejaneiro.esteri.it\/br\/wp-json\/wp\/v2\/pages\/199"}],"wp:attachment":[{"href":"https:\/\/consriodejaneiro.esteri.it\/br\/wp-json\/wp\/v2\/media?parent=419"}],"curies":[{"name":"wp","href":"https:\/\/api.w.org\/{rel}","templated":true}]}}