{"id":431,"date":"2023-05-24T22:21:28","date_gmt":"2023-05-24T20:21:28","guid":{"rendered":"https:\/\/consolatorio.esteri.it\/?page_id=431"},"modified":"2025-07-01T20:04:36","modified_gmt":"2025-07-01T18:04:36","slug":"documentos-necessarios-para-pedidos-de-passaportes-de-requerente-maior-de-idade-que-nao-tem-filho-menor","status":"publish","type":"page","link":"https:\/\/consriodejaneiro.esteri.it\/br\/servizi-consolari-e-visti\/servizi-per-il-cittadino-italiano\/passaporti-e-carte-didentita\/documentos-necessarios-para-pedidos-de-passaportes-de-requerente-maior-de-idade-que-nao-tem-filho-menor\/","title":{"rendered":"DOCUMENTOS NECESSARIOS PARA PEDIDOS DE PASSAPORTES DE REQUERENTE MAIOR DE IDADE"},"content":{"rendered":"<p>Apresentar a seguinte\u00a0<strong>documenta\u00e7\u00e3o em ORIGINAL E C\u00d3PIA SIMPLES:<\/strong><\/p>\n<p>1.\u00a0<strong>Documento de identidade<\/strong>\u00a0original. Ser\u00e3o aceitos: RG emitido h\u00e1 menos de 10 anos, RNE v\u00e1lido, ou passaporte brasileiro v\u00e1lido). N\u00e3o ser\u00e3o aceitas carteiras profissionais ou de classe;<\/p>\n<p>2.\u00a0<strong>2 fotografias de 45mm<\/strong>\u00a0de altura por 35mm de largura feitas segundo as regras ICAO.\u00a0<a href=\"https:\/\/consriodejaneiro.esteri.it\/wp-content\/uploads\/2023\/09\/fotografia_passaporto_web.pdf\">Clique aqui<\/a>\u00a0e veja mais detalhes sobre como devem ser as fotos;<\/p>\n<p>3.\u00a0<strong>Somente c\u00f3pia da p\u00e1gina principal do passaporte antigo<\/strong>, se possu\u00eddo. Em caso de perda ou roubo, \u00e9 necess\u00e1rio apresentar boletim de ocorr\u00eancia \u00e0s autoridades policiais locais (para a cidade do Rio de Janeiro, entrar em contato com a DEAT &#8211; &#8220;Delegacia de Assist\u00eancia ao Turista&#8221; &#8211; Av. Afr\u00e2nio de Melo Franco, 159 &#8211; Leblon, Rio de Janeiro &#8211; Tel: 21 2232-2924);<\/p>\n<p>4.\u00a0<strong>Passaporte brasileiro v\u00e1lido,<\/strong>\u00a0se possuir (somente para dupla cidadania);<\/p>\n<p>5.\u00a0<strong>Comprovante de resid\u00eancia EM NOME DO REQUERENTE<\/strong>, original, recente.<\/p>\n<p>Contas dom\u00e9sticas (Eletricidade; G\u00e1s; \u00c1gua; Telefone; Internet; TV Cabo)<br \/>\nCertificado de matricula escolar \/\u00a0 matricula na universidade<br \/>\nBoleto de taxas universit\u00e1rias<br \/>\nPens\u00e3o<br \/>\nDeclara\u00e7\u00e3o do empregador (em papel timbrado e com assinatura reconhecida em cart\u00f3rio)<br \/>\nDeclara\u00e7\u00e3o de rendimentos<br \/>\nDeclara\u00e7\u00e3o do administrador do condom\u00ednio (em papel timbrado e com assinatura reconhecida em cart\u00f3rio)<\/p>\n<p>Todos os comprovantes listados acima s\u00e3o alternativos e n\u00e3o cumulativos; tamb\u00e9m devem ser recentes (emitidos h\u00e1 n\u00e3o mais de 90 dias).<\/p>\n<p>O comprovante poder\u00e1 ser aceite em nome do c\u00f4njuge (se acompanhado de prova adequada da persist\u00eancia do v\u00ednculo conjugal \u2013 por exemplo, certid\u00e3o de casamento recente) ou do progenitor, no caso de filhos adultos (com menos de 30 anos).<br \/>\nNeste \u00faltimo caso dever\u00e1 ser acompanhado de declara\u00e7\u00e3o de autenticidade assinada pelos pais no Cart\u00f3rio.<\/p>\n<p>6. O pagamento da tarifa (<a href=\"https:\/\/consriodejaneiro.esteri.it\/br\/servizi-consolari-e-visti\/servizi-per-il-cittadino-italiano\/altri-servizi\/tarifas-consulares\/\"><strong>Tarifas Consulares<\/strong><\/a>)\u00a0deve ser efetuado <strong>exclusivamente com cart\u00e3o de d\u00e9bito f\u00edsico.<\/strong><\/p>\n","protected":false},"excerpt":{"rendered":"Apresentar a seguinte\u00a0documenta\u00e7\u00e3o em ORIGINAL E C\u00d3PIA SIMPLES: 1.\u00a0Documento de identidade\u00a0original. Ser\u00e3o aceitos: RG emitido h\u00e1 menos de 10 anos, RNE v\u00e1lido, ou passaporte brasileiro v\u00e1lido). N\u00e3o ser\u00e3o aceitas carteiras profissionais ou de classe; 2.\u00a02 fotografias de 45mm\u00a0de altura por 35mm de largura feitas segundo as regras ICAO.\u00a0Clique aqui\u00a0e veja mais detalhes sobre como devem [&hellip;]","protected":false},"author":6,"featured_media":0,"parent":199,"menu_order":0,"comment_status":"closed","ping_status":"closed","template":"","meta":{"footnotes":""},"class_list":["post-431","page","type-page","status-publish","hentry"],"_links":{"self":[{"href":"https:\/\/consriodejaneiro.esteri.it\/br\/wp-json\/wp\/v2\/pages\/431","targetHints":{"allow":["GET"]}}],"collection":[{"href":"https:\/\/consriodejaneiro.esteri.it\/br\/wp-json\/wp\/v2\/pages"}],"about":[{"href":"https:\/\/consriodejaneiro.esteri.it\/br\/wp-json\/wp\/v2\/types\/page"}],"author":[{"embeddable":true,"href":"https:\/\/consriodejaneiro.esteri.it\/br\/wp-json\/wp\/v2\/users\/6"}],"replies":[{"embeddable":true,"href":"https:\/\/consriodejaneiro.esteri.it\/br\/wp-json\/wp\/v2\/comments?post=431"}],"version-history":[{"count":6,"href":"https:\/\/consriodejaneiro.esteri.it\/br\/wp-json\/wp\/v2\/pages\/431\/revisions"}],"predecessor-version":[{"id":5382,"href":"https:\/\/consriodejaneiro.esteri.it\/br\/wp-json\/wp\/v2\/pages\/431\/revisions\/5382"}],"up":[{"embeddable":true,"href":"https:\/\/consriodejaneiro.esteri.it\/br\/wp-json\/wp\/v2\/pages\/199"}],"wp:attachment":[{"href":"https:\/\/consriodejaneiro.esteri.it\/br\/wp-json\/wp\/v2\/media?parent=431"}],"curies":[{"name":"wp","href":"https:\/\/api.w.org\/{rel}","templated":true}]}}