{"id":455,"date":"2023-05-25T21:42:57","date_gmt":"2023-05-25T19:42:57","guid":{"rendered":"https:\/\/consolatorio.esteri.it\/?page_id=455"},"modified":"2023-12-04T19:06:00","modified_gmt":"2023-12-04T18:06:00","slug":"como-criar-sua-conta-no-portal-fast-it","status":"publish","type":"page","link":"https:\/\/consriodejaneiro.esteri.it\/br\/servizi-consolari-e-visti\/servizi-per-il-cittadino-italiano\/anagrafe-degli-italiani-residenti-allestero-aire\/como-criar-sua-conta-no-portal-fast-it\/","title":{"rendered":"Como Criar sua conta no Portal \u201cFAST IT\u201d"},"content":{"rendered":"<ol>\n<li>Acessar o link <a href=\"https:\/\/serviziconsolari.esteri.it\/ScoFE\/index.sco\"><strong>https:\/\/serviziconsolari.esteri.it\/ScoFE\/index.sco<\/strong><\/a> e escolher o campo REGISTRA\u00c7\u00c3O.<\/li>\n<\/ol>\n<p><strong><u>ATEN\u00c7\u00c3O<\/u><\/strong>! <strong>\u00c9 IMPRESCIND\u00cdVEL REALIZAR A REGISTRA\u00c7\u00c3O NO FAST IT INSERENDO OS DADOS (NOME, SOBRENOME E DATA DE NASCIMENTO) EXATAMENTE COMO REGISTRADOS NO CADASTRO ITALIANO<\/strong> Por favor, verifique a exatid\u00e3o dos dados pessoais no recibo entregue pelo Consulado ou pelo Comune ou eventualmente no passaporte italiano.<\/p>\n<p>Para mais informa\u00e7\u00f5es <a href=\"https:\/\/consriodejaneiro.esteri.it\/br\/servizi-consolari-e-visti\/servizi-per-il-cittadino-italiano\/anagrafe-degli-italiani-residenti-allestero-aire\/como-criar-sua-conta-no-portal-fast-it\/instrucoes\/\"><strong>Clique aqui<\/strong><\/a><\/p>\n<ol start=\"2\">\n<li>Criar um account e senha para FAST IT.<\/li>\n<li>Ativar o account atrav\u00e9s do link recebido no e-mail.<\/li>\n<\/ol>\n","protected":false},"excerpt":{"rendered":"Acessar o link https:\/\/serviziconsolari.esteri.it\/ScoFE\/index.sco e escolher o campo REGISTRA\u00c7\u00c3O. ATEN\u00c7\u00c3O! \u00c9 IMPRESCIND\u00cdVEL REALIZAR A REGISTRA\u00c7\u00c3O NO FAST IT INSERENDO OS DADOS (NOME, SOBRENOME E DATA DE NASCIMENTO) EXATAMENTE COMO REGISTRADOS NO CADASTRO ITALIANO Por favor, verifique a exatid\u00e3o dos dados pessoais no recibo entregue pelo Consulado ou pelo Comune ou eventualmente no passaporte italiano. Para [&hellip;]","protected":false},"author":6,"featured_media":0,"parent":201,"menu_order":1,"comment_status":"closed","ping_status":"closed","template":"","meta":{"footnotes":""},"class_list":["post-455","page","type-page","status-publish","hentry"],"_links":{"self":[{"href":"https:\/\/consriodejaneiro.esteri.it\/br\/wp-json\/wp\/v2\/pages\/455","targetHints":{"allow":["GET"]}}],"collection":[{"href":"https:\/\/consriodejaneiro.esteri.it\/br\/wp-json\/wp\/v2\/pages"}],"about":[{"href":"https:\/\/consriodejaneiro.esteri.it\/br\/wp-json\/wp\/v2\/types\/page"}],"author":[{"embeddable":true,"href":"https:\/\/consriodejaneiro.esteri.it\/br\/wp-json\/wp\/v2\/users\/6"}],"replies":[{"embeddable":true,"href":"https:\/\/consriodejaneiro.esteri.it\/br\/wp-json\/wp\/v2\/comments?post=455"}],"version-history":[{"count":2,"href":"https:\/\/consriodejaneiro.esteri.it\/br\/wp-json\/wp\/v2\/pages\/455\/revisions"}],"predecessor-version":[{"id":1895,"href":"https:\/\/consriodejaneiro.esteri.it\/br\/wp-json\/wp\/v2\/pages\/455\/revisions\/1895"}],"up":[{"embeddable":true,"href":"https:\/\/consriodejaneiro.esteri.it\/br\/wp-json\/wp\/v2\/pages\/201"}],"wp:attachment":[{"href":"https:\/\/consriodejaneiro.esteri.it\/br\/wp-json\/wp\/v2\/media?parent=455"}],"curies":[{"name":"wp","href":"https:\/\/api.w.org\/{rel}","templated":true}]}}