{"id":4601,"date":"2025-04-01T17:15:12","date_gmt":"2025-04-01T15:15:12","guid":{"rendered":"https:\/\/consriodejaneiro.esteri.it\/?page_id=4601"},"modified":"2025-04-24T14:27:58","modified_gmt":"2025-04-24T12:27:58","slug":"referendos-abrogativos-08-e-09-de-junho-2025","status":"publish","type":"page","link":"https:\/\/consriodejaneiro.esteri.it\/br\/servizi-consolari-e-visti\/servizi-per-il-cittadino-italiano\/servicos-eleitorais\/referendos-abrogativos-08-e-09-de-junho-2025\/","title":{"rendered":"Referendos abrogativos 2025"},"content":{"rendered":"<p><img loading=\"lazy\" decoding=\"async\" class=\"alignnone wp-image-4610 img-fluid aligncenter\" src=\"https:\/\/consriodejaneiro.esteri.it\/wp-content\/uploads\/2025\/04\/1-Referendum-2025-300x169.jpg\" alt=\"\" width=\"371\" height=\"209\" srcset=\"https:\/\/consriodejaneiro.esteri.it\/wp-content\/uploads\/2025\/04\/1-Referendum-2025-300x169.jpg 300w, https:\/\/consriodejaneiro.esteri.it\/wp-content\/uploads\/2025\/04\/1-Referendum-2025-768x432.jpg 768w, https:\/\/consriodejaneiro.esteri.it\/wp-content\/uploads\/2025\/04\/1-Referendum-2025.jpg 914w\" sizes=\"auto, (max-width: 371px) 100vw, 371px\" \/><\/p>\n<p style=\"text-align: justify;\"><strong>Sobre o que ser\u00e1 a vota\u00e7\u00e3o?<\/strong><\/p>\n<p style=\"text-align: justify;\">Por meio dos Decretos do Presidente da Rep\u00fablica de 31\/03\/2025, publicados na Gazzetta Ufficiale, Serie Generale, n\u00ba 75, de 31\/03\/2025, foram convocados 5 referendos populares abrogativos para:<\/p>\n<p style=\"text-align: justify;\"><strong>1. Cidadania italiana:<\/strong>\u00a0Redu\u00e7\u00e3o do tempo m\u00ednimo de resid\u00eancia legal na It\u00e1lia para estrangeiros extracomunit\u00e1rios maiores de idade, de 10 para 5 anos, para solicita\u00e7\u00e3o da cidadania italiana.<br \/>\n<strong>2. Contrato de trabalho com prote\u00e7\u00f5es progressivas<\/strong>\u00a0\u2013 regulamenta\u00e7\u00e3o de demiss\u00f5es il\u00edcitas: Revoga\u00e7\u00e3o.<br \/>\n<strong>3. Pequenas empresas \u2013<\/strong>\u00a0demiss\u00f5es e indeniza\u00e7\u00f5es correspondentes: Revoga\u00e7\u00e3o parcial.<br \/>\n4. Revoga\u00e7\u00e3o parcial das normas sobre prazos nos\u00a0<strong>contratos de trabalho subordinado<\/strong>, dura\u00e7\u00e3o m\u00e1xima e condi\u00e7\u00f5es para prorroga\u00e7\u00f5es e renova\u00e7\u00f5es.<br \/>\n5.\u00a0<strong>Exclus\u00e3o da responsabilidade solid\u00e1ria do contratante<\/strong>, do empreiteiro e do subempreiteiro por acidentes sofridos por trabalhadores da empresa contratada ou subcontratada, quando decorrentes de riscos espec\u00edficos inerentes \u00e0 atividade dessas empresas: Revoga\u00e7\u00e3o.<\/p>\n<p style=\"text-align: justify;\"><strong>Quem pode votar no exterior?<\/strong><\/p>\n<p style=\"text-align: justify;\">\u2022 Eleitores registrados no AIRE (Anagrafe degli Italiani Residenti all\u2019Estero \u2013 Cadastro dos Italianos Residentes no Exterior), que receber\u00e3o o envelope eleitoral diretamente no endere\u00e7o de resid\u00eancia no exterior.<br \/>\n\u2022 Italianos temporariamente no exterior por pelo menos tr\u00eas meses, exclusivamente POR MOTIVOS DE TRABALHO, ESTUDO OU TRATAMENTO M\u00c9DICO, assim como seus familiares que residam com eles no exterior.<\/p>\n<p style=\"text-align: justify;\"><strong>ATEN\u00c7\u00c3O<\/strong>: o eleitor temporariamente no exterior deve apresentar um pedido espec\u00edfico ao seu Munic\u00edpio (Comune) de resid\u00eancia na It\u00e1lia AT\u00c9 7 DE MAIO para receber o envelope eleitoral.<\/p>\n<p style=\"text-align: justify;\"><strong>Quando ser\u00e1 a vota\u00e7\u00e3o?<\/strong><\/p>\n<p style=\"text-align: justify;\">\u2022\u00a0<strong>Na It\u00e1lia, a vota\u00e7\u00e3o ocorrer\u00e1 no domingo, 8 de junho, e na segunda-feira, 9 de junho de 2025.<\/strong><\/p>\n<p style=\"text-align: justify;\">Eleitores no exterior votam antecipadamente, por correspond\u00eancia. Os envelopes com o material eleitoral ser\u00e3o enviados ao endere\u00e7o de resid\u00eancia at\u00e9 21 DE MAIO.<\/p>\n<p style=\"text-align: justify;\"><strong>ATEN\u00c7\u00c3O<\/strong>: eleitores que at\u00e9 25 DE MAIO ainda n\u00e3o tiverem recebido o envelope eleitoral poder\u00e3o entrar em contato com o respectivo escrit\u00f3rio consular de refer\u00eancia para solicitar a SEGUNDA VIA.<\/p>\n<p style=\"text-align: justify;\"><strong>Como votar?<\/strong><\/p>\n<p style=\"text-align: justify;\">A vota\u00e7\u00e3o ser\u00e1 feita por correspond\u00eancia. As c\u00e9dulas devem ser devolvidas ao consulado, seguindo rigorosamente as instru\u00e7\u00f5es contidas no informativo que se encontra dentro do envelope eleitoral e utilizando apenas o material fornecido. Somente as c\u00e9dulas entregues ao respectivo escrit\u00f3rio consular AT\u00c9 AS 16 HORAS (hor\u00e1rio local) da quinta-feira, 5 DE JUNHO, ser\u00e3o enviadas para a It\u00e1lia para a apura\u00e7\u00e3o dos votos.<\/p>\n<p><strong><span style=\"text-decoration: underline;\">Para mais detalhes, seguem as <a href=\"https:\/\/consriodejaneiro.esteri.it\/wp-content\/uploads\/2025\/04\/Instrucoes-para-os-eleitores_PT.docx\">Instru\u00e7\u00f5es<\/a> com todas as informa\u00e7\u00f5es necess\u00e1rias e as <\/span><a href=\"https:\/\/consriodejaneiro.esteri.it\/wp-content\/uploads\/2025\/04\/Instrucoes-graficas-de-voto_PT.doc\"><span style=\"text-decoration: underline;\">Instru\u00e7\u00f5es gr\u00e1ficas<\/span><\/a><\/strong><\/p>\n<p>Mais informa\u00e7\u00f5es: <a href=\"https:\/\/consriodejaneiro.esteri.it\/br\/news\/dal_consolato\/2025\/04\/refendos-abrogativos-8-e-9-de-junho-2025\/\">clique aqui<\/a><\/p>\n","protected":false},"excerpt":{"rendered":"Sobre o que ser\u00e1 a vota\u00e7\u00e3o? Por meio dos Decretos do Presidente da Rep\u00fablica de 31\/03\/2025, publicados na Gazzetta Ufficiale, Serie Generale, n\u00ba 75, de 31\/03\/2025, foram convocados 5 referendos populares abrogativos para: 1. Cidadania italiana:\u00a0Redu\u00e7\u00e3o do tempo m\u00ednimo de resid\u00eancia legal na It\u00e1lia para estrangeiros extracomunit\u00e1rios maiores de idade, de 10 para 5 anos, [&hellip;]","protected":false},"author":6,"featured_media":4562,"parent":4613,"menu_order":0,"comment_status":"closed","ping_status":"closed","template":"","meta":{"footnotes":""},"class_list":["post-4601","page","type-page","status-publish","has-post-thumbnail","hentry"],"_links":{"self":[{"href":"https:\/\/consriodejaneiro.esteri.it\/br\/wp-json\/wp\/v2\/pages\/4601","targetHints":{"allow":["GET"]}}],"collection":[{"href":"https:\/\/consriodejaneiro.esteri.it\/br\/wp-json\/wp\/v2\/pages"}],"about":[{"href":"https:\/\/consriodejaneiro.esteri.it\/br\/wp-json\/wp\/v2\/types\/page"}],"author":[{"embeddable":true,"href":"https:\/\/consriodejaneiro.esteri.it\/br\/wp-json\/wp\/v2\/users\/6"}],"replies":[{"embeddable":true,"href":"https:\/\/consriodejaneiro.esteri.it\/br\/wp-json\/wp\/v2\/comments?post=4601"}],"version-history":[{"count":6,"href":"https:\/\/consriodejaneiro.esteri.it\/br\/wp-json\/wp\/v2\/pages\/4601\/revisions"}],"predecessor-version":[{"id":4731,"href":"https:\/\/consriodejaneiro.esteri.it\/br\/wp-json\/wp\/v2\/pages\/4601\/revisions\/4731"}],"up":[{"embeddable":true,"href":"https:\/\/consriodejaneiro.esteri.it\/br\/wp-json\/wp\/v2\/pages\/4613"}],"wp:featuredmedia":[{"embeddable":true,"href":"https:\/\/consriodejaneiro.esteri.it\/br\/wp-json\/wp\/v2\/media\/4562"}],"wp:attachment":[{"href":"https:\/\/consriodejaneiro.esteri.it\/br\/wp-json\/wp\/v2\/media?parent=4601"}],"curies":[{"name":"wp","href":"https:\/\/api.w.org\/{rel}","templated":true}]}}