{"id":4613,"date":"2025-04-03T15:33:55","date_gmt":"2025-04-03T13:33:55","guid":{"rendered":"https:\/\/consriodejaneiro.esteri.it\/?page_id=4613"},"modified":"2025-04-03T15:35:30","modified_gmt":"2025-04-03T13:35:30","slug":"servicos-eleitorais","status":"publish","type":"page","link":"https:\/\/consriodejaneiro.esteri.it\/br\/servizi-consolari-e-visti\/servizi-per-il-cittadino-italiano\/servicos-eleitorais\/","title":{"rendered":"Servi\u00e7os eleitorais"},"content":{"rendered":"<p><a title=\"Collegamento a pagina del sito del Ministero degli Affari Esteri\" href=\"https:\/\/www.esteri.it\/it\/servizi-consolari-e-visti\/italiani-all-estero\/votoestero\/\"><strong>Normativa Generale in Materia Elettorale \u2013 Informazioni dal sito del Ministero degli Affari Esteri<br \/>\n<\/strong><\/a><\/p>\n<header class=\"entry-header\">\n<p class=\"entry-title h3\"><strong>SERVI\u00c7OS ELEITORAIS<\/strong><\/p>\n<\/header>\n<div class=\"entry-content\">\n<p>O Escrit\u00f3rio de Servi\u00e7os Eleitorais assegura a gest\u00e3o de todas as elei\u00e7\u00f5es nacionais e europeias, nas quais s\u00e3o chamados a participar os eleitores residentes na jurisdi\u00e7\u00e3o eleitoral.<\/p>\n<\/div>\n","protected":false},"excerpt":{"rendered":"Normativa Generale in Materia Elettorale \u2013 Informazioni dal sito del Ministero degli Affari Esteri SERVI\u00c7OS ELEITORAIS O Escrit\u00f3rio de Servi\u00e7os Eleitorais assegura a gest\u00e3o de todas as elei\u00e7\u00f5es nacionais e europeias, nas quais s\u00e3o chamados a participar os eleitores residentes na jurisdi\u00e7\u00e3o eleitoral.","protected":false},"author":6,"featured_media":0,"parent":98,"menu_order":0,"comment_status":"closed","ping_status":"closed","template":"","meta":{"footnotes":""},"class_list":["post-4613","page","type-page","status-publish","hentry"],"_links":{"self":[{"href":"https:\/\/consriodejaneiro.esteri.it\/br\/wp-json\/wp\/v2\/pages\/4613","targetHints":{"allow":["GET"]}}],"collection":[{"href":"https:\/\/consriodejaneiro.esteri.it\/br\/wp-json\/wp\/v2\/pages"}],"about":[{"href":"https:\/\/consriodejaneiro.esteri.it\/br\/wp-json\/wp\/v2\/types\/page"}],"author":[{"embeddable":true,"href":"https:\/\/consriodejaneiro.esteri.it\/br\/wp-json\/wp\/v2\/users\/6"}],"replies":[{"embeddable":true,"href":"https:\/\/consriodejaneiro.esteri.it\/br\/wp-json\/wp\/v2\/comments?post=4613"}],"version-history":[{"count":1,"href":"https:\/\/consriodejaneiro.esteri.it\/br\/wp-json\/wp\/v2\/pages\/4613\/revisions"}],"predecessor-version":[{"id":4616,"href":"https:\/\/consriodejaneiro.esteri.it\/br\/wp-json\/wp\/v2\/pages\/4613\/revisions\/4616"}],"up":[{"embeddable":true,"href":"https:\/\/consriodejaneiro.esteri.it\/br\/wp-json\/wp\/v2\/pages\/98"}],"wp:attachment":[{"href":"https:\/\/consriodejaneiro.esteri.it\/br\/wp-json\/wp\/v2\/media?parent=4613"}],"curies":[{"name":"wp","href":"https:\/\/api.w.org\/{rel}","templated":true}]}}