{"id":470,"date":"2023-05-24T23:30:46","date_gmt":"2023-05-24T21:30:46","guid":{"rendered":"https:\/\/consolatorio.esteri.it\/?page_id=470"},"modified":"2024-01-15T16:26:23","modified_gmt":"2024-01-15T15:26:23","slug":"prenotmi","status":"publish","type":"page","link":"https:\/\/consriodejaneiro.esteri.it\/br\/servizi-consolari-e-visti\/servizi-per-il-cittadino-italiano\/altri-servizi\/prenotmi\/","title":{"rendered":"Prenot@mi"},"content":{"rendered":"<p>O Portal\u00a0<a href=\"https:\/\/prenotami.esteri.it\/\">Prenot@mi<\/a>, ativo desde 29 de novembro de 2022, \u00e9 o novo servi\u00e7o de agendamento para os servi\u00e7os consulares.<\/p>\n<p>Para maiores informa\u00e7\u00f5es e para baixar o manual completo sobre o portal\u00a0<a href=\"https:\/\/consriodejaneiro.esteri.it\/wp-content\/uploads\/2023\/08\/Manuale-Cittadino-Prenotami-Vers-1.pdf\">clique aqui<\/a>.<\/p>\n<p>Em caso de assist<span class=\"text__translation\" dir=\"ltr\">\u00ea<\/span>ncia t\u00e9cnica: <strong><a href=\"mailto:riodejaneiro.prenota@esteri.it\">riodejaneiro.prenota@esteri.it\u00a0<\/a>\u00a0<\/strong><\/p>\n<p>&nbsp;<\/p>\n","protected":false},"excerpt":{"rendered":"O Portal\u00a0Prenot@mi, ativo desde 29 de novembro de 2022, \u00e9 o novo servi\u00e7o de agendamento para os servi\u00e7os consulares. Para maiores informa\u00e7\u00f5es e para baixar o manual completo sobre o portal\u00a0clique aqui. Em caso de assist\u00eancia t\u00e9cnica: riodejaneiro.prenota@esteri.it\u00a0\u00a0 &nbsp;","protected":false},"author":6,"featured_media":0,"parent":210,"menu_order":0,"comment_status":"closed","ping_status":"closed","template":"","meta":{"footnotes":""},"class_list":["post-470","page","type-page","status-publish","hentry"],"_links":{"self":[{"href":"https:\/\/consriodejaneiro.esteri.it\/br\/wp-json\/wp\/v2\/pages\/470","targetHints":{"allow":["GET"]}}],"collection":[{"href":"https:\/\/consriodejaneiro.esteri.it\/br\/wp-json\/wp\/v2\/pages"}],"about":[{"href":"https:\/\/consriodejaneiro.esteri.it\/br\/wp-json\/wp\/v2\/types\/page"}],"author":[{"embeddable":true,"href":"https:\/\/consriodejaneiro.esteri.it\/br\/wp-json\/wp\/v2\/users\/6"}],"replies":[{"embeddable":true,"href":"https:\/\/consriodejaneiro.esteri.it\/br\/wp-json\/wp\/v2\/comments?post=470"}],"version-history":[{"count":5,"href":"https:\/\/consriodejaneiro.esteri.it\/br\/wp-json\/wp\/v2\/pages\/470\/revisions"}],"predecessor-version":[{"id":2098,"href":"https:\/\/consriodejaneiro.esteri.it\/br\/wp-json\/wp\/v2\/pages\/470\/revisions\/2098"}],"up":[{"embeddable":true,"href":"https:\/\/consriodejaneiro.esteri.it\/br\/wp-json\/wp\/v2\/pages\/210"}],"wp:attachment":[{"href":"https:\/\/consriodejaneiro.esteri.it\/br\/wp-json\/wp\/v2\/media?parent=470"}],"curies":[{"name":"wp","href":"https:\/\/api.w.org\/{rel}","templated":true}]}}