{"id":4846,"date":"2025-05-20T18:19:52","date_gmt":"2025-05-20T16:19:52","guid":{"rendered":"https:\/\/consriodejaneiro.esteri.it\/?page_id=4846"},"modified":"2025-05-28T17:48:17","modified_gmt":"2025-05-28T15:48:17","slug":"referendum-abrogativi-2025-rilascio-dei-duplicati","status":"publish","type":"page","link":"https:\/\/consriodejaneiro.esteri.it\/br\/servizi-consolari-e-visti\/servizi-per-il-cittadino-italiano\/servicos-eleitorais\/referendos-abrogativos-08-e-09-de-junho-2025\/referendum-abrogativi-2025-rilascio-dei-duplicati\/","title":{"rendered":"REFERENDUM ABROGATIVI 2025: EMISS\u00c3O DE DUPLICADOS"},"content":{"rendered":"<div class=\"flex basis-auto flex-col -mb-(--composer-overlap-px) [--composer-overlap-px:24px] grow overflow-hidden\">\n<div class=\"relative h-full\">\n<div class=\"flex h-full flex-col overflow-y-auto [scrollbar-gutter:stable_both-edges] @[84rem]\/thread:pt-(--header-height)\">\n<div class=\"@thread-xl\/thread:pt-header-height mt-1.5 flex flex-col text-sm pb-25\">\n<article class=\"text-token-text-primary w-full\" dir=\"auto\" data-testid=\"conversation-turn-4\" data-scroll-anchor=\"true\">\n<div class=\"text-base my-auto mx-auto py-5 [--thread-content-margin:--spacing(4)] @[37rem]:[--thread-content-margin:--spacing(6)] @[72rem]:[--thread-content-margin:--spacing(16)] px-(--thread-content-margin)\">\n<div class=\"[--thread-content-max-width:32rem] @[34rem]:[--thread-content-max-width:40rem] @[64rem]:[--thread-content-max-width:48rem] mx-auto flex max-w-(--thread-content-max-width) flex-1 text-base gap-4 md:gap-5 lg:gap-6 group\/turn-messages focus-visible:outline-hidden\" tabindex=\"-1\">\n<div class=\"group\/conversation-turn relative flex w-full min-w-0 flex-col agent-turn\">\n<div class=\"relative flex-col gap-1 md:gap-3\">\n<div class=\"flex max-w-full flex-col grow\">\n<div class=\"min-h-8 text-message relative flex w-full flex-col items-end gap-2 text-start break-words whitespace-normal [.text-message+&amp;]:mt-5\" dir=\"auto\" data-message-author-role=\"assistant\" data-message-id=\"fc795c4d-ca2a-457a-8e38-e2776f94e809\" data-message-model-slug=\"gpt-4o\">\n<div class=\"flex w-full flex-col gap-1 empty:hidden first:pt-[3px]\">\n<div class=\"markdown prose dark:prose-invert w-full break-words light\">\n<p style=\"text-align: justify;\" data-start=\"50\" data-end=\"354\"><strong data-start=\"50\" data-end=\"93\">A PARTIR DE DOMINGO, 25 DE MAIO DE 2025<\/strong>, os eleitores que ainda n\u00e3o tiverem recebido o envelope eleitoral para o voto por correspond\u00eancia relativo aos referendos abrogativos dos dias <strong data-start=\"237\" data-end=\"255\">8 e 9 de junho<\/strong> em seu endere\u00e7o de resid\u00eancia poder\u00e3o <strong data-start=\"294\" data-end=\"320\">solicitar um DUPLICADO<\/strong> junto a este <strong data-start=\"334\" data-end=\"353\">Consulado Geral<\/strong>.<\/p>\n<p style=\"text-align: justify;\" data-start=\"356\" data-end=\"739\">O pedido de duplicado poder\u00e1 ser apresentado pessoalmente no Escrit\u00f3rio Consular ou enviado por correio, por e-mail comum para o endere\u00e7o<a href=\"mailto:anagr.riodejaneiro@esteri.it\"> <strong data-start=\"494\" data-end=\"526\">anagr.riodejaneiro@esteri.it<\/strong><\/a> ou por e-mail certificado para <strong data-start=\"558\" data-end=\"588\"><a class=\"cursor-pointer\" href=\"mailto:con.riodejaneiro@esteri.it\" rel=\"noopener\" data-start=\"560\" data-end=\"586\">con.riodejaneiro@esteri.it<\/a><\/strong>. O pedido \u2013 que pode ser redigido utilizando o formul\u00e1rio dispon\u00edvel aqui (<a href=\"https:\/\/consriodejaneiro.esteri.it\/wp-content\/uploads\/2025\/05\/Richiesta-rilascio-duplicato.docx\">CLIQUE AQUI)<\/a> \u2013 dever\u00e1 ser acompanhado de um documento de identidade v\u00e1lido.<\/p>\n<p style=\"text-align: justify;\" data-start=\"741\" data-end=\"1241\">Os eleitores que solicitarem o duplicado do envelope eleitoral dever\u00e3o declarar estar cientes das responsabilidades penais decorrentes do duplo voto, conforme previsto no art. 18, par\u00e1grafo 2\u00ba, da Lei 459\/2001, segundo o qual:<br data-start=\"967\" data-end=\"970\" \/><strong data-start=\"970\" data-end=\"1241\">\u201cQuem, por ocasi\u00e3o das elei\u00e7\u00f5es das C\u00e2maras ou de referendos, votar tanto por correspond\u00eancia quanto na se\u00e7\u00e3o eleitoral de \u00faltima inscri\u00e7\u00e3o na It\u00e1lia, ou votar mais de uma vez por correspond\u00eancia, ser\u00e1 punido com reclus\u00e3o de um a tr\u00eas anos e multa de 52 a 258 euros.\u201d<\/strong><\/p>\n<p style=\"text-align: justify;\" data-start=\"1243\" data-end=\"1594\">Ap\u00f3s as devidas verifica\u00e7\u00f5es, este Consulado Geral fornecer\u00e1 as instru\u00e7\u00f5es necess\u00e1rias aos interessados para a emiss\u00e3o do duplicado. O duplicado poder\u00e1 ser enviado ao endere\u00e7o de resid\u00eancia do eleitor requerente (caso haja tempo h\u00e1bil para o recebimento do envelope) ou entregue pessoalmente, durante o hor\u00e1rio de funcionamento do Escrit\u00f3rio Consular.<\/p>\n<p style=\"text-align: justify;\" data-start=\"1596\" data-end=\"1779\">Por fim, lembramos que os envelopes pr\u00e9-franqueados contendo as c\u00e9dulas votadas dever\u00e3o <strong data-start=\"1684\" data-end=\"1778\">chegar a este Consulado impreterivelmente at\u00e9 \u00e0s 16h00 de quinta-feira, 5 de junho de 2025<\/strong>.<\/p>\n<\/div>\n<\/div>\n<\/div>\n<\/div>\n<\/div>\n<\/div>\n<\/div>\n<\/div>\n<\/article>\n<\/div>\n<\/div>\n<\/div>\n<\/div>\n","protected":false},"excerpt":{"rendered":"A PARTIR DE DOMINGO, 25 DE MAIO DE 2025, os eleitores que ainda n\u00e3o tiverem recebido o envelope eleitoral para o voto por correspond\u00eancia relativo aos referendos abrogativos dos dias 8 e 9 de junho em seu endere\u00e7o de resid\u00eancia poder\u00e3o solicitar um DUPLICADO junto a este Consulado Geral. O pedido de duplicado poder\u00e1 ser [&hellip;]","protected":false},"author":6,"featured_media":0,"parent":4601,"menu_order":0,"comment_status":"closed","ping_status":"closed","template":"","meta":{"footnotes":""},"class_list":["post-4846","page","type-page","status-publish","hentry"],"_links":{"self":[{"href":"https:\/\/consriodejaneiro.esteri.it\/br\/wp-json\/wp\/v2\/pages\/4846","targetHints":{"allow":["GET"]}}],"collection":[{"href":"https:\/\/consriodejaneiro.esteri.it\/br\/wp-json\/wp\/v2\/pages"}],"about":[{"href":"https:\/\/consriodejaneiro.esteri.it\/br\/wp-json\/wp\/v2\/types\/page"}],"author":[{"embeddable":true,"href":"https:\/\/consriodejaneiro.esteri.it\/br\/wp-json\/wp\/v2\/users\/6"}],"replies":[{"embeddable":true,"href":"https:\/\/consriodejaneiro.esteri.it\/br\/wp-json\/wp\/v2\/comments?post=4846"}],"version-history":[{"count":5,"href":"https:\/\/consriodejaneiro.esteri.it\/br\/wp-json\/wp\/v2\/pages\/4846\/revisions"}],"predecessor-version":[{"id":4910,"href":"https:\/\/consriodejaneiro.esteri.it\/br\/wp-json\/wp\/v2\/pages\/4846\/revisions\/4910"}],"up":[{"embeddable":true,"href":"https:\/\/consriodejaneiro.esteri.it\/br\/wp-json\/wp\/v2\/pages\/4601"}],"wp:attachment":[{"href":"https:\/\/consriodejaneiro.esteri.it\/br\/wp-json\/wp\/v2\/media?parent=4846"}],"curies":[{"name":"wp","href":"https:\/\/api.w.org\/{rel}","templated":true}]}}