{"id":5203,"date":"2025-06-20T20:45:14","date_gmt":"2025-06-20T18:45:14","guid":{"rendered":"https:\/\/consriodejaneiro.esteri.it\/?page_id=5203"},"modified":"2026-03-25T14:59:05","modified_gmt":"2026-03-25T13:59:05","slug":"5203-2","status":"publish","type":"page","link":"https:\/\/consriodejaneiro.esteri.it\/br\/servizi-consolari-e-visti\/servizi-per-il-cittadino-straniero\/cittadinanza\/cidadania-por-descendencia-iure-sanguinis\/5203-2\/","title":{"rendered":"Novos casos de aquisi\u00e7\u00e3o da cidadania no exterior \u2013 filhos menores de cidad\u00e3os n\u00e3o exclusivamente italianos que n\u00e3o transmitem automaticamente a cidadania"},"content":{"rendered":"<p data-start=\"205\" data-end=\"706\"><strong>A reforma da lei sobre a cidadania modificou os requisitos para a transmiss\u00e3o da cidadania em favor dos filhos menores de cidad\u00e3os italianos nascidos no exterior.<\/strong><br data-start=\"367\" data-end=\"370\" \/>Por meio de uma <strong data-start=\"386\" data-end=\"411\">declara\u00e7\u00e3o de vontade<\/strong>, acompanhada da documenta\u00e7\u00e3o necess\u00e1ria, o(s) genitor(es) italiano(s) <strong data-start=\"482\" data-end=\"500\">por nascimento<\/strong> poder\u00e3o transmitir a cidadania a t\u00edtulo de <strong data-start=\"544\" data-end=\"566\">\u201cbenef\u00edcio de lei\u201d<\/strong>, que produz efeitos <strong data-start=\"587\" data-end=\"644\">a partir do dia seguinte \u00e0 apresenta\u00e7\u00e3o da declara\u00e7\u00e3o<\/strong>, assinada por ambos os pais, <strong data-start=\"674\" data-end=\"705\">e n\u00e3o mais \u201cpor nascimento\u201d<\/strong>.<\/p>\n<p data-start=\"708\" data-end=\"930\"><span style=\"color: #ff0000;\">Recomenda-se <strong data-start=\"721\" data-end=\"795\">N\u00c3O enviar certid\u00f5es de nascimento ou senten\u00e7as de ado\u00e7\u00e3o pelo correio<\/strong>, devendo ser seguidas atentamente as instru\u00e7\u00f5es abaixo. Eventuais documentos recebidos n\u00e3o poder\u00e3o ser processados e ser\u00e3o devolvidos.<\/span><\/p>\n<p data-start=\"932\" data-end=\"1107\">A <strong data-start=\"934\" data-end=\"973\">Lei Or\u00e7ament\u00e1ria para o ano de 2026<\/strong> introduziu modifica\u00e7\u00f5es no processo de aquisi\u00e7\u00e3o da cidadania italiana para os filhos menores de cidad\u00e3os italianos por descend\u00eancia.<\/p>\n<p data-start=\"1109\" data-end=\"1309\">As modifica\u00e7\u00f5es dizem respeito \u00e0 aquisi\u00e7\u00e3o da cidadania italiana por menores <strong data-start=\"1186\" data-end=\"1235\">nascidos no exterior (por exemplo, no Brasil)<\/strong>, filhos de pelo menos um genitor com cidadania italiana por descend\u00eancia:<\/p>\n<ol data-start=\"1311\" data-end=\"1638\">\n<li data-start=\"1311\" data-end=\"1507\">\n<p data-start=\"1314\" data-end=\"1507\"><strong data-start=\"1314\" data-end=\"1358\">Menores nascidos ap\u00f3s 25 de maio de 2025<\/strong>: os pais podem apresentar a declara\u00e7\u00e3o de vontade para aquisi\u00e7\u00e3o da cidadania <strong data-start=\"1437\" data-end=\"1506\">no prazo de at\u00e9 tr\u00eas anos a contar da data de nascimento do menor<\/strong>;<\/p>\n<\/li>\n<li data-start=\"1509\" data-end=\"1638\">\n<p data-start=\"1512\" data-end=\"1638\"><strong data-start=\"1512\" data-end=\"1560\">Menores nascidos antes de 25 de maio de 2025<\/strong>: os pais devem apresentar a declara\u00e7\u00e3o de vontade <strong data-start=\"1611\" data-end=\"1637\">at\u00e9 31 de maio de 2029<\/strong>.<\/p>\n<\/li>\n<\/ol>\n<p data-start=\"1640\" data-end=\"1857\">Todas as declara\u00e7\u00f5es relativas a menores (tanto os nascidos antes quanto depois de 25 de maio de 2025) s\u00e3o <strong data-start=\"1747\" data-end=\"1760\">gratuitas<\/strong>, n\u00e3o sendo mais exigido o pagamento da taxa de <strong data-start=\"1808\" data-end=\"1821\">250 euros<\/strong> em favor do Minist\u00e9rio do Interior.<\/p>\n<p data-start=\"1859\" data-end=\"2101\">As modifica\u00e7\u00f5es entram em vigor <strong data-start=\"1891\" data-end=\"1928\">a partir de 1\u00ba de janeiro de 2026<\/strong>. Portanto, a gratuidade aplica-se exclusivamente \u00e0s solicita\u00e7\u00f5es apresentadas a partir dessa data, <strong data-start=\"2028\" data-end=\"2071\">n\u00e3o estando previsto qualquer reembolso<\/strong> para pedidos j\u00e1 protocolados.<\/p>\n<h3 data-start=\"2108\" data-end=\"2119\">Premissa<\/h3>\n<p data-start=\"2121\" data-end=\"2414\">Os filhos menores de cidad\u00e3os italianos por nascimento, nascidos no exterior, <strong data-start=\"2199\" data-end=\"2245\">n\u00e3o s\u00e3o automaticamente cidad\u00e3os italianos<\/strong> com base nas modifica\u00e7\u00f5es normativas. A cidadania poder\u00e1 ser adquirida mediante <strong data-start=\"2326\" data-end=\"2367\">declara\u00e7\u00e3o dos pais ou do tutor legal<\/strong>, de acordo com os requisitos previstos em lei.<\/p>\n<p data-start=\"2416\" data-end=\"2461\">Nesse sentido, atualmente distingue-se entre:<\/p>\n<ul data-start=\"2463\" data-end=\"3193\">\n<li data-start=\"2463\" data-end=\"2821\">\n<p data-start=\"2465\" data-end=\"2821\"><strong data-start=\"2465\" data-end=\"2603\">Filhos menores de cidad\u00e3os italianos por nascimento que sejam menores de idade na data de entrada em vigor da lei (24 de maio de 2025)<\/strong>.<br data-start=\"2604\" data-end=\"2607\" \/>Nesse caso, os pais poder\u00e3o apresentar a declara\u00e7\u00e3o de vontade \u2013 acompanhada da documenta\u00e7\u00e3o completa e correta \u2013 <strong data-start=\"2723\" data-end=\"2779\">at\u00e9 \u00e0s 23h59 (hor\u00e1rio de Roma) de 31 de maio de 2029<\/strong>, seguindo o procedimento abaixo indicado.<\/p>\n<\/li>\n<li data-start=\"2823\" data-end=\"3193\">\n<p data-start=\"2825\" data-end=\"3193\"><strong data-start=\"2825\" data-end=\"2913\">Filhos menores de cidad\u00e3os italianos por nascimento nascidos ap\u00f3s 24 de maio de 2025<\/strong>.<br data-start=\"2914\" data-end=\"2917\" \/>Nesse caso, os pais dever\u00e3o apresentar a declara\u00e7\u00e3o de vontade \u2013 acompanhada da documenta\u00e7\u00e3o completa e correta \u2013 <strong data-start=\"3033\" data-end=\"3088\">dentro do prazo de tr\u00eas anos a partir do nascimento<\/strong> (ou da data de estabelecimento da filia\u00e7\u00e3o, em caso de ado\u00e7\u00e3o), seguindo o procedimento abaixo indicado.<\/p>\n<\/li>\n<\/ul>\n<p data-start=\"3195\" data-end=\"3331\">Solicita-se o <strong data-start=\"3209\" data-end=\"3259\">rigoroso cumprimento do hor\u00e1rio do agendamento<\/strong> comunicado pelo sistema <a href=\"https:\/\/prenotami.esteri.it\/\"><strong data-start=\"3284\" data-end=\"3297\">Prenot@mi<\/strong><\/a>. <strong data-start=\"3299\" data-end=\"3331\">Atrasos n\u00e3o ser\u00e3o tolerados.<\/strong><\/p>\n<p><span style=\"text-decoration: underline;\"><strong>Agendamento<\/strong><\/span><\/p>\n<p data-start=\"3354\" data-end=\"3497\">\u00c9 indispens\u00e1vel, inicialmente, <strong data-start=\"3385\" data-end=\"3436\">agendar um hor\u00e1rio por meio do portal<a href=\"https:\/\/prenotami.esteri.it\/\"> Prenot@mi<\/a><\/strong>, anexando <strong data-start=\"3447\" data-end=\"3496\">quatro documentos obrigat\u00f3rios em formato PDF<\/strong>:<\/p>\n<ul data-start=\"3499\" data-end=\"3670\">\n<li data-start=\"3499\" data-end=\"3529\">\n<p data-start=\"3501\" data-end=\"3529\">Comprovante de resid\u00eancia;<\/p>\n<\/li>\n<li data-start=\"3530\" data-end=\"3581\">\n<p data-start=\"3532\" data-end=\"3581\">Documento v\u00e1lido do genitor (cidad\u00e3o italiano);<\/p>\n<\/li>\n<li data-start=\"3582\" data-end=\"3620\">\n<p data-start=\"3584\" data-end=\"3620\">Documento v\u00e1lido do outro genitor;<\/p>\n<\/li>\n<li data-start=\"3621\" data-end=\"3670\">\n<p data-start=\"3623\" data-end=\"3670\">Documento e\/ou certid\u00e3o de nascimento do menor.<\/p>\n<\/li>\n<\/ul>\n<hr data-start=\"3672\" data-end=\"3675\" \/>\n<h2 data-start=\"3677\" data-end=\"3688\"><span style=\"color: #ff6600;\">CASO 1<\/span><\/h2>\n<p data-start=\"3689\" data-end=\"3782\"><em data-start=\"3689\" data-end=\"3731\">(art. 1\u00ba, par\u00e1grafo 1-ter do DL 36\/2025)<\/em><br data-start=\"3731\" data-end=\"3734\" \/><strong data-start=\"3734\" data-end=\"3782\">Filhos menores na data de 23 de maio de 2025<\/strong><\/p>\n<p data-start=\"3784\" data-end=\"3900\">No dia do agendamento (e, em qualquer caso, at\u00e9 31 de maio de 2029), dever\u00e1 ser apresentada a seguinte documenta\u00e7\u00e3o:<\/p>\n<ul data-start=\"3902\" data-end=\"5317\">\n<li data-start=\"3902\" data-end=\"4117\">\n<p data-start=\"3904\" data-end=\"4117\">Extrato da certid\u00e3o de nascimento do pai ou da m\u00e3e cidad\u00e3os italianos por nascimento <strong data-start=\"3989\" data-end=\"3995\">ou<\/strong> certificado de cidadania italiana por nascimento do pai ou da m\u00e3e (a ser solicitado junto ao Comune italiano competente);<\/p>\n<\/li>\n<li data-start=\"4118\" data-end=\"4463\">\n<p data-start=\"4120\" data-end=\"4463\">Certid\u00e3o de nascimento original do menor, em vers\u00e3o <strong data-start=\"4172\" data-end=\"4190\">\u201cinteiro teor\u201d<\/strong>, emitida pelo Cart\u00f3rio nos <strong data-start=\"4218\" data-end=\"4241\">12 meses anteriores<\/strong>, apostilada e traduzida para o italiano por tradutor juramentado (a tradu\u00e7\u00e3o tamb\u00e9m deve ser apostilada), juntamente com documento de identidade v\u00e1lido de ambos os pais (RG, carteira de identidade italiana ou passaporte);<\/p>\n<\/li>\n<li data-start=\"4464\" data-end=\"5317\">\n<p data-start=\"4466\" data-end=\"5317\">Caso o menor tenha nascido de pais <strong data-start=\"4501\" data-end=\"4527\">n\u00e3o legalmente casados<\/strong> ou antes do casamento e a certid\u00e3o de nascimento <strong data-start=\"4577\" data-end=\"4633\">n\u00e3o contenha a express\u00e3o \u201cforam declarantes os pais\u201d<\/strong>, ser\u00e1 necess\u00e1rio apresentar uma <strong data-start=\"4666\" data-end=\"4733\">declara\u00e7\u00e3o p\u00fablica de reconhecimento de maternidade\/paternidade<\/strong>, lavrada em Cart\u00f3rio brasileiro e assinada pelo genitor que n\u00e3o figure como declarante.<br data-start=\"4821\" data-end=\"4824\" \/>Caso o menor j\u00e1 tenha completado <strong data-start=\"4859\" data-end=\"4870\">14 anos<\/strong>, ser\u00e1 igualmente exigida a sua presen\u00e7a.<br data-start=\"4911\" data-end=\"4914\" \/>A referida declara\u00e7\u00e3o dever\u00e1 ser apostilada e traduzida para o italiano por tradutor juramentado brasileiro (tradu\u00e7\u00e3o tamb\u00e9m apostilada).<br data-start=\"5053\" data-end=\"5056\" \/>Se a certid\u00e3o de nascimento contiver a express\u00e3o \u201cforam declarantes os pais\u201d, n\u00e3o ser\u00e1 exigida a apresenta\u00e7\u00e3o da declara\u00e7\u00e3o de filia\u00e7\u00e3o.<br data-start=\"5194\" data-end=\"5197\" \/>O procedimento aplica-se igualmente aos casos em que os pais tenham contra\u00eddo matrim\u00f4nio ap\u00f3s o nascimento dos filhos.<\/p>\n<\/li>\n<\/ul>\n<hr data-start=\"5319\" data-end=\"5322\" \/>\n<h2 data-start=\"5324\" data-end=\"5335\"><span style=\"color: #ff6600;\">CASO 2<\/span><\/h2>\n<p data-start=\"5336\" data-end=\"5435\"><em data-start=\"5336\" data-end=\"5389\">(art. 4\u00ba, par\u00e1grafo 1-bis, al\u00ednea b da Lei 91\/1992)<\/em><br data-start=\"5389\" data-end=\"5392\" \/><strong data-start=\"5392\" data-end=\"5435\">Filhos nascidos ap\u00f3s 24 de maio de 2025<\/strong><\/p>\n<p data-start=\"5437\" data-end=\"5692\">Nesse caso, os menores dever\u00e3o ser registrados <strong data-start=\"5484\" data-end=\"5522\">at\u00e9 completarem tr\u00eas anos de idade<\/strong>, seguindo o mesmo procedimento e apresentando a mesma documenta\u00e7\u00e3o prevista no <strong data-start=\"5602\" data-end=\"5612\">CASO 1<\/strong>.<br data-start=\"5613\" data-end=\"5616\" \/><strong data-start=\"5616\" data-end=\"5665\">N\u00e3o \u00e9 devido o pagamento da taxa de 250 euros<\/strong> ao Minist\u00e9rio do Interior.<\/p>\n<hr data-start=\"5694\" data-end=\"5697\" \/>\n<h2 data-start=\"5699\" data-end=\"5733\">Aplica\u00e7\u00e3o da normativa anterior<\/h2>\n<p data-start=\"5735\" data-end=\"5786\">A normativa anterior aplica-se aos seguintes casos:<\/p>\n<ul data-start=\"5788\" data-end=\"6199\">\n<li data-start=\"5788\" data-end=\"5893\">\n<p data-start=\"5790\" data-end=\"5893\">pedidos de transcri\u00e7\u00e3o enviados ao Consulado <strong data-start=\"5835\" data-end=\"5892\">at\u00e9 \u00e0s 23h59 (hor\u00e1rio de Roma) de 27 de mar\u00e7o de 2025<\/strong>;<\/p>\n<\/li>\n<li data-start=\"5894\" data-end=\"5990\">\n<p data-start=\"5896\" data-end=\"5990\">menores que possuam <strong data-start=\"5916\" data-end=\"5964\">um genitor ou um av\u00f4 exclusivamente italiano<\/strong> no momento do nascimento;<\/p>\n<\/li>\n<li data-start=\"5991\" data-end=\"6199\">\n<p data-start=\"5993\" data-end=\"6199\">menores que possuam um genitor <strong data-start=\"6024\" data-end=\"6047\">com dupla cidadania<\/strong> que tenha residido na It\u00e1lia por pelo menos <strong data-start=\"6092\" data-end=\"6118\">dois anos consecutivos<\/strong> ap\u00f3s a aquisi\u00e7\u00e3o da cidadania italiana e antes do nascimento ou ado\u00e7\u00e3o do filho.<\/p>\n<\/li>\n<\/ul>\n<p data-start=\"6201\" data-end=\"6299\">Nesses casos, a aquisi\u00e7\u00e3o da cidadania ocorrer\u00e1 <strong data-start=\"6249\" data-end=\"6269\">\u201cpor nascimento\u201d<\/strong> e n\u00e3o por \u201cbenef\u00edcio de lei\u201d.<\/p>\n<p data-start=\"6301\" data-end=\"6641\">Caso o requerente tenha um <strong data-start=\"6328\" data-end=\"6359\">av\u00f4 exclusivamente italiano<\/strong>, ser\u00e1 necess\u00e1rio verificar a inexist\u00eancia de causas interruptivas da linha de transmiss\u00e3o da cidadania. Por exemplo, se o genitor tiver renunciado ou perdido a cidadania italiana antes do nascimento do filho ou durante a sua menoridade, a transmiss\u00e3o ser\u00e1 considerada interrompida.<\/p>\n<p data-start=\"6643\" data-end=\"6839\">Caso o av\u00f4 seja exclusivamente italiano, mas o genitor ainda n\u00e3o tenha sido reconhecido como cidad\u00e3o, embora tenha direito a tal reconhecimento, o filho poder\u00e1 obter o reconhecimento da cidadania.<\/p>\n<p data-start=\"6841\" data-end=\"6988\">\u00c9 de responsabilidade do requerente comprovar que os ascendentes n\u00e3o possu\u00edam outras cidadanias al\u00e9m da italiana no momento do nascimento do menor.<\/p>\n<hr data-start=\"6990\" data-end=\"6993\" \/>\n<h2 data-start=\"6995\" data-end=\"7018\">Documenta\u00e7\u00e3o exigida<\/h2>\n<ul data-start=\"7020\" data-end=\"7789\">\n<li data-start=\"7020\" data-end=\"7157\">\n<p data-start=\"7022\" data-end=\"7157\">Certid\u00e3o negativa de naturaliza\u00e7\u00e3o do ascendente de primeiro ou segundo grau que confere o direito \u00e0 transmiss\u00e3o da cidadania italiana;<\/p>\n<\/li>\n<li data-start=\"7158\" data-end=\"7236\">\n<p data-start=\"7160\" data-end=\"7236\">Certificado de cidadania italiana do ascendente de primeiro ou segundo grau;<\/p>\n<\/li>\n<li data-start=\"7237\" data-end=\"7454\">\n<p data-start=\"7239\" data-end=\"7454\">Caso a transmiss\u00e3o ocorra por meio de ascendente de segundo grau (av\u00f4 exclusivamente italiano), certid\u00e3o de nascimento do genitor do menor que comprove a filia\u00e7\u00e3o, devidamente apostilada e traduzida para o italiano;<\/p>\n<\/li>\n<li data-start=\"7455\" data-end=\"7512\">\n<p data-start=\"7457\" data-end=\"7512\">C\u00f3pia do RNE do ascendente de primeiro ou segundo grau;<\/p>\n<\/li>\n<li data-start=\"7513\" data-end=\"7697\">\n<p data-start=\"7515\" data-end=\"7697\">Certid\u00e3o de nascimento original do menor em vers\u00e3o \u201cinteiro teor\u201d, apostilada e traduzida, juntamente com pedido de transcri\u00e7\u00e3o e c\u00f3pia dos documentos de identidade de ambos os pais;<\/p>\n<\/li>\n<li data-start=\"7698\" data-end=\"7789\">\n<p data-start=\"7700\" data-end=\"7789\">Eventual declara\u00e7\u00e3o p\u00fablica de reconhecimento de filia\u00e7\u00e3o, nos termos j\u00e1 indicados acima.<\/p>\n<\/li>\n<\/ul>\n<p data-start=\"7791\" data-end=\"7858\">A documenta\u00e7\u00e3o dever\u00e1 ser enviada por correio ao seguinte endere\u00e7o:<\/p>\n<p data-start=\"7860\" data-end=\"8011\"><strong data-start=\"7860\" data-end=\"8011\">Consulado Geral da It\u00e1lia \u2013<br data-start=\"7889\" data-end=\"7892\" \/>A\/C Ufficio Stato Civile<br data-start=\"7916\" data-end=\"7919\" \/>Avenida Presidente Antonio Carlos, 40 \u2013 6\u00ba andar \u2013 Centro<br data-start=\"7976\" data-end=\"7979\" \/>CEP 20020-010 \u2013 Rio de Janeiro<\/strong><\/p>\n<p data-start=\"8013\" data-end=\"8126\">Ressalta-se que a <strong data-start=\"8031\" data-end=\"8125\">paternidade\/maternidade socioafetiva n\u00e3o \u00e9 atualmente reconhecida pela legisla\u00e7\u00e3o italiana<\/strong>.<\/p>\n<p data-start=\"8128\" data-end=\"8349\">Os cidad\u00e3os italianos que tenham adquirido a cidadania italiana por naturaliza\u00e7\u00e3o, resid\u00eancia ou com base na Lei n\u00ba 379\/2000 (Trentinos) <strong data-start=\"8265\" data-end=\"8315\">n\u00e3o transmitem a cidadania italiana aos filhos<\/strong> de acordo com os novos crit\u00e9rios.<\/p>\n<hr data-start=\"8351\" data-end=\"8354\" \/>\n<h2 data-start=\"8356\" data-end=\"8406\">EM CASO DE NASCIMENTO EM PA\u00cdS DIVERSO DO BRASIL<\/h2>\n<p data-start=\"8408\" data-end=\"8695\">Quando o cidad\u00e3o italiano residente no Brasil tiver nascido em pa\u00eds terceiro, dever\u00e1 apresentar a certid\u00e3o de nascimento integral emitida pela autoridade estrangeira competente, devidamente legalizada ou apostilada, conforme o caso, e acompanhada de tradu\u00e7\u00e3o juramentada para o italiano.<\/p>\n<p data-start=\"8697\" data-end=\"8791\">N\u00e3o ser\u00e1 aceita a transcri\u00e7\u00e3o no Brasil do certificado de nascimento estrangeiro (\u201ctraslado\u201d).<\/p>\n<p data-start=\"8793\" data-end=\"9042\">Nos casos em que seja exigida a exclusividade da cidadania italiana, esta dever\u00e1 ser comprovada mediante certid\u00f5es negativas de naturaliza\u00e7\u00e3o\/cidadania dos pa\u00edses de nascimento e resid\u00eancia anterior, devidamente legalizadas\/apostiladas e traduzidas.<\/p>\n<p data-start=\"9044\" data-end=\"9236\">Para filhos de pais n\u00e3o legalmente casados, \u00e9 obrigat\u00f3ria a apresenta\u00e7\u00e3o da certid\u00e3o de nascimento integral e eventual declara\u00e7\u00e3o notarial de reconhecimento de filia\u00e7\u00e3o por ambos os genitores.<\/p>\n<p data-start=\"9238\" data-end=\"9420\">Poder\u00e1, portanto, ser solicitada a transcri\u00e7\u00e3o dos atos assim formados junto a este Consulado Geral ou \u00e0 Representa\u00e7\u00e3o Consular italiana competente no pa\u00eds de emiss\u00e3o do certificado.<\/p>\n<p data-start=\"9422\" data-end=\"9516\">A documenta\u00e7\u00e3o a ser apresentada \u00e9 aquela indicada de acordo com as hip\u00f3teses acima descritas.<\/p>\n","protected":false},"excerpt":{"rendered":"A reforma da lei sobre a cidadania modificou os requisitos para a transmiss\u00e3o da cidadania em favor dos filhos menores de cidad\u00e3os italianos nascidos no exterior.Por meio de uma declara\u00e7\u00e3o de vontade, acompanhada da documenta\u00e7\u00e3o necess\u00e1ria, o(s) genitor(es) italiano(s) por nascimento poder\u00e3o transmitir a cidadania a t\u00edtulo de \u201cbenef\u00edcio de lei\u201d, que produz efeitos a [&hellip;]","protected":false},"author":6,"featured_media":0,"parent":323,"menu_order":0,"comment_status":"closed","ping_status":"closed","template":"","meta":{"footnotes":""},"class_list":["post-5203","page","type-page","status-publish","hentry"],"_links":{"self":[{"href":"https:\/\/consriodejaneiro.esteri.it\/br\/wp-json\/wp\/v2\/pages\/5203","targetHints":{"allow":["GET"]}}],"collection":[{"href":"https:\/\/consriodejaneiro.esteri.it\/br\/wp-json\/wp\/v2\/pages"}],"about":[{"href":"https:\/\/consriodejaneiro.esteri.it\/br\/wp-json\/wp\/v2\/types\/page"}],"author":[{"embeddable":true,"href":"https:\/\/consriodejaneiro.esteri.it\/br\/wp-json\/wp\/v2\/users\/6"}],"replies":[{"embeddable":true,"href":"https:\/\/consriodejaneiro.esteri.it\/br\/wp-json\/wp\/v2\/comments?post=5203"}],"version-history":[{"count":6,"href":"https:\/\/consriodejaneiro.esteri.it\/br\/wp-json\/wp\/v2\/pages\/5203\/revisions"}],"predecessor-version":[{"id":6712,"href":"https:\/\/consriodejaneiro.esteri.it\/br\/wp-json\/wp\/v2\/pages\/5203\/revisions\/6712"}],"up":[{"embeddable":true,"href":"https:\/\/consriodejaneiro.esteri.it\/br\/wp-json\/wp\/v2\/pages\/323"}],"wp:attachment":[{"href":"https:\/\/consriodejaneiro.esteri.it\/br\/wp-json\/wp\/v2\/media?parent=5203"}],"curies":[{"name":"wp","href":"https:\/\/api.w.org\/{rel}","templated":true}]}}