{"id":527,"date":"2023-07-14T17:28:00","date_gmt":"2023-07-14T15:28:00","guid":{"rendered":"https:\/\/consriodejaneiro.esteri.it\/?page_id=527"},"modified":"2026-03-11T19:55:37","modified_gmt":"2026-03-11T18:55:37","slug":"espaco-para-eventos-terraco-panoramico-da-casa-ditalia","status":"publish","type":"page","link":"https:\/\/consriodejaneiro.esteri.it\/br\/chi-siamo\/la-sede\/espaco-para-eventos-terraco-panoramico-da-casa-ditalia\/","title":{"rendered":"Espa\u00e7o para eventos: Terra\u00e7o Panor\u00e2mico da Casa d&#8217;Italia"},"content":{"rendered":"<div id=\"tw-target-text-container\" class=\"tw-ta-container F0azHf tw-nfl\" tabindex=\"0\">\n<p id=\"tw-target-text\" class=\"tw-data-text tw-text-large tw-ta\" dir=\"ltr\" data-placeholder=\"Traduzione\"><span class=\"Y2IQFc\" lang=\"pt\"><a href=\"https:\/\/consriodejaneiro.esteri.it\/wp-content\/uploads\/2023\/08\/foto_bandiera_terrazzo.jpg\"><img loading=\"lazy\" decoding=\"async\" class=\"alignnone size-medium wp-image-680 img-fluid\" src=\"https:\/\/consriodejaneiro.esteri.it\/wp-content\/uploads\/2023\/08\/foto_bandiera_terrazzo-300x200.jpg\" alt=\"\" width=\"300\" height=\"200\" srcset=\"https:\/\/consriodejaneiro.esteri.it\/wp-content\/uploads\/2023\/08\/foto_bandiera_terrazzo-300x200.jpg 300w, https:\/\/consriodejaneiro.esteri.it\/wp-content\/uploads\/2023\/08\/foto_bandiera_terrazzo-1024x683.jpg 1024w, https:\/\/consriodejaneiro.esteri.it\/wp-content\/uploads\/2023\/08\/foto_bandiera_terrazzo-768x512.jpg 768w, https:\/\/consriodejaneiro.esteri.it\/wp-content\/uploads\/2023\/08\/foto_bandiera_terrazzo.jpg 1140w\" sizes=\"auto, (max-width: 300px) 100vw, 300px\" \/><\/a>\u00a0 \u00a0 \u00a0 \u00a0 \u00a0\u00a0\u00a0 \u00a0 <a href=\"https:\/\/consriodejaneiro.esteri.it\/wp-content\/uploads\/2023\/07\/Dia-21-semana-gastronomica-14-Copia.jpg\"><img loading=\"lazy\" decoding=\"async\" class=\"alignnone size-medium wp-image-503 img-fluid\" src=\"https:\/\/consriodejaneiro.esteri.it\/wp-content\/uploads\/2023\/07\/Dia-21-semana-gastronomica-14-Copia-300x200.jpg\" alt=\"\" width=\"300\" height=\"200\" srcset=\"https:\/\/consriodejaneiro.esteri.it\/wp-content\/uploads\/2023\/07\/Dia-21-semana-gastronomica-14-Copia-300x200.jpg 300w, https:\/\/consriodejaneiro.esteri.it\/wp-content\/uploads\/2023\/07\/Dia-21-semana-gastronomica-14-Copia-1024x682.jpg 1024w, https:\/\/consriodejaneiro.esteri.it\/wp-content\/uploads\/2023\/07\/Dia-21-semana-gastronomica-14-Copia-768x512.jpg 768w, https:\/\/consriodejaneiro.esteri.it\/wp-content\/uploads\/2023\/07\/Dia-21-semana-gastronomica-14-Copia.jpg 1094w\" sizes=\"auto, (max-width: 300px) 100vw, 300px\" \/><\/a><\/span><\/p>\n<\/div>\n<div id=\"tw-target-rmn-container\" class=\"tw-target-rmn tw-ta-container F0azHf tw-nfl\">\n<div id=\"tw-target-text-container\" class=\"tw-ta-container F0azHf tw-nfl\" tabindex=\"0\">\n<p id=\"tw-target-text\" class=\"tw-data-text tw-text-large tw-ta\" dir=\"ltr\" style=\"text-align: justify;\" data-placeholder=\"Traduzione\">Localizado no 9\u00ba andar do Edif\u00edcio <strong>Casa d&#8217;Italia<\/strong>, o terra\u00e7o abra\u00e7a a cidade do <strong>Rio de Janeiro<\/strong>.<\/p>\n<p class=\"tw-data-text tw-text-large tw-ta\" dir=\"ltr\" style=\"text-align: justify;\" data-placeholder=\"Traduzione\">Oferece uma vista panor\u00e2mica e sugestiva dos dois monumentos ic\u00f4nicos da cidade: o<strong> P\u00e3o de A\u00e7\u00facar<\/strong> e o <strong>Cristo Redentor<\/strong>.<\/p>\n<p class=\"tw-data-text tw-text-large tw-ta\" dir=\"ltr\" style=\"text-align: justify;\" data-placeholder=\"Traduzione\">O terra\u00e7o \u00e9 o local perfeito para eventos, como festas corporativas, filmagens, confer\u00eancias, desfiles de moda e sess\u00f5es de fotos.<\/p>\n<p class=\"tw-data-text tw-text-large tw-ta\" dir=\"ltr\" style=\"text-align: justify;\" data-placeholder=\"Traduzione\">Com espa\u00e7os grandes e confort\u00e1veis, dar\u00e1 a cada evento um cen\u00e1rio deslumbrante e uma atmosfera cheia de classe e charme.<\/p>\n<p dir=\"ltr\" data-placeholder=\"Traduzione\">ATUALMENTE PASSANDO POR OBRAS DE REFORMA, REABRIR\u00c1 RENOVADO A PARTIR DE <strong>MAIO 2026<\/strong>.<\/p>\n<p class=\"tw-data-text tw-text-large tw-ta\" dir=\"ltr\" style=\"text-align: justify;\" data-placeholder=\"Traduzione\"><span style=\"text-decoration: underline;\"><strong>ENDERE\u00c7O:<\/strong><\/span> entrada atr\u00e1s da Casa d&#8217;Italia -Pra\u00e7a Virgilio de Melo Franco<\/p>\n<p class=\"tw-data-text tw-text-large tw-ta\" dir=\"ltr\" style=\"text-align: justify;\" data-placeholder=\"Traduzione\"><strong><span style=\"text-decoration: underline;\">ACESSIBILIDADE:<\/span><\/strong> elevador at\u00e9 9\u00ba andar<\/p>\n<\/div>\n<\/div>\n<div class=\"oSioSc\">\n<div id=\"tw-target\">\n<div id=\"kAz1tf\" class=\"g9WsWb\">\n<p id=\"tw-target-text-container\" class=\"tw-ta-container F0azHf tw-nfl\" tabindex=\"0\"><strong><span style=\"text-decoration: underline;\"><span class=\"Y2IQFc\" lang=\"pt\">DIMENS\u00d5ES E CAPACIDADES\u00a0<\/span><\/span><\/strong>superf\u00edcie: 500 m\u00b2\u00a0 \u00a0&#8211; c<span class=\"MuiBox-root jss14\">apacidade: 150 pessoas<\/span><\/p>\n<\/div>\n<\/div>\n<\/div>\n<p><span style=\"text-decoration: underline;\"><strong><span class=\"Y2IQFc\" lang=\"pt\">CARACTER\u00cdSTICAS T\u00c9CNICAS <\/span><\/strong><\/span><span class=\"Y2IQFc\" lang=\"pt\">Conectividade<\/span><strong>:\u00a0 <\/strong>Wi-Fi TIM BRASIL Fibra \u00f3ptica at\u00e9 1 Gbps &#8211; Energia: pain\u00e9is solares ENEL X para um consumo sustent\u00e1vel<\/p>\n<p><strong><span class=\"Y2IQFc\" lang=\"pt\">VISITE VIRTUALMENTE O TERRA\u00c7O: <\/span><\/strong><a href=\"https:\/\/www.fotografia360graus.com\/terraco\/index.htm\">clique aqui<\/a><\/p>\n<p><a href=\"https:\/\/consriodejaneiro.esteri.it\/wp-content\/uploads\/2026\/03\/Tariffario-TERRAZZO-2026.pdf\">TARIF\u00c1RIO TERRA\u00c7O 2026<\/a><\/p>\n<p><a href=\"https:\/\/consriodejaneiro.esteri.it\/wp-content\/uploads\/2024\/10\/INVENTARIO-MOBILI-TERRAZZO-2023-6.pdf\">M\u00d3VEIS<\/a><\/p>\n<p><a href=\"https:\/\/consriodejaneiro.esteri.it\/wp-content\/uploads\/2024\/07\/Planta-9-andar.pdf\">PLANTA<\/a><\/p>\n<p><a href=\"https:\/\/consriodejaneiro.esteri.it\/wp-content\/uploads\/2023\/08\/anexo_2_formulrio_de_dados_e_condies__pessoa_jurdica.docx\"><span class=\"Y2IQFc\" lang=\"pt\">Formul\u00e1rio de solicita\u00e7\u00e3o de loca\u00e7\u00e3o de espa\u00e7o &#8211; pessoa f\u00edsica<\/span><\/a><\/p>\n<p><a href=\"https:\/\/consriodejaneiro.esteri.it\/wp-content\/uploads\/2023\/08\/anexo_2_formulrio_de_dados_e_condies__pessoa_jurdica.docx\">Formul\u00e1rio de solicita\u00e7\u00e3o de loca\u00e7\u00e3o de espa\u00e7o &#8211; pessoa jur\u00eddica <\/a><\/p>\n<p>Para mais informa\u00e7\u00f5es:\u00a0 <a href=\"mailto:riodejaneiro.eventi@esteri.it\">riodejaneiro.eventi@esteri.it<\/a><\/p>\n<p>E-mail: <a href=\"mailto:riodejaneiro.eventi@esteri.it\">riodejaneiro.eventi@esteri.it\u00a0<\/a><\/p>\n","protected":false},"excerpt":{"rendered":"\u00a0 \u00a0 \u00a0 \u00a0 \u00a0\u00a0\u00a0 \u00a0 Localizado no 9\u00ba andar do Edif\u00edcio Casa d&#8217;Italia, o terra\u00e7o abra\u00e7a a cidade do Rio de Janeiro. Oferece uma vista panor\u00e2mica e sugestiva dos dois monumentos ic\u00f4nicos da cidade: o P\u00e3o de A\u00e7\u00facar e o Cristo Redentor. O terra\u00e7o \u00e9 o local perfeito para eventos, como festas corporativas, filmagens, [&hellip;]","protected":false},"author":7,"featured_media":0,"parent":89,"menu_order":0,"comment_status":"closed","ping_status":"closed","template":"","meta":{"footnotes":""},"class_list":["post-527","page","type-page","status-publish","hentry"],"_links":{"self":[{"href":"https:\/\/consriodejaneiro.esteri.it\/br\/wp-json\/wp\/v2\/pages\/527","targetHints":{"allow":["GET"]}}],"collection":[{"href":"https:\/\/consriodejaneiro.esteri.it\/br\/wp-json\/wp\/v2\/pages"}],"about":[{"href":"https:\/\/consriodejaneiro.esteri.it\/br\/wp-json\/wp\/v2\/types\/page"}],"author":[{"embeddable":true,"href":"https:\/\/consriodejaneiro.esteri.it\/br\/wp-json\/wp\/v2\/users\/7"}],"replies":[{"embeddable":true,"href":"https:\/\/consriodejaneiro.esteri.it\/br\/wp-json\/wp\/v2\/comments?post=527"}],"version-history":[{"count":8,"href":"https:\/\/consriodejaneiro.esteri.it\/br\/wp-json\/wp\/v2\/pages\/527\/revisions"}],"predecessor-version":[{"id":6635,"href":"https:\/\/consriodejaneiro.esteri.it\/br\/wp-json\/wp\/v2\/pages\/527\/revisions\/6635"}],"up":[{"embeddable":true,"href":"https:\/\/consriodejaneiro.esteri.it\/br\/wp-json\/wp\/v2\/pages\/89"}],"wp:attachment":[{"href":"https:\/\/consriodejaneiro.esteri.it\/br\/wp-json\/wp\/v2\/media?parent=527"}],"curies":[{"name":"wp","href":"https:\/\/api.w.org\/{rel}","templated":true}]}}