{"id":5956,"date":"2025-11-03T17:38:21","date_gmt":"2025-11-03T16:38:21","guid":{"rendered":"https:\/\/consriodejaneiro.esteri.it\/servizi-consolari-e-visti\/servizi-per-il-cittadino-straniero\/cittadinanza\/cidadania-por-descendencia-iure-sanguinis\/certificato-di-non-rinuncia\/"},"modified":"2025-11-04T17:08:17","modified_gmt":"2025-11-04T16:08:17","slug":"certificato-di-non-rinuncia","status":"publish","type":"page","link":"https:\/\/consriodejaneiro.esteri.it\/br\/servizi-consolari-e-visti\/servizi-per-il-cittadino-straniero\/cittadinanza\/cidadania-por-descendencia-iure-sanguinis\/certificato-di-non-rinuncia\/","title":{"rendered":"Certificato di Non Rinuncia"},"content":{"rendered":"<p style=\"text-align: justify;\" data-start=\"0\" data-end=\"571\">Se o interessado(a) decidiu fixar resid\u00eancia na It\u00e1lia, as autoridades da Prefeitura italiana s\u00e3o respons\u00e1veis pelo reconhecimento da cidadania italiana. Uma vez registrado no cadastro da popula\u00e7\u00e3o residente, o cidad\u00e3o estrangeiro pode iniciar o procedimento para o reconhecimento da cidadania <strong data-start=\"294\" data-end=\"312\">iure sanguinis<\/strong> (cuja dura\u00e7\u00e3o \u00e9 estabelecida por lei em at\u00e9 180 dias), apresentando a documenta\u00e7\u00e3o indicada na Circular K.28.1\/1991. N\u00e3o \u00e9 poss\u00edvel que o interessado(a) seja representado por um procurador ou outra pessoa; ele(a) deve estar presente no territ\u00f3rio italiano.<\/p>\n<p style=\"text-align: justify;\" data-start=\"573\" data-end=\"951\">O pedido de emiss\u00e3o do Certificado de \u201cN\u00e3o Ren\u00fancia\u201d \u00e9 feito diretamente pela Prefeitura italiana ao Consulado, <strong data-start=\"685\" data-end=\"732\">exclusivamente por e-mail certificado (PEC)<\/strong>, no endere\u00e7o: <strong data-start=\"747\" data-end=\"795\"><a class=\"decorated-link cursor-pointer\" href=\"mailto:con.riodejaneiro.cittadinanza@cert.esteri.it\" rel=\"noopener\" data-start=\"749\" data-end=\"793\">con.riodejaneiro.cittadinanza@cert.esteri.it <\/a><\/strong>. A resposta do Consulado \u00e0 Prefeitura (e n\u00e3o ao interessado) tamb\u00e9m ocorre somente por meio de PEC, desde que o pedido tenha sido formulado corretamente.<\/p>\n<p style=\"text-align: justify;\" data-start=\"953\" data-end=\"1216\" data-is-last-node=\"\" data-is-only-node=\"\">Os interessados <strong data-start=\"969\" data-end=\"1038\">n\u00e3o devem entrar em contato diretamente com o Escrit\u00f3rio Consular<\/strong> sobre processos conduzidos por Prefeituras ou outros Escrit\u00f3rios Consulares, pois o Consulado n\u00e3o tem conhecimento do andamento desses processos fora de sua pr\u00f3pria compet\u00eancia.<\/p>\n","protected":false},"excerpt":{"rendered":"Se o interessado(a) decidiu fixar resid\u00eancia na It\u00e1lia, as autoridades da Prefeitura italiana s\u00e3o respons\u00e1veis pelo reconhecimento da cidadania italiana. Uma vez registrado no cadastro da popula\u00e7\u00e3o residente, o cidad\u00e3o estrangeiro pode iniciar o procedimento para o reconhecimento da cidadania iure sanguinis (cuja dura\u00e7\u00e3o \u00e9 estabelecida por lei em at\u00e9 180 dias), apresentando a documenta\u00e7\u00e3o [&hellip;]","protected":false},"author":6,"featured_media":0,"parent":323,"menu_order":0,"comment_status":"closed","ping_status":"closed","template":"","meta":{"footnotes":""},"class_list":["post-5956","page","type-page","status-publish","hentry"],"_links":{"self":[{"href":"https:\/\/consriodejaneiro.esteri.it\/br\/wp-json\/wp\/v2\/pages\/5956","targetHints":{"allow":["GET"]}}],"collection":[{"href":"https:\/\/consriodejaneiro.esteri.it\/br\/wp-json\/wp\/v2\/pages"}],"about":[{"href":"https:\/\/consriodejaneiro.esteri.it\/br\/wp-json\/wp\/v2\/types\/page"}],"author":[{"embeddable":true,"href":"https:\/\/consriodejaneiro.esteri.it\/br\/wp-json\/wp\/v2\/users\/6"}],"replies":[{"embeddable":true,"href":"https:\/\/consriodejaneiro.esteri.it\/br\/wp-json\/wp\/v2\/comments?post=5956"}],"version-history":[{"count":2,"href":"https:\/\/consriodejaneiro.esteri.it\/br\/wp-json\/wp\/v2\/pages\/5956\/revisions"}],"predecessor-version":[{"id":5983,"href":"https:\/\/consriodejaneiro.esteri.it\/br\/wp-json\/wp\/v2\/pages\/5956\/revisions\/5983"}],"up":[{"embeddable":true,"href":"https:\/\/consriodejaneiro.esteri.it\/br\/wp-json\/wp\/v2\/pages\/323"}],"wp:attachment":[{"href":"https:\/\/consriodejaneiro.esteri.it\/br\/wp-json\/wp\/v2\/media?parent=5956"}],"curies":[{"name":"wp","href":"https:\/\/api.w.org\/{rel}","templated":true}]}}