{"id":6509,"date":"2026-02-23T18:48:47","date_gmt":"2026-02-23T17:48:47","guid":{"rendered":"https:\/\/consriodejaneiro.esteri.it\/?page_id=6509"},"modified":"2026-02-23T19:40:15","modified_gmt":"2026-02-23T18:40:15","slug":"vini-fatti-a-mano-feira-de-vinhos-artesanais-italianos-2-e-3-de-marco-de-2026","status":"publish","type":"page","link":"https:\/\/consriodejaneiro.esteri.it\/br\/chi-siamo\/la-sede\/polo-cultural-italianorio\/vini-fatti-a-mano-feira-de-vinhos-artesanais-italianos-2-e-3-de-marco-de-2026\/","title":{"rendered":"Vini fatti a mano &#8211; feira de vinhos artesanais italianos \u2013 2 e 3 de mar\u00e7o de 2026"},"content":{"rendered":"<p data-start=\"0\" data-end=\"226\"><img loading=\"lazy\" decoding=\"async\" class=\"wp-image-6500 img-fluid aligncenter\" src=\"https:\/\/consriodejaneiro.esteri.it\/wp-content\/uploads\/2026\/02\/WhatsApp-Image-2026-02-23-at-15.19.48.jpeg\" alt=\"\" width=\"1144\" height=\"548\" srcset=\"https:\/\/consriodejaneiro.esteri.it\/wp-content\/uploads\/2026\/02\/WhatsApp-Image-2026-02-23-at-15.19.48.jpeg 1600w, https:\/\/consriodejaneiro.esteri.it\/wp-content\/uploads\/2026\/02\/WhatsApp-Image-2026-02-23-at-15.19.48-300x144.jpeg 300w, https:\/\/consriodejaneiro.esteri.it\/wp-content\/uploads\/2026\/02\/WhatsApp-Image-2026-02-23-at-15.19.48-1024x491.jpeg 1024w, https:\/\/consriodejaneiro.esteri.it\/wp-content\/uploads\/2026\/02\/WhatsApp-Image-2026-02-23-at-15.19.48-768x368.jpeg 768w\" sizes=\"auto, (max-width: 1144px) 100vw, 1144px\" \/><\/p>\n<p style=\"text-align: justify;\" data-start=\"0\" data-end=\"226\">Nos dias <strong data-start=\"9\" data-end=\"27\">2 e 3 de mar\u00e7o<\/strong>, o Polo Cultural recebe a <strong data-start=\"54\" data-end=\"75\">Vini Fatti a Mano<\/strong>, uma feira\u2013degusta\u00e7\u00e3o com <strong data-start=\"102\" data-end=\"159\">14 importadores de vinhos italianos de alta qualidade<\/strong>, express\u00e3o aut\u00eantica de territ\u00f3rio, tradi\u00e7\u00e3o e produ\u00e7\u00e3o artesanal.<\/p>\n<p style=\"text-align: justify;\" data-start=\"228\" data-end=\"341\">A feira \u00e9 organizada pela <a href=\"https:\/\/www.mondoroso.com\/?utm_source=ig&amp;utm_medium=social&amp;utm_content=link_in_bio&amp;fbclid=PAdGRleAQJfEZleHRuA2FlbQIxMQBzcnRjBmFwcF9pZA8xMjQwMjQ1NzQyODc0MTQAAadHgrGh5dLFtWCEGmx6h6tbnRl84atv6DZYIQS3nhgQoFwGXgPIcAy7kOAK2g_aem_J91Rqu56SMlO1u-i6hBTuw\">Mondoroso,<\/a> em colabora\u00e7\u00e3o com o Consulado Geral da It\u00e1lia e o <a href=\"https:\/\/www.restaurantecasadosardo.com.br\/?utm_source=ig&amp;utm_medium=social&amp;utm_content=link_in_bio&amp;fbclid=PAdGRleAQJfClleHRuA2FlbQIxMQBzcnRjBmFwcF9pZA8xMjQwMjQ1NzQyODc0MTQAAacD3Ewn72I0A9isHYU0wzJRGxHRdbbl6PiGbDjCfmLg522BzERjjFFLNuBosw_aem_guFnvODJGFEbuuGLx4MNYA\">Restaurante Casa do Sardo.<\/a><\/p>\n<p style=\"text-align: justify;\" data-start=\"343\" data-end=\"489\">Um percurso de degusta\u00e7\u00e3o para descobrir uvas aut\u00f3ctones, pequenas produ\u00e7\u00f5es e hist\u00f3rias de paix\u00e3o que representam a excel\u00eancia do vinho italiano.<\/p>\n<p style=\"text-align: justify;\" data-start=\"491\" data-end=\"574\"><strong data-start=\"491\" data-end=\"531\">Entrada gratuita com vagas limitadas<\/strong> \u2013 <a href=\"https:\/\/www.sympla.com.br\/evento\/fini-fatti-a-mano-feira-de-vinhos-artenais-italianos\/3316230?_gl=1*14h1a6r*_gcl_au*MTA4NTczMTU4NC4xNzcwMDM3NDcxLjE2MDY0NDM0NDIuMTc3MDc0MjA4Ny4xNzcwNzQyMDg3*_ga*MjA3ODI5NDY2NC4xNzQ3MTY1MjY5*_ga_KXH10SQTZF*czE3NzE1MDQ0MTIkbzMzJGcxJHQxNzcxNTA2OTMyJGo3JGwwJGg3NzA3OTk0MDg.&amp;share_id=copiarlink\">Clique aqui para se inscrever<\/a><\/p>\n<p style=\"text-align: justify;\" data-start=\"576\" data-end=\"598\"><strong data-start=\"576\" data-end=\"598\">Eventos especiais:<\/strong><\/p>\n<p data-start=\"23\" data-end=\"98\">Jantar preparado pelo chef <strong data-start=\"50\" data-end=\"66\">Silvio Podda<\/strong>, do restaurante Casa do Sardo.<\/p>\n<p data-start=\"100\" data-end=\"199\" data-is-last-node=\"\" data-is-only-node=\"\">O ingresso para o jantar d\u00e1 direito tamb\u00e9m \u00e0 entrada na feira e inclui uma garrafa de vinho.<\/p>\n<p style=\"text-align: justify;\" data-start=\"722\" data-end=\"787\">\u2022<strong> 2 de mar\u00e7o \u2013 Jantar no restaurante Casa do Sardo<\/strong> \u2013 <a href=\"https:\/\/www.sympla.com.br\/evento\/jantares-vinni-fatti-a-mano-importadora-mondoroso-e-casa-do-sardo---02032026\/3312088\">Clique aqui<\/a><\/p>\n<p style=\"text-align: justify;\" data-start=\"789\" data-end=\"841\" data-is-last-node=\"\" data-is-only-node=\"\">\u2022<strong> 3 de mar\u00e7o \u2013 Jantar no Polo Cultural Italianorio<\/strong>\u2013 <a href=\"https:\/\/www.sympla.com.br\/evento\/jantares-vinni-fatti-a-mano-importadora-mondoroso-e-casa-do-sardo---03032026\/3312374\">Clique aqui<\/a><\/p>\n","protected":false},"excerpt":{"rendered":"Nos dias 2 e 3 de mar\u00e7o, o Polo Cultural recebe a Vini Fatti a Mano, uma feira\u2013degusta\u00e7\u00e3o com 14 importadores de vinhos italianos de alta qualidade, express\u00e3o aut\u00eantica de territ\u00f3rio, tradi\u00e7\u00e3o e produ\u00e7\u00e3o artesanal. A feira \u00e9 organizada pela Mondoroso, em colabora\u00e7\u00e3o com o Consulado Geral da It\u00e1lia e o Restaurante Casa do Sardo. [&hellip;]","protected":false},"author":6,"featured_media":6500,"parent":2472,"menu_order":0,"comment_status":"closed","ping_status":"closed","template":"","meta":{"footnotes":""},"class_list":["post-6509","page","type-page","status-publish","has-post-thumbnail","hentry"],"_links":{"self":[{"href":"https:\/\/consriodejaneiro.esteri.it\/br\/wp-json\/wp\/v2\/pages\/6509","targetHints":{"allow":["GET"]}}],"collection":[{"href":"https:\/\/consriodejaneiro.esteri.it\/br\/wp-json\/wp\/v2\/pages"}],"about":[{"href":"https:\/\/consriodejaneiro.esteri.it\/br\/wp-json\/wp\/v2\/types\/page"}],"author":[{"embeddable":true,"href":"https:\/\/consriodejaneiro.esteri.it\/br\/wp-json\/wp\/v2\/users\/6"}],"replies":[{"embeddable":true,"href":"https:\/\/consriodejaneiro.esteri.it\/br\/wp-json\/wp\/v2\/comments?post=6509"}],"version-history":[{"count":5,"href":"https:\/\/consriodejaneiro.esteri.it\/br\/wp-json\/wp\/v2\/pages\/6509\/revisions"}],"predecessor-version":[{"id":6528,"href":"https:\/\/consriodejaneiro.esteri.it\/br\/wp-json\/wp\/v2\/pages\/6509\/revisions\/6528"}],"up":[{"embeddable":true,"href":"https:\/\/consriodejaneiro.esteri.it\/br\/wp-json\/wp\/v2\/pages\/2472"}],"wp:featuredmedia":[{"embeddable":true,"href":"https:\/\/consriodejaneiro.esteri.it\/br\/wp-json\/wp\/v2\/media\/6500"}],"wp:attachment":[{"href":"https:\/\/consriodejaneiro.esteri.it\/br\/wp-json\/wp\/v2\/media?parent=6509"}],"curies":[{"name":"wp","href":"https:\/\/api.w.org\/{rel}","templated":true}]}}