{"id":700,"date":"2023-09-06T15:20:33","date_gmt":"2023-09-06T13:20:33","guid":{"rendered":"https:\/\/consriodejaneiro.esteri.it\/?page_id=700"},"modified":"2024-01-15T21:12:55","modified_gmt":"2024-01-15T20:12:55","slug":"declaracoes-de-valores-para-curriculum-escolares-2","status":"publish","type":"page","link":"https:\/\/consriodejaneiro.esteri.it\/br\/servizi-consolari-e-visti\/servizi-per-il-cittadino-italiano\/declaracoes-de-valores-para-curriculum-escolares-2\/","title":{"rendered":"Estudo"},"content":{"rendered":"<ul>\n<li><a href=\"https:\/\/consriodejaneiro.esteri.it\/br\/servizi-consolari-e-visti\/servizi-per-il-cittadino-italiano\/declaracoes-de-valores-para-curriculum-escolares-2\/1244-2\/\">Declara\u00e7\u00e3o de valor<\/a><\/li>\n<li style=\"text-align: justify;\"><a href=\"https:\/\/consriodejaneiro.esteri.it\/br\/servizi-consolari-e-visti\/servizi-per-il-cittadino-italiano\/declaracoes-de-valores-para-curriculum-escolares-2\/escolas-na-italia\/\">Escolas na It\u00e1lia<\/a><\/li>\n<li style=\"text-align: justify;\"><a href=\"https:\/\/consriodejaneiro.esteri.it\/br\/servizi-consolari-e-visti\/servizi-per-il-cittadino-italiano\/declaracoes-de-valores-para-curriculum-escolares-2\/universidades\/\">Universidades<\/a><\/li>\n<li><a href=\"https:\/\/consriodejaneiro.esteri.it\/br\/servizi-consolari-e-visti\/servizi-per-il-cittadino-italiano\/declaracoes-de-valores-para-curriculum-escolares-2\/borse-di-studio\/\">Bolsas de estudo<\/a><\/li>\n<li><a href=\"https:\/\/www.giustizia.it\/giustizia\/it\/mg_2_4_1.wp#\">Reconhecimento de t\u00edtulos profissionais\u00a0\u00a0<\/a><\/li>\n<\/ul>\n<p>&nbsp;<\/p>\n<p>&nbsp;<\/p>\n","protected":false},"excerpt":{"rendered":"Declara\u00e7\u00e3o de valor Escolas na It\u00e1lia Universidades Bolsas de estudo Reconhecimento de t\u00edtulos profissionais\u00a0\u00a0 &nbsp; &nbsp;","protected":false},"author":7,"featured_media":0,"parent":98,"menu_order":0,"comment_status":"closed","ping_status":"closed","template":"","meta":{"footnotes":""},"class_list":["post-700","page","type-page","status-publish","hentry"],"_links":{"self":[{"href":"https:\/\/consriodejaneiro.esteri.it\/br\/wp-json\/wp\/v2\/pages\/700","targetHints":{"allow":["GET"]}}],"collection":[{"href":"https:\/\/consriodejaneiro.esteri.it\/br\/wp-json\/wp\/v2\/pages"}],"about":[{"href":"https:\/\/consriodejaneiro.esteri.it\/br\/wp-json\/wp\/v2\/types\/page"}],"author":[{"embeddable":true,"href":"https:\/\/consriodejaneiro.esteri.it\/br\/wp-json\/wp\/v2\/users\/7"}],"replies":[{"embeddable":true,"href":"https:\/\/consriodejaneiro.esteri.it\/br\/wp-json\/wp\/v2\/comments?post=700"}],"version-history":[{"count":7,"href":"https:\/\/consriodejaneiro.esteri.it\/br\/wp-json\/wp\/v2\/pages\/700\/revisions"}],"predecessor-version":[{"id":2105,"href":"https:\/\/consriodejaneiro.esteri.it\/br\/wp-json\/wp\/v2\/pages\/700\/revisions\/2105"}],"up":[{"embeddable":true,"href":"https:\/\/consriodejaneiro.esteri.it\/br\/wp-json\/wp\/v2\/pages\/98"}],"wp:attachment":[{"href":"https:\/\/consriodejaneiro.esteri.it\/br\/wp-json\/wp\/v2\/media?parent=700"}],"curies":[{"name":"wp","href":"https:\/\/api.w.org\/{rel}","templated":true}]}}