{"id":91,"date":"2022-12-02T16:37:38","date_gmt":"2022-12-02T15:37:38","guid":{"rendered":"https:\/\/consolatorio.esteri.it\/chi-siamo\/contatti\/"},"modified":"2025-02-06T15:00:29","modified_gmt":"2025-02-06T14:00:29","slug":"contatti","status":"publish","type":"page","link":"https:\/\/consriodejaneiro.esteri.it\/br\/chi-siamo\/contatti\/","title":{"rendered":"Contatos"},"content":{"rendered":"<article id=\"articolo_centro\" class=\"col-md-19 col-sm-19 padding_articolo item-page\" role=\"main\" aria-label=\"articolo\">\n<p style=\"text-align: justify;\">A fim de dedicar os recursos dispon\u00edveis a uma oferta de servi\u00e7os consulares a cada vez mais eficiente, <u>pedimos a gentileza de <strong>n\u00e3o utilizar os canais de e-mail<\/strong> para expressar <strong>d\u00favidas que possam ser respondidas nas p\u00e1ginas deste site<\/strong><\/u>.<\/p>\n<p>Ap\u00f3s uma atenta leitura do site, caso seja ainda necess\u00e1rio entrar em contato com o Consulado, solicitamos que <strong><u>cada e-mail seja enviado apenas ao Setor consular competente<\/u><\/strong>, conforme a tabela abaixo, <strong><u>indicando nome, sobrenome e data de nascimento<\/u><\/strong> do interessado.<\/p>\n<\/article>\n<article role=\"main\" aria-label=\"articolo\"><\/article>\n<article class=\"col-md-19 col-sm-19 padding_articolo item-page\" role=\"main\" aria-label=\"articolo\">Informa\u00e7\u00f5es \u00fateis sobre os servi\u00e7os consulares s\u00e3o dispon\u00edveis tamb\u00e9m nas nossas redes sociais:<\/article>\n<article class=\"col-md-19 col-sm-19 padding_articolo item-page\" role=\"main\" aria-label=\"articolo\">Instagram <strong>@<\/strong><a href=\"https:\/\/www.instagram.com\/italyinrio\/\"><strong>italyinrio<\/strong><\/a> e Facebook<a href=\"https:\/\/www.facebook.com\/italyinrio\/\"> Consolato Generale d\u00b4Italia Rio de Janeiro<\/a>. Solicita-se, gentilmente, que todos tomem conhecimento da netiquette, dispon\u00edvel <a href=\"https:\/\/consriodejaneiro.esteri.it\/it\/servizi-consolari-e-visti\/servizi-per-il-cittadino-italiano\/altri-servizi\/albo-consolare\/netiquette-social-media\/\">aqui<\/a>.<\/article>\n<article role=\"main\" aria-label=\"articolo\"><\/article>\n<article role=\"main\" aria-label=\"articolo\"><\/article>\n<article role=\"main\" aria-label=\"articolo\"><\/article>\n<article role=\"main\" aria-label=\"articolo\"><\/article>\n<article class=\"col-md-19 col-sm-19 padding_articolo item-page\" role=\"main\" aria-label=\"articolo\"><strong>SECRETARIA DO C\u00d4NSUL GERAL<\/strong><br \/>\nE-mail:\u00a0<a href=\"mailto:segreteria.riodejaneiro@esteri.it\">segreteria.riodejaneiro@esteri.it<\/a><\/p>\n<p style=\"text-align: justify;\"><strong>PEC<\/strong>:\u00a0<a href=\"mailto:con.riodejaneiro@cert.esteri.it\">con.riodejaneiro@cert.esteri.it<\/a>\u00a0 (indirizzo abilitato esclusivamente alla ricezione di Posta Elettronica Certificata &#8211; PEC)<\/p>\n<p style=\"text-align: justify;\"><strong>PASSAPORTES<\/strong>\u00a0&#8211; Respons\u00e1vel pela emiss\u00e3o de passaportes individuais e, em casos de emerg\u00eancia, do ETD (documento de viagem de emerg\u00eancia). (Veja a se\u00e7\u00e3o Passaportes nos Servi\u00e7\u00f5s Consulares).<br \/>\nE-mail:\u00a0<a href=\"mailto:passaporti.riodejaneiro@esteri.it\">passaporti.riodejaneiro@esteri.it<\/a><\/p>\n<p style=\"text-align: justify;\">PEC:\u00a0<a href=\"mailto:con.riodejaneiro.pass@cert.esteri.it\">con.riodejaneiro.pass@cert.esteri.it<\/a><\/p>\n<p><strong>PRENOTAMI<\/strong><strong> &#8211;<\/strong> Para assist\u00eancia com o Prenotami<br \/>\nE-mail: <a href=\"mailto:riodejaneiro.prenota@esteri.it\">riodejaneiro.prenota@esteri.it<\/a><\/p>\n<p style=\"text-align: justify;\"><strong>CODICE FISCALE &#8211;\u00a0<\/strong>Respons\u00e1vel pela emiss\u00e3o do &#8220;<em>Codice Fiscale<\/em>&#8221; ou das varia\u00e7\u00f5es em caso de altera\u00e7\u00e3o dos seus dados pessoais.<\/p>\n<p style=\"text-align: justify;\">E-mail:\u00a0<a href=\"mailto:riodejaneiro.cf@esteri.it\">riodejaneiro.cf@esteri.it<\/a><\/p>\n<p style=\"text-align: justify;\"><strong>AIRE (Registro dos Italianos Residentes no Exterior)<\/strong>\u00a0&#8211; Servi\u00e7o de cadastro, altera\u00e7\u00e3o de endere\u00e7o, mudan\u00e7a para outra circunscri\u00e7\u00e3o consular, repatria\u00e7\u00e3o.<br \/>\nE-mail:\u00a0<a href=\"mailto:anagrafe.riodejaneiro@esteri.it\">anagrafe.riodejaneiro@esteri.it<\/a><\/p>\n<p style=\"text-align: justify;\">PEC:\u00a0<a href=\"mailto:con.riodejaneiro.anagrafe@cert.esteri.it\">con.riodejaneiro.anagrafe@cert.esteri.it<\/a><\/p>\n<p style=\"text-align: justify;\"><strong>CIDADANIA POR DESCEND\u00caNCIA<\/strong>\u00a0&#8211; Respons\u00e1vel pela an\u00e1lise dos pedidos de reconhecimento da cidadania italiana por descend\u00eancia (Leis 91\/92 e 379\/2000) e pela an\u00e1lise dos pedidos de reconhecimento da cidadania italiana de filhos maiores de idade, de cidad\u00e3os italianos nascidos na It\u00e1lia ou no exterior (Lei 91\/92).<br \/>\nE-mail:\u00a0<a href=\"mailto:riodejaneiro.citt@esteri.it\">riodejaneiro.citt@esteri.it<\/a><\/p>\n<p>PEC:\u00a0<a href=\"con.riodejaneiro.cittadinanza@cert.esteri.it\">con.riodejaneiro.cittadinanza@cert.esteri.it<\/a><\/p>\n<p style=\"text-align: justify;\"><strong>CIDADANIA POR MATRIMONIO (NATURALIZA\u00c7\u00c3O)<\/strong>\u00a0&#8211; Respons\u00e1vel pela an\u00e1lise dos pedidos de naturaliza\u00e7\u00e3o.<br \/>\nE-mail:\u00a0<a href=\"mailto:riodejaneiro.natur@esteri.it\">riodejaneiro.natur@esteri.it<\/a><\/p>\n<p style=\"text-align: justify;\"><strong>REGISTRO CIVIL<\/strong>\u00a0&#8211; Respons\u00e1vel pelo recebimento, an\u00e1lise e transmiss\u00e3o de certid\u00f5es de nascimento de filhos menores de idade, casamento, separa\u00e7\u00e3o\/div\u00f3rcio, \u00f3bito etc.<br \/>\nE-mail:\u00a0<a href=\"mailto:stciv.riodejaneiro@esteri.it\">stciv.riodejaneiro@esteri.it<\/a><\/p>\n<p style=\"text-align: justify;\"><strong>NAVEGA\u00c7\u00c3O<\/strong>\u00a0&#8211; Respons\u00e1vel pelo registro das chegadas e partidas de navios italianos nos portos da Circunscri\u00e7\u00e3o consular (Rio de Janeiro e Espirito Santo).<br \/>\nE-mail:\u00a0<a href=\"mailto:riodejaneiro.navigazione@esteri.it\">riodejaneiro.navigazione@esteri.it<\/a><\/p>\n<p style=\"text-align: justify;\"><strong>ASSIST\u00caNCIA SOCIAL<\/strong>\u00a0&#8211; Tutela os italianos que se encontram em especificas situa\u00e7\u00f5es de dificultade. Fornece assist\u00eancia aos detidos pela p\u00f3l\u00edcia e \u00e0queles que necessitam de auxilio m\u00e9dico hospitalar. Assiste os familiares dos falecidos no processo burocr\u00e1tico visado a repatria\u00e7\u00e3o do corpo na It\u00e1lia.<br \/>\nE-mail:\u00a0<a href=\"mailto:riodejaneiro.sociale@esteri.it\">riodejaneiro.sociale@esteri.it<\/a><\/p>\n<p style=\"text-align: justify;\"><strong>SERVI\u00c7OS CARTORIAIS<\/strong>\u00a0&#8211; Trata a elabora\u00e7\u00e3o de procura\u00e7\u00f5es gerais e especiais em favor dos italianos que moram na circunscri\u00e7\u00e3o e as autentica\u00e7\u00f5es de assinaturas.<br \/>\nE-mail:\u00a0<a>riodejaneiro.notarile@esteri.it<\/a><\/p>\n<p style=\"text-align: justify;\"><strong>ECONOMICO-COMERCIAL E COOPERA\u00c7\u00c3O<\/strong>\u00a0&#8211; Para mais informa\u00e7\u00f5es, favor\u00a0<a href=\"https:\/\/consriodejaneiro.esteri.it\/consolato_riodejaneiro\/pt\/i_servizi\/fare_affari_nel_paese\/\">clicar aqui<\/a><\/p>\n<p style=\"text-align: justify;\"><strong>ELEITORAL &#8211;\u00a0<\/strong>E-mail:\u00a0<a href=\"mailto:riodejaneiro.elettorale@esteri.it\">riodejaneiro.elettorale@esteri.it<\/a><\/p>\n<p style=\"text-align: justify;\"><strong>VISTOS<\/strong>\u00a0&#8211; Emiss\u00e3o de vistos nacionais (acima de 90 dias) e de vistos Schengen (at\u00e9 90 dias) para estrangeiros residentes na Circunscri\u00e7\u00e3o consular (Rio de Janeiro, Espirito Santo). Cidad\u00e3os brasileiros que necessitam permanecer na It\u00e1lia, durante um periodo max de 90 dias, por motivos de estudo, turismo ou negocios n\u00e3o necessitam de visto. (veja a se\u00e7\u00e3o Vistos nos Servi\u00e7os Consulares).<br \/>\nE-mail:\u00a0<a href=\"mailto:visti.riodejaneiro@esteri.it\">visti.riodejaneiro@esteri.it<\/a><\/p>\n<p style=\"text-align: justify;\"><strong>TITULOS DE ESTUDO<\/strong>\u00a0&#8211;\u00a0Inscri\u00e7\u00e3o \u00e0s Universidades italianas, reconhecimento de diplomas e emiss\u00e2o de \u201cDeclara\u00e7\u00e3o de Valores\u201d.<br \/>\nE-mail:\u00a0<a href=\"mailto:riodejaneiro.studio@esteri.it\">riodejaneiro.studio@esteri.it<\/a><\/p>\n<p style=\"text-align: justify;\"><strong>EVENTI\u00a0<\/strong>&#8211; E-mail:\u00a0<a href=\"mailto:riodejaneiro.eventi@esteri.it\">riodejaneiro.eventi@esteri.it<\/a><\/p>\n<\/article>\n<p><strong>CONSULADO GERAL DA IT\u00c1LIA NO RIO DE JANEIRO &#8211; GUICHE CONSULAR EM VIT\u00d3RIA (ESPIRITO SANTO) &#8211; o guich\u00ea \u00e9 utilizado para consultas e procedimentos relativos \u00e0 emiss\u00e3o de passaportes <\/strong><br \/>\nE-mail: <a href=\"mailto:riodejaneiro.vitoria@esteri.it\">riodejaneiro.vitoria@esteri.it<\/a>\u00a0\/ Endere\u00e7o: Rua Cl\u00f3vis Machado 176, Sala 306-308, Enseada do Su\u00e1, Vit\u00f3ria, ES &#8211; CAP 29050-585<\/p>\n<p><strong>CONSULADO HONOR\u00c1RIO EM VIT\u00d3RIA (ESPIRITO SANTO)\u00a0<\/strong><br \/>\nC\u00f4nsul Honor\u00e1rio Dr. Roger Gaggiato<br \/>\nRua Pe. Ant\u00f4nio Ribeiro Pinto, 195\/509 \u2013 CEP 29052-290 \u2013 Vit\u00f3ria (ES)<br \/>\ne-mail: <a href=\"mailto:viceconsit.vitoria@gmail.com\">viceconsit.vitoria@gmail.com<\/a><\/p>\n<p><strong style=\"text-align: justify;\">DOUTOR DE REFER\u00caNCIA &#8211;<\/strong><span style=\"text-align: justify;\">\u00a0Consultas para renova\u00e7\u00e3o da carteira de motorista italiana, fiscaliza\u00e7\u00f5es medico-trabalhistas, per\u00edcias sanit\u00e1rias, per\u00edcias colegiadas, parecer sobre despesas, acompanhamento emergencial de pacientes.<\/span><\/p>\n<article id=\"articolo_centro\" class=\"col-md-19 col-sm-19 padding_articolo item-page\" role=\"main\" aria-label=\"articolo\">\n<article id=\"articolo_centro\" class=\"col-md-19 col-sm-19 padding_articolo item-page\" role=\"main\" aria-label=\"articolo\"><strong>Dr\u00a0Antonio Egidio Nardi<\/strong><\/article>\n<article class=\"col-md-19 col-sm-19 padding_articolo item-page\" role=\"main\" aria-label=\"articolo\">Telefono : +55 (21)-2521-6147 \/ +55 (21)-2523-6839 \/ +55 (21)-99911-3843<\/article>\n<article class=\"col-md-19 col-sm-19 padding_articolo item-page\" role=\"main\" aria-label=\"articolo\">Indirizzo:\u00a0Ipanema Office Center Av. Visconde de Piraj\u00e1 407\/702 \u2013 Ipanema<\/article>\n<article class=\"col-md-19 col-sm-19 padding_articolo item-page\" role=\"main\" aria-label=\"articolo\">Email:\u00a0<a href=\"mailto:nardiservmed@gmail.com\">nardiservmed@gmail.com<\/a><\/p>\n<div>\n<p style=\"text-align: justify;\"><strong>Dr. Francesco Agoglia<\/strong><br \/>\nCellulare:\u00a0<span class=\"baec5a81-e4d6-4674-97f3-e9220f0136c1\">+55 (21) 999719114<\/span><br \/>\nStudio:\u00a0<span class=\"baec5a81-e4d6-4674-97f3-e9220f0136c1\">+55 (21) 2572-3386<\/span>;\u00a0<span class=\"baec5a81-e4d6-4674-97f3-e9220f0136c1\">+55 (21) 971053722<\/span><br \/>\nIndirizzo: R. Gen. Roca, 685 &#8211; Tijuca, Rio de Janeiro &#8211; RJ, 20521-070<\/p>\n<\/div>\n<\/article>\n<p style=\"text-align: justify;\"><strong>ADVOGADO REFERENCIADO<\/strong>: trata-se de profissional apto a atender em italiano. O Consulado n\u00e3o se responsabiliza pelos servi\u00e7os prestados.<\/p>\n<p style=\"text-align: justify;\">Dra. Lucimar de Morais Cunha<br \/>\nAv. Franklin Roosevelt, 71 &#8211; Gr. 704<br \/>\nCEP 20021-120 &#8211; Centro &#8211; Rio de Janeiro<br \/>\nTel: (21) 25336211<br \/>\nFax: (21) 22153568<br \/>\nCell: (21) 996538003<br \/>\ne-mail:\u00a0<a href=\"mailto:lucimarmoraiscunha@gmail.com\">lucimarmoraiscunha@gmail.com<\/a><br \/>\nSkype: lucimar.morais<\/p>\n<p style=\"text-align: justify;\">O Consulado responde a d\u00favidas por telefone (QUE N\u00c3O SE ENCONTRA NO NOSSO SITE) das 8:00 \u00e0s 16:00, ao numero 21 3534 1315.<\/p>\n<p style=\"text-align: justify;\">N\u00e3o h\u00e1 pessoas ou setores privados aos quais tenha sido confiado a tarefa de fornecer servi\u00e7os consulares em nome e por conta deste Consulado. Todos os servi\u00e7os consulares s\u00e3o oferecidos aos usu\u00e1rios exclusivamente dentro da nossa sede e pelos nossos funcion\u00e1rios nos guich\u00eas.<\/p>\n<\/article>\n","protected":false},"excerpt":{"rendered":"A fim de dedicar os recursos dispon\u00edveis a uma oferta de servi\u00e7os consulares a cada vez mais eficiente, pedimos a gentileza de n\u00e3o utilizar os canais de e-mail para expressar d\u00favidas que possam ser respondidas nas p\u00e1ginas deste site. Ap\u00f3s uma atenta leitura do site, caso seja ainda necess\u00e1rio entrar em contato com o Consulado, [&hellip;]","protected":false},"author":3,"featured_media":0,"parent":33,"menu_order":0,"comment_status":"closed","ping_status":"closed","template":"","meta":{"footnotes":""},"class_list":["post-91","page","type-page","status-publish","hentry"],"_links":{"self":[{"href":"https:\/\/consriodejaneiro.esteri.it\/br\/wp-json\/wp\/v2\/pages\/91","targetHints":{"allow":["GET"]}}],"collection":[{"href":"https:\/\/consriodejaneiro.esteri.it\/br\/wp-json\/wp\/v2\/pages"}],"about":[{"href":"https:\/\/consriodejaneiro.esteri.it\/br\/wp-json\/wp\/v2\/types\/page"}],"author":[{"embeddable":true,"href":"https:\/\/consriodejaneiro.esteri.it\/br\/wp-json\/wp\/v2\/users\/3"}],"replies":[{"embeddable":true,"href":"https:\/\/consriodejaneiro.esteri.it\/br\/wp-json\/wp\/v2\/comments?post=91"}],"version-history":[{"count":6,"href":"https:\/\/consriodejaneiro.esteri.it\/br\/wp-json\/wp\/v2\/pages\/91\/revisions"}],"predecessor-version":[{"id":4325,"href":"https:\/\/consriodejaneiro.esteri.it\/br\/wp-json\/wp\/v2\/pages\/91\/revisions\/4325"}],"up":[{"embeddable":true,"href":"https:\/\/consriodejaneiro.esteri.it\/br\/wp-json\/wp\/v2\/pages\/33"}],"wp:attachment":[{"href":"https:\/\/consriodejaneiro.esteri.it\/br\/wp-json\/wp\/v2\/media?parent=91"}],"curies":[{"name":"wp","href":"https:\/\/api.w.org\/{rel}","templated":true}]}}