{"id":92,"date":"2022-12-02T16:38:10","date_gmt":"2022-12-02T15:38:10","guid":{"rendered":"https:\/\/consolatorio.esteri.it\/chi-siamo\/numeri-di-emergenza\/"},"modified":"2023-09-22T15:55:58","modified_gmt":"2023-09-22T13:55:58","slug":"numeri-di-emergenza","status":"publish","type":"page","link":"https:\/\/consriodejaneiro.esteri.it\/br\/chi-siamo\/numeri-di-emergenza\/","title":{"rendered":"N\u00fameros de emerg\u00eancia"},"content":{"rendered":"<p style=\"text-align: justify;\">Para informa\u00e7\u00f5es em geral e detalhes operativos sobre a seguran\u00e7a no Brasil, consultar o site da Unidade de Crise da &#8220;<a href=\"https:\/\/www.esteri.it\/it\/\">Farnesina<\/a>&#8221; \u201c<a href=\"https:\/\/www.viaggiaresicuri.it\/\">Viaggiare Sicuri<\/a>\u201d (p\u00e1gina em l\u00edngua italiana).<\/p>\n<p style=\"text-align: justify;\">Se est\u00e1 planejando uma viagem ou est\u00e1 morando no Brasil, n\u00e3o esque\u00e7a de se cadastrar no site &#8220;<a href=\"https:\/\/www.dovesiamonelmondo.it\/home.html\">Dove siamo nel Mondo<\/a>&#8221; (p\u00e1gina em l\u00edngua italiana) para ser contatado em caso de emerg\u00eancia.<\/p>\n<p style=\"text-align: justify;\"><strong>EXCLUSIVAMENTE PARA CIDADA\u00d5S ITALIANOS<\/strong><\/p>\n<p style=\"text-align: justify;\">N\u00famero a ser chamado apenas em casos de extrema e real emerg\u00eancia (graves acidentes, deten\u00e7\u00e3o, morte, etc.):<\/p>\n<p style=\"text-align: justify;\"><strong>+ 55 21 98119-5631<\/strong><\/p>\n<p style=\"text-align: justify;\">Segunda a Sexta-feira &#8211; das 16h00 \u00e0s 22h00<br \/>\nS\u00e1bado, Domingo e feriados &#8211; das 09h00 \u00e0s 22h00<\/p>\n<p style=\"text-align: justify;\">Este n\u00famero n\u00e3o oferece informa\u00e7\u00f5es sobre cidadania, passaportes, vistos e outros servi\u00e7os consulares.<\/p>\n<p style=\"text-align: justify;\">Para este tipo de informa\u00e7\u00f5es pede-se conferir as paginas deste site ou entrar em contato com os departamentos competentes nos endere\u00e7os presentes nesta p\u00e1gina:<\/p>\n<p style=\"text-align: justify;\"><a title=\"Servizi per il cittadino italiano\" href=\"https:\/\/consolatorio.esteri.it\/br\/servizi-consolari-e-visti\/servizi-per-il-cittadino-italiano\/\">https:\/\/consolatorio.esteri.it\/br\/servizi-consolari-e-visti\/servizi-per-il-cittadino-italiano\/<\/a><\/p>\n","protected":false},"excerpt":{"rendered":"Para informa\u00e7\u00f5es em geral e detalhes operativos sobre a seguran\u00e7a no Brasil, consultar o site da Unidade de Crise da &#8220;Farnesina&#8221; \u201cViaggiare Sicuri\u201d (p\u00e1gina em l\u00edngua italiana). Se est\u00e1 planejando uma viagem ou est\u00e1 morando no Brasil, n\u00e3o esque\u00e7a de se cadastrar no site &#8220;Dove siamo nel Mondo&#8221; (p\u00e1gina em l\u00edngua italiana) para ser contatado [&hellip;]","protected":false},"author":3,"featured_media":0,"parent":33,"menu_order":0,"comment_status":"closed","ping_status":"closed","template":"","meta":{"footnotes":""},"class_list":["post-92","page","type-page","status-publish","hentry"],"_links":{"self":[{"href":"https:\/\/consriodejaneiro.esteri.it\/br\/wp-json\/wp\/v2\/pages\/92","targetHints":{"allow":["GET"]}}],"collection":[{"href":"https:\/\/consriodejaneiro.esteri.it\/br\/wp-json\/wp\/v2\/pages"}],"about":[{"href":"https:\/\/consriodejaneiro.esteri.it\/br\/wp-json\/wp\/v2\/types\/page"}],"author":[{"embeddable":true,"href":"https:\/\/consriodejaneiro.esteri.it\/br\/wp-json\/wp\/v2\/users\/3"}],"replies":[{"embeddable":true,"href":"https:\/\/consriodejaneiro.esteri.it\/br\/wp-json\/wp\/v2\/comments?post=92"}],"version-history":[{"count":3,"href":"https:\/\/consriodejaneiro.esteri.it\/br\/wp-json\/wp\/v2\/pages\/92\/revisions"}],"predecessor-version":[{"id":1025,"href":"https:\/\/consriodejaneiro.esteri.it\/br\/wp-json\/wp\/v2\/pages\/92\/revisions\/1025"}],"up":[{"embeddable":true,"href":"https:\/\/consriodejaneiro.esteri.it\/br\/wp-json\/wp\/v2\/pages\/33"}],"wp:attachment":[{"href":"https:\/\/consriodejaneiro.esteri.it\/br\/wp-json\/wp\/v2\/media?parent=92"}],"curies":[{"name":"wp","href":"https:\/\/api.w.org\/{rel}","templated":true}]}}