{"id":93,"date":"2022-12-02T16:38:39","date_gmt":"2022-12-02T15:38:39","guid":{"rendered":"https:\/\/consolatorio.esteri.it\/chi-siamo\/la-rete-consolare\/"},"modified":"2024-12-17T17:09:01","modified_gmt":"2024-12-17T16:09:01","slug":"la-rete-consolare","status":"publish","type":"page","link":"https:\/\/consriodejaneiro.esteri.it\/br\/chi-siamo\/la-rete-consolare\/","title":{"rendered":"A Rede Consular"},"content":{"rendered":"<p><strong>A CIRCUNSCRI\u00c7\u00c3O CONSULAR DO RIO DE JANEIRO<\/strong><\/p>\n<p>A circunscri\u00e7\u00e3o consular deste Consulado Geral\u00a0abrange os Estados do\u00a0<strong>Rio de Janeiro<\/strong>\u00a0e\u00a0<strong>Espirito Santo<\/strong>.<\/p>\n<p><strong>Consulado Geral da It\u00e1lia do Rio de Janeiro &#8211; Guich\u00ea Consular em Vit\u00f3ria<\/strong>\u00a0<strong>(Espirito Santo)<\/strong><\/p>\n<p>Rua Clovis Machado 176, Sala 306\/308<\/p>\n<p>Enseada do Su\u00e1 &#8211; CEP29050-590\u00a0<strong>Vit\u00f3ria<\/strong>\u00a0 (ES)<\/p>\n<p>E-mail: <a href=\"mailto:riodejaneiro.vitoria@esteri.it\">riodejaneiro.vitoria@esteri.it<\/a><\/p>\n<p><strong>Consulado Honor\u00e1rio em Vit\u00f3ria (Espirito Santo)<\/strong><\/p>\n<p>C\u00f4nsul Honor\u00e1rio Dr.\u00a0Roger Gaggiato<br \/>\nRua Pe. Antonio Ribeiro Pinto, 195\/509 &#8211; CEP 29052-290 &#8211;\u00a0<strong>Vit\u00f3ria<\/strong>\u00a0(ES)<br \/>\ne-mail:\u00a0<a href=\"mailto:viceconsit.vitoria@gmail.com\">viceconsit.vitoria@gmail.com<\/a><strong><br \/>\n<\/strong><\/p>\n<p><strong>CORRESPONDENTES CONSULARES<\/strong>\u00a0<strong>(Rio de Janeiro)<\/strong><\/p>\n<p><strong>Barra do Pira\u00ec (Rio de Janeiro)<br \/>\n<\/strong>Sr.\u00a0Roberto MONZO FILHO<br \/>\nTravessa Pedro Lara, 10 apt. 203 &#8211; Centro &#8211; Barra do Pira\u00ed (RJ)<br \/>\nFax: (24) 24422495<br \/>\ne-mail:\u00a0<a href=\"mailto:correspondenteconsular@gmail.com\">correspondenteconsular@gmail.com<\/a><\/p>\n<p><strong>Porto Real (Rio de Janeiro)<\/strong><br \/>\nSr.\u00a0Laercio MARASSI<br \/>\nRua Prof.a Dona Betina 228 &#8211; Centro &#8211; 27570-000 &#8211; Porto Real (RJ)<br \/>\nTel.: (24) 33531618<br \/>\nCell.: (24) 998313338<br \/>\ne-mail:\u00a0<a href=\"mailto:laerciomarassi.it@gmail.com\">laerciomarassi.it@gmail.com<\/a><\/p>\n<p><strong>Nova Friburgo (Rio de Janeiro)<\/strong><br \/>\nSig. Alessandro\u00a0VIANELLO<br \/>\nAv. Alberto Braune 153 &#8211; 28613-001 &#8211; Nova Friburgo (RJ)<br \/>\nTel.: (22) 25230381<br \/>\nCell.: (22) 992344808<br \/>\ne-mail: italiano.friburgo@gmail.com<\/p>\n<p><strong><br \/>\n<a href=\"http:\/\/www.ambbrasilia.esteri.it\/ambasciata_brasilia\/pt\/ambasciata\/la_rete_consolare\/la-rete-consolare.html\">REDE DIPLOM\u00c1TICO-CONSULAR NO BRASIL<\/a><br \/>\n<\/strong><br \/>\n<strong>Brasilia<\/strong>\u00a0&#8211; Embaixada<br \/>\n<strong><a title=\"Ambasciata BRasilia\" href=\"http:\/\/www.ambbrasilia.esteri.it\/\">Home page<br \/>\n<\/a><\/strong><br \/>\n<strong>S\u00e3o Paulo<\/strong>\u00a0&#8211; Consulado Geral (I classe)<br \/>\n<strong><a title=\"Consolato San Paolo\" href=\"http:\/\/www.conssanpaolo.esteri.it\/\">Home page<\/a><\/strong><\/p>\n<p>Belo Horizonte\u00a0(Minas Gerais) Consulado<br \/>\n<strong><a title=\"Consolato Belo Horizonte\" href=\"http:\/\/www.consbelohorizonte.esteri.it\/\">Home page<br \/>\n<\/a><\/strong><br \/>\n<strong>Curitiba<\/strong>\u00a0(Paran\u00e1) Consulado Geral<br \/>\n<strong><a title=\"Consolato Curitiba\" href=\"http:\/\/www.conscuritiba.esteri.it\/\">Home page<\/a><\/strong><\/p>\n<p><strong>Porto Alegre<\/strong>\u00a0(Rio Grande do Sul) &#8211; Consulado Geral<br \/>\n<strong><a title=\"Consolato porto Alegre\" href=\"http:\/\/www.consportoalegre.esteri.it\/\">Home Page<\/a><\/strong><\/p>\n<p><strong>Recife<\/strong>\u00a0(Pernambuco) &#8211; Consulado<br \/>\n<strong><a title=\"Consolato Recife\" href=\"http:\/\/www.consrecife.esteri.it\/\">Home page<\/a><\/strong><\/p>\n","protected":false},"excerpt":{"rendered":"A CIRCUNSCRI\u00c7\u00c3O CONSULAR DO RIO DE JANEIRO A circunscri\u00e7\u00e3o consular deste Consulado Geral\u00a0abrange os Estados do\u00a0Rio de Janeiro\u00a0e\u00a0Espirito Santo. Consulado Geral da It\u00e1lia do Rio de Janeiro &#8211; Guich\u00ea Consular em Vit\u00f3ria\u00a0(Espirito Santo) Rua Clovis Machado 176, Sala 306\/308 Enseada do Su\u00e1 &#8211; CEP29050-590\u00a0Vit\u00f3ria\u00a0 (ES) E-mail: riodejaneiro.vitoria@esteri.it Consulado Honor\u00e1rio em Vit\u00f3ria (Espirito Santo) C\u00f4nsul Honor\u00e1rio [&hellip;]","protected":false},"author":3,"featured_media":0,"parent":33,"menu_order":0,"comment_status":"closed","ping_status":"closed","template":"","meta":{"footnotes":""},"class_list":["post-93","page","type-page","status-publish","hentry"],"_links":{"self":[{"href":"https:\/\/consriodejaneiro.esteri.it\/br\/wp-json\/wp\/v2\/pages\/93","targetHints":{"allow":["GET"]}}],"collection":[{"href":"https:\/\/consriodejaneiro.esteri.it\/br\/wp-json\/wp\/v2\/pages"}],"about":[{"href":"https:\/\/consriodejaneiro.esteri.it\/br\/wp-json\/wp\/v2\/types\/page"}],"author":[{"embeddable":true,"href":"https:\/\/consriodejaneiro.esteri.it\/br\/wp-json\/wp\/v2\/users\/3"}],"replies":[{"embeddable":true,"href":"https:\/\/consriodejaneiro.esteri.it\/br\/wp-json\/wp\/v2\/comments?post=93"}],"version-history":[{"count":4,"href":"https:\/\/consriodejaneiro.esteri.it\/br\/wp-json\/wp\/v2\/pages\/93\/revisions"}],"predecessor-version":[{"id":3964,"href":"https:\/\/consriodejaneiro.esteri.it\/br\/wp-json\/wp\/v2\/pages\/93\/revisions\/3964"}],"up":[{"embeddable":true,"href":"https:\/\/consriodejaneiro.esteri.it\/br\/wp-json\/wp\/v2\/pages\/33"}],"wp:attachment":[{"href":"https:\/\/consriodejaneiro.esteri.it\/br\/wp-json\/wp\/v2\/media?parent=93"}],"curies":[{"name":"wp","href":"https:\/\/api.w.org\/{rel}","templated":true}]}}