{"id":94,"date":"2022-12-02T16:41:17","date_gmt":"2022-12-02T15:41:17","guid":{"rendered":"https:\/\/consolatorio.esteri.it\/italia-e-brasile\/diplomazia-economica\/"},"modified":"2023-09-22T15:57:02","modified_gmt":"2023-09-22T13:57:02","slug":"diplomazia-economica","status":"publish","type":"page","link":"https:\/\/consriodejaneiro.esteri.it\/br\/italia-e-brasile\/diplomazia-economica\/","title":{"rendered":"Diplomacia econ\u00f4mica"},"content":{"rendered":"<p style=\"text-align: justify;\"><strong>Opportunidades\u00a0comerciais<br \/>\n<\/strong><\/p>\n<p style=\"text-align: justify;\">A aquisi\u00e7\u00e3o de informa\u00e7\u00f5es referentes ao mercado italiano e as oportunidades de <em>business<\/em>\u00a0com a\u00a0It\u00e1lia \u00e9 o primeiro\u00a0passo que os operadores estrangeiros devem cumprir a fim de individuar \u00e0reas e formas de investimentos na It\u00e1lia.<\/p>\n<p style=\"text-align: justify;\">A\u00a0<em><strong>Italtrade<\/strong><\/em>\u00a0\u00e8 o acesso imediato a todas as informa\u00e7\u00f5es sobre mercado italiano, escrito no idioma de neg\u00f3cios dos operadores estrangeiros.<\/p>\n","protected":false},"excerpt":{"rendered":"Opportunidades\u00a0comerciais A aquisi\u00e7\u00e3o de informa\u00e7\u00f5es referentes ao mercado italiano e as oportunidades de business\u00a0com a\u00a0It\u00e1lia \u00e9 o primeiro\u00a0passo que os operadores estrangeiros devem cumprir a fim de individuar \u00e0reas e formas de investimentos na It\u00e1lia. A\u00a0Italtrade\u00a0\u00e8 o acesso imediato a todas as informa\u00e7\u00f5es sobre mercado italiano, escrito no idioma de neg\u00f3cios dos operadores estrangeiros.","protected":false},"author":3,"featured_media":0,"parent":32,"menu_order":0,"comment_status":"closed","ping_status":"closed","template":"","meta":{"footnotes":""},"class_list":["post-94","page","type-page","status-publish","hentry"],"_links":{"self":[{"href":"https:\/\/consriodejaneiro.esteri.it\/br\/wp-json\/wp\/v2\/pages\/94","targetHints":{"allow":["GET"]}}],"collection":[{"href":"https:\/\/consriodejaneiro.esteri.it\/br\/wp-json\/wp\/v2\/pages"}],"about":[{"href":"https:\/\/consriodejaneiro.esteri.it\/br\/wp-json\/wp\/v2\/types\/page"}],"author":[{"embeddable":true,"href":"https:\/\/consriodejaneiro.esteri.it\/br\/wp-json\/wp\/v2\/users\/3"}],"replies":[{"embeddable":true,"href":"https:\/\/consriodejaneiro.esteri.it\/br\/wp-json\/wp\/v2\/comments?post=94"}],"version-history":[{"count":3,"href":"https:\/\/consriodejaneiro.esteri.it\/br\/wp-json\/wp\/v2\/pages\/94\/revisions"}],"predecessor-version":[{"id":1026,"href":"https:\/\/consriodejaneiro.esteri.it\/br\/wp-json\/wp\/v2\/pages\/94\/revisions\/1026"}],"up":[{"embeddable":true,"href":"https:\/\/consriodejaneiro.esteri.it\/br\/wp-json\/wp\/v2\/pages\/32"}],"wp:attachment":[{"href":"https:\/\/consriodejaneiro.esteri.it\/br\/wp-json\/wp\/v2\/media?parent=94"}],"curies":[{"name":"wp","href":"https:\/\/api.w.org\/{rel}","templated":true}]}}