{"id":96,"date":"2022-12-02T16:46:06","date_gmt":"2022-12-02T15:46:06","guid":{"rendered":"https:\/\/consolatorio.esteri.it\/italia-e-brasile\/diplomazia-scientifica\/"},"modified":"2022-12-02T17:33:30","modified_gmt":"2022-12-02T16:33:30","slug":"diplomazia-scientifica","status":"publish","type":"page","link":"https:\/\/consriodejaneiro.esteri.it\/br\/italia-e-brasile\/diplomazia-scientifica\/","title":{"rendered":"Diplomacia cient\u00edfica"},"content":{"rendered":"<p>Conte\u00fado dispon\u00edvel apenas em italiano<\/p>\n","protected":false},"excerpt":{"rendered":"Conte\u00fado dispon\u00edvel apenas em italiano","protected":false},"author":3,"featured_media":0,"parent":32,"menu_order":0,"comment_status":"closed","ping_status":"closed","template":"","meta":{"footnotes":""},"class_list":["post-96","page","type-page","status-publish","hentry"],"_links":{"self":[{"href":"https:\/\/consriodejaneiro.esteri.it\/br\/wp-json\/wp\/v2\/pages\/96","targetHints":{"allow":["GET"]}}],"collection":[{"href":"https:\/\/consriodejaneiro.esteri.it\/br\/wp-json\/wp\/v2\/pages"}],"about":[{"href":"https:\/\/consriodejaneiro.esteri.it\/br\/wp-json\/wp\/v2\/types\/page"}],"author":[{"embeddable":true,"href":"https:\/\/consriodejaneiro.esteri.it\/br\/wp-json\/wp\/v2\/users\/3"}],"replies":[{"embeddable":true,"href":"https:\/\/consriodejaneiro.esteri.it\/br\/wp-json\/wp\/v2\/comments?post=96"}],"version-history":[{"count":2,"href":"https:\/\/consriodejaneiro.esteri.it\/br\/wp-json\/wp\/v2\/pages\/96\/revisions"}],"predecessor-version":[{"id":115,"href":"https:\/\/consriodejaneiro.esteri.it\/br\/wp-json\/wp\/v2\/pages\/96\/revisions\/115"}],"up":[{"embeddable":true,"href":"https:\/\/consriodejaneiro.esteri.it\/br\/wp-json\/wp\/v2\/pages\/32"}],"wp:attachment":[{"href":"https:\/\/consriodejaneiro.esteri.it\/br\/wp-json\/wp\/v2\/media?parent=96"}],"curies":[{"name":"wp","href":"https:\/\/api.w.org\/{rel}","templated":true}]}}