{"id":97,"date":"2022-12-02T16:47:53","date_gmt":"2022-12-02T15:47:53","guid":{"rendered":"https:\/\/consolatorio.esteri.it\/italia-e-brasile\/cooperazione-allo-sviluppo\/"},"modified":"2023-09-22T16:01:46","modified_gmt":"2023-09-22T14:01:46","slug":"cooperazione-allo-sviluppo","status":"publish","type":"page","link":"https:\/\/consriodejaneiro.esteri.it\/br\/italia-e-brasile\/cooperazione-allo-sviluppo\/","title":{"rendered":"Coopera\u00e7\u00e3o para o desenvolvimento"},"content":{"rendered":"<p style=\"text-align: justify;\"><strong>Guia Instrumentos para a internacionaliza\u00e7\u00e3o de empresas italinas<\/strong><\/p>\n<p style=\"text-align: justify;\">As empresas italianas podem usufruir de uma vasta gama de instrumentos p\u00fablicos para o sustento da internacionaliza\u00e7\u00e3o.<\/p>\n<p style=\"text-align: justify;\">O Minist\u00e9rio das Atividades Produtivas predispos um Guia com a finalidade de fornecer aos operadores\u00a0uma base\u00a0informativa sobre os instrumentos de facilita\u00e7\u00f5es que o Sistema P\u00fablico coloca a disposi\u00e7\u00e3o da empresas italianas para sustentar os seus projetos de internacionaliza\u00e7\u00e3o. Al\u00e9m dos mecanismos &#8220;tradicionais&#8221; cuja finaliza\u00e7\u00e3o \u00e9 apoiar a empresa na fase de internacionaliza\u00e7\u00e3o, assim dita, comercial, caracterizada pela ativa\u00e7\u00e3o de fluxos de exporta\u00e7\u00e3o dos pr\u00f3rpios produtos no mercado exterior, o volume passa em analise as novas facilita\u00e7\u00f5es, criadas nos \u00faltimos anos, ou seja, a transfer\u00eancia\u00a0ao exterior de fases inteiras da produ\u00e7\u00e3o.<\/p>\n","protected":false},"excerpt":{"rendered":"Guia Instrumentos para a internacionaliza\u00e7\u00e3o de empresas italinas As empresas italianas podem usufruir de uma vasta gama de instrumentos p\u00fablicos para o sustento da internacionaliza\u00e7\u00e3o. O Minist\u00e9rio das Atividades Produtivas predispos um Guia com a finalidade de fornecer aos operadores\u00a0uma base\u00a0informativa sobre os instrumentos de facilita\u00e7\u00f5es que o Sistema P\u00fablico coloca a disposi\u00e7\u00e3o da empresas [&hellip;]","protected":false},"author":3,"featured_media":0,"parent":32,"menu_order":0,"comment_status":"closed","ping_status":"closed","template":"","meta":{"footnotes":""},"class_list":["post-97","page","type-page","status-publish","hentry"],"_links":{"self":[{"href":"https:\/\/consriodejaneiro.esteri.it\/br\/wp-json\/wp\/v2\/pages\/97","targetHints":{"allow":["GET"]}}],"collection":[{"href":"https:\/\/consriodejaneiro.esteri.it\/br\/wp-json\/wp\/v2\/pages"}],"about":[{"href":"https:\/\/consriodejaneiro.esteri.it\/br\/wp-json\/wp\/v2\/types\/page"}],"author":[{"embeddable":true,"href":"https:\/\/consriodejaneiro.esteri.it\/br\/wp-json\/wp\/v2\/users\/3"}],"replies":[{"embeddable":true,"href":"https:\/\/consriodejaneiro.esteri.it\/br\/wp-json\/wp\/v2\/comments?post=97"}],"version-history":[{"count":3,"href":"https:\/\/consriodejaneiro.esteri.it\/br\/wp-json\/wp\/v2\/pages\/97\/revisions"}],"predecessor-version":[{"id":1030,"href":"https:\/\/consriodejaneiro.esteri.it\/br\/wp-json\/wp\/v2\/pages\/97\/revisions\/1030"}],"up":[{"embeddable":true,"href":"https:\/\/consriodejaneiro.esteri.it\/br\/wp-json\/wp\/v2\/pages\/32"}],"wp:attachment":[{"href":"https:\/\/consriodejaneiro.esteri.it\/br\/wp-json\/wp\/v2\/media?parent=97"}],"curies":[{"name":"wp","href":"https:\/\/api.w.org\/{rel}","templated":true}]}}