{"id":972,"date":"2023-09-21T20:02:45","date_gmt":"2023-09-21T18:02:45","guid":{"rendered":"https:\/\/consriodejaneiro.esteri.it\/?page_id=972"},"modified":"2023-09-21T20:02:45","modified_gmt":"2023-09-21T18:02:45","slug":"reconhecimento-da-cidadania-italiana-por-casamento","status":"publish","type":"page","link":"https:\/\/consriodejaneiro.esteri.it\/br\/servizi-consolari-e-visti\/servizi-per-il-cittadino-straniero\/cittadinanza\/reconhecimento-da-cidadania-italiana-por-casamento\/","title":{"rendered":"Reconhecimento da Cidadania Italiana por Casamento"},"content":{"rendered":"<p>Para requerentes residentes na Circunscri\u00e7\u00e3o Consular da jurisdi\u00e7\u00e3o do Consulado Geral da It\u00e1lia no Rio de Janeiro.<\/p>\n<p><strong>1. <a href=\"https:\/\/consriodejaneiro.esteri.it\/br\/servizi-consolari-e-visti\/servizi-per-il-cittadino-straniero\/cittadinanza\/cittadinanza-per-matrimonio-da-parte-delle-donne-coniugate-con-cittadino-italiano-anteriormente-al-27-aprile-1983\/\">CIDADANIA ITALIANA POR CASAMENTO CONTRA\u00cdDO ANTES DE 27 DE ABRIL DE 1983 \u2013 JURE MATRIMONII<\/a><\/strong><\/p>\n<p>&nbsp;<\/p>\n<p><strong>2.<\/strong> <a href=\"https:\/\/consriodejaneiro.esteri.it\/br\/servizi-consolari-e-visti\/servizi-per-il-cittadino-straniero\/cittadinanza\/cidadania-italiana-por-casamento-contraido-a-partir-de-27-de-abril-de-1983-naturalizacao\/\"><strong>NATURALIZA\u00c7\u00c3O POR CASAMENTO \u2013 CASAMENTO CONTRA\u00cdDO A PARTIR DE 27 DE ABRIL DE 1983<\/strong><\/a><\/p>\n","protected":false},"excerpt":{"rendered":"Para requerentes residentes na Circunscri\u00e7\u00e3o Consular da jurisdi\u00e7\u00e3o do Consulado Geral da It\u00e1lia no Rio de Janeiro. 1. CIDADANIA ITALIANA POR CASAMENTO CONTRA\u00cdDO ANTES DE 27 DE ABRIL DE 1983 \u2013 JURE MATRIMONII &nbsp; 2. NATURALIZA\u00c7\u00c3O POR CASAMENTO \u2013 CASAMENTO CONTRA\u00cdDO A PARTIR DE 27 DE ABRIL DE 1983","protected":false},"author":7,"featured_media":0,"parent":211,"menu_order":0,"comment_status":"closed","ping_status":"closed","template":"","meta":{"footnotes":""},"class_list":["post-972","page","type-page","status-publish","hentry"],"_links":{"self":[{"href":"https:\/\/consriodejaneiro.esteri.it\/br\/wp-json\/wp\/v2\/pages\/972","targetHints":{"allow":["GET"]}}],"collection":[{"href":"https:\/\/consriodejaneiro.esteri.it\/br\/wp-json\/wp\/v2\/pages"}],"about":[{"href":"https:\/\/consriodejaneiro.esteri.it\/br\/wp-json\/wp\/v2\/types\/page"}],"author":[{"embeddable":true,"href":"https:\/\/consriodejaneiro.esteri.it\/br\/wp-json\/wp\/v2\/users\/7"}],"replies":[{"embeddable":true,"href":"https:\/\/consriodejaneiro.esteri.it\/br\/wp-json\/wp\/v2\/comments?post=972"}],"version-history":[{"count":1,"href":"https:\/\/consriodejaneiro.esteri.it\/br\/wp-json\/wp\/v2\/pages\/972\/revisions"}],"predecessor-version":[{"id":975,"href":"https:\/\/consriodejaneiro.esteri.it\/br\/wp-json\/wp\/v2\/pages\/972\/revisions\/975"}],"up":[{"embeddable":true,"href":"https:\/\/consriodejaneiro.esteri.it\/br\/wp-json\/wp\/v2\/pages\/211"}],"wp:attachment":[{"href":"https:\/\/consriodejaneiro.esteri.it\/br\/wp-json\/wp\/v2\/media?parent=972"}],"curies":[{"name":"wp","href":"https:\/\/api.w.org\/{rel}","templated":true}]}}