{"id":98,"date":"2022-12-02T16:49:17","date_gmt":"2022-12-02T15:49:17","guid":{"rendered":"https:\/\/consolatorio.esteri.it\/servizi-consolari-e-visti\/servizi-per-il-cittadino-italiano\/"},"modified":"2024-07-08T20:16:52","modified_gmt":"2024-07-08T18:16:52","slug":"servizi-per-il-cittadino-italiano","status":"publish","type":"page","link":"https:\/\/consriodejaneiro.esteri.it\/br\/servizi-consolari-e-visti\/servizi-per-il-cittadino-italiano\/","title":{"rendered":"Servi\u00e7os para o cidad\u00e3o italiano"},"content":{"rendered":"<p>Todos os servi\u00e7os prestados e os regulamentos s\u00e3o descritos pelo Minist\u00e9rio das Rela\u00e7\u00f5es Exteriores neste <a href=\"https:\/\/www.esteri.it\/it\/servizi-consolari-e-visti\/\">link<\/a>.<\/p>\n<ul>\n<li><a href=\"https:\/\/consriodejaneiro.esteri.it\/br\/servizi-consolari-e-visti\/servizi-per-il-cittadino-italiano\/passaporti-e-carte-didentita\/\">Passaportes<\/a><\/li>\n<li><a href=\"https:\/\/consriodejaneiro.esteri.it\/br\/servizi-consolari-e-visti\/servizi-per-il-cittadino-italiano\/carteira-de-identidade-eletronica-cie\/\">Carteira de identidade eletr\u00f4nica \u2013 CIE<\/a><\/li>\n<li><a href=\"https:\/\/consriodejaneiro.esteri.it\/br\/servizi-consolari-e-visti\/servizi-per-il-cittadino-italiano\/emergency-travel-documents-etd\/\">Emergency Travel Documents (ETD)<\/a><\/li>\n<li><a href=\"https:\/\/consriodejaneiro.esteri.it\/br\/servizi-consolari-e-visti\/servizi-per-il-cittadino-italiano\/anagrafe-degli-italiani-residenti-allestero-aire\/\">Anagrafe dos italianos no exterior (AIRE)<\/a><\/li>\n<li><a href=\"https:\/\/consriodejaneiro.esteri.it\/br\/servizi-consolari-e-visti\/servizi-per-il-cittadino-italiano\/stato-civile\/\">Registro Civil<\/a><\/li>\n<li><a href=\"https:\/\/consriodejaneiro.esteri.it\/br\/servizi-consolari-e-visti\/servizi-per-il-cittadino-italiano\/assistenza-ai-cittadini-allestero\/\">Assist\u00eancia a cidad\u00e3os no estrangeiro<\/a><\/li>\n<li><a href=\"https:\/\/consriodejaneiro.esteri.it\/br\/servizi-consolari-e-visti\/servizi-per-il-cittadino-italiano\/servizi-elettorali\/\">Servi\u00e7o Eleitoral<\/a><\/li>\n<li><a href=\"https:\/\/consriodejaneiro.esteri.it\/br\/servizi-consolari-e-visti\/servizi-per-il-cittadino-italiano\/servizi-notarili\/\">Servi\u00e7os Notariais<\/a><\/li>\n<li><a href=\"https:\/\/consriodejaneiro.esteri.it\/br\/servizi-consolari-e-visti\/servizi-per-il-cittadino-italiano\/traduzione-e-legalizzazione-dei-documenti\/\">Tradu\u00e7\u00e3o e legaliza\u00e7\u00e3o de documentos<\/a><\/li>\n<li><a href=\"https:\/\/consriodejaneiro.esteri.it\/br\/servizi-consolari-e-visti\/servizi-per-il-cittadino-italiano\/autoveicoli-e-patenti-di-guida\/\">Veiculos e cartas de condu\u00e7\u00e3o<\/a><\/li>\n<li><a href=\"https:\/\/consriodejaneiro.esteri.it\/br\/servizi-consolari-e-visti\/servizi-per-il-cittadino-italiano\/codice-fiscale\/\">O &#8220;Codice Fiscale&#8221;<\/a><\/li>\n<li><a href=\"https:\/\/consriodejaneiro.esteri.it\/br\/servizi-consolari-e-visti\/servizi-per-il-cittadino-italiano\/pensioni-e-sicurezza-sociale\/\">Pens\u00e3o e Seguran\u00e7a social<\/a><\/li>\n<li><a href=\"https:\/\/consriodejaneiro.esteri.it\/br\/servizi-consolari-e-visti\/servizi-per-il-cittadino-italiano\/altri-servizi\/\">Outros Servi\u00e7os<\/a><\/li>\n<li><a href=\"https:\/\/consriodejaneiro.esteri.it\/br\/servizi-consolari-e-visti\/servizi-per-il-cittadino-italiano\/declaracoes-de-valores-para-curriculum-escolares\/\">Estudo<\/a><\/li>\n<\/ul>\n","protected":false},"excerpt":{"rendered":"Todos os servi\u00e7os prestados e os regulamentos s\u00e3o descritos pelo Minist\u00e9rio das Rela\u00e7\u00f5es Exteriores neste link. Passaportes Carteira de identidade eletr\u00f4nica \u2013 CIE Emergency Travel Documents (ETD) Anagrafe dos italianos no exterior (AIRE) Registro Civil Assist\u00eancia a cidad\u00e3os no estrangeiro Servi\u00e7o Eleitoral Servi\u00e7os Notariais Tradu\u00e7\u00e3o e legaliza\u00e7\u00e3o de documentos Veiculos e cartas de condu\u00e7\u00e3o O [&hellip;]","protected":false},"author":3,"featured_media":0,"parent":31,"menu_order":0,"comment_status":"closed","ping_status":"closed","template":"","meta":{"footnotes":""},"class_list":["post-98","page","type-page","status-publish","hentry"],"_links":{"self":[{"href":"https:\/\/consriodejaneiro.esteri.it\/br\/wp-json\/wp\/v2\/pages\/98","targetHints":{"allow":["GET"]}}],"collection":[{"href":"https:\/\/consriodejaneiro.esteri.it\/br\/wp-json\/wp\/v2\/pages"}],"about":[{"href":"https:\/\/consriodejaneiro.esteri.it\/br\/wp-json\/wp\/v2\/types\/page"}],"author":[{"embeddable":true,"href":"https:\/\/consriodejaneiro.esteri.it\/br\/wp-json\/wp\/v2\/users\/3"}],"replies":[{"embeddable":true,"href":"https:\/\/consriodejaneiro.esteri.it\/br\/wp-json\/wp\/v2\/comments?post=98"}],"version-history":[{"count":7,"href":"https:\/\/consriodejaneiro.esteri.it\/br\/wp-json\/wp\/v2\/pages\/98\/revisions"}],"predecessor-version":[{"id":3087,"href":"https:\/\/consriodejaneiro.esteri.it\/br\/wp-json\/wp\/v2\/pages\/98\/revisions\/3087"}],"up":[{"embeddable":true,"href":"https:\/\/consriodejaneiro.esteri.it\/br\/wp-json\/wp\/v2\/pages\/31"}],"wp:attachment":[{"href":"https:\/\/consriodejaneiro.esteri.it\/br\/wp-json\/wp\/v2\/media?parent=98"}],"curies":[{"name":"wp","href":"https:\/\/api.w.org\/{rel}","templated":true}]}}