{"id":1258,"date":"2023-10-12T16:36:51","date_gmt":"2023-10-12T14:36:51","guid":{"rendered":"https:\/\/consriodejaneiro.esteri.it\/?page_id=1258"},"modified":"2023-11-28T15:50:00","modified_gmt":"2023-11-28T14:50:00","slug":"universita","status":"publish","type":"page","link":"https:\/\/consriodejaneiro.esteri.it\/it\/servizi-consolari-e-visti\/servizi-per-il-cittadino-italiano\/dichiarazioni-di-valore\/universita\/","title":{"rendered":"Universit\u00e0"},"content":{"rendered":"<ul>\n<li style=\"text-align: justify;\">UNotizie di interesse generale sull\u2019organizzazione e sul funzionamento delle Universit\u00e0 italiane si trovano nella sezione dedicata del sito del <a href=\"https:\/\/www.mur.gov.it\/it\">Ministero dell\u2019Universit\u00e0 e della Ricerca<\/a>.<\/li>\n<li style=\"text-align: justify;\">La lista completa degli Atenei, delle Facolt\u00e0 e dei Corsi \u00e8 consultabile sul portabile <a href=\"https:\/\/www.universitaly.it\/\">Universitaly<\/a>.<\/li>\n<li style=\"text-align: justify;\">E\u2019 presente anche un elenco di universit\u00e0 nel sito della <a href=\"http:\/\/www.crui.it\/\">CRUI \u2013 Conferenza dei Rettori delle Universit\u00e0 Italiane<\/a><\/li>\n<li style=\"text-align: justify;\">Gli studenti stranieri interessati a effettuare studi presso le Universit\u00e0 Italiane trovano notizie utili alla pagina <a href=\"http:\/\/www.studiare-in-italia.it\/studentistranieri\/\">Studiare in Italia<\/a>.<\/li>\n<li style=\"text-align: justify;\">In riferimento al sistema italiano di formazione la struttura operativa per la sua valorizzazione all\u2019estero \u00e8 <a href=\"https:\/\/www.uni-italia.net\/\">Uni-Italia<\/a>.<\/li>\n<\/ul>\n","protected":false},"excerpt":{"rendered":"UNotizie di interesse generale sull\u2019organizzazione e sul funzionamento delle Universit\u00e0 italiane si trovano nella sezione dedicata del sito del Ministero dell\u2019Universit\u00e0 e della Ricerca. La lista completa degli Atenei, delle Facolt\u00e0 e dei Corsi \u00e8 consultabile sul portabile Universitaly. E\u2019 presente anche un elenco di universit\u00e0 nel sito della CRUI \u2013 Conferenza dei Rettori delle [&hellip;]","protected":false},"author":6,"featured_media":0,"parent":697,"menu_order":0,"comment_status":"closed","ping_status":"closed","template":"","meta":{"footnotes":""},"class_list":["post-1258","page","type-page","status-publish","hentry"],"_links":{"self":[{"href":"https:\/\/consriodejaneiro.esteri.it\/it\/wp-json\/wp\/v2\/pages\/1258","targetHints":{"allow":["GET"]}}],"collection":[{"href":"https:\/\/consriodejaneiro.esteri.it\/it\/wp-json\/wp\/v2\/pages"}],"about":[{"href":"https:\/\/consriodejaneiro.esteri.it\/it\/wp-json\/wp\/v2\/types\/page"}],"author":[{"embeddable":true,"href":"https:\/\/consriodejaneiro.esteri.it\/it\/wp-json\/wp\/v2\/users\/6"}],"replies":[{"embeddable":true,"href":"https:\/\/consriodejaneiro.esteri.it\/it\/wp-json\/wp\/v2\/comments?post=1258"}],"version-history":[{"count":2,"href":"https:\/\/consriodejaneiro.esteri.it\/it\/wp-json\/wp\/v2\/pages\/1258\/revisions"}],"predecessor-version":[{"id":1771,"href":"https:\/\/consriodejaneiro.esteri.it\/it\/wp-json\/wp\/v2\/pages\/1258\/revisions\/1771"}],"up":[{"embeddable":true,"href":"https:\/\/consriodejaneiro.esteri.it\/it\/wp-json\/wp\/v2\/pages\/697"}],"wp:attachment":[{"href":"https:\/\/consriodejaneiro.esteri.it\/it\/wp-json\/wp\/v2\/media?parent=1258"}],"curies":[{"name":"wp","href":"https:\/\/api.w.org\/{rel}","templated":true}]}}