{"id":149,"date":"2022-12-02T18:26:44","date_gmt":"2022-12-02T17:26:44","guid":{"rendered":"https:\/\/consolatorio.esteri.it\/?page_id=149"},"modified":"2022-12-02T18:29:15","modified_gmt":"2022-12-02T17:29:15","slug":"lingua-e-cultura-italiana","status":"publish","type":"page","link":"https:\/\/consriodejaneiro.esteri.it\/it\/italia-e-brasile\/diplomazia-culturale\/lingua-e-cultura-italiana\/","title":{"rendered":"Lingua e Cultura italiana"},"content":{"rendered":"<p>La lingua italiana \u00e8 oggi una delle lingue pi\u00f9 studiate al mondo per le pi\u00f9 diverse motivazioni, tale realt\u00e0 si riscontra anche nella circoscrizione consolare dove numerosi sono i corsi di lingua italiana per tutte le et\u00e0 e per tutti livelli di studio, dall\u2019elementare all\u2019uni-versitario.<\/p>\n<p>Il Ministero degli Affari Esteri italiano eroga un contributo finalizzato alla realizzazione di corsi di italiano in localit\u00e0 caratterizzate dalla presenza di comunit\u00e0 di connazionali, per consentire ai figli degli italiani emigrati all\u2019estero e ai loro discendenti di mantenere un solido legame con la lingua, le tradizioni e la cultura del loro paese d\u2019origine.<\/p>\n","protected":false},"excerpt":{"rendered":"La lingua italiana \u00e8 oggi una delle lingue pi\u00f9 studiate al mondo per le pi\u00f9 diverse motivazioni, tale realt\u00e0 si riscontra anche nella circoscrizione consolare dove numerosi sono i corsi di lingua italiana per tutte le et\u00e0 e per tutti livelli di studio, dall\u2019elementare all\u2019uni-versitario. Il Ministero degli Affari Esteri italiano eroga un contributo finalizzato [&hellip;]","protected":false},"author":3,"featured_media":0,"parent":70,"menu_order":0,"comment_status":"closed","ping_status":"closed","template":"","meta":{"footnotes":""},"class_list":["post-149","page","type-page","status-publish","hentry"],"_links":{"self":[{"href":"https:\/\/consriodejaneiro.esteri.it\/it\/wp-json\/wp\/v2\/pages\/149","targetHints":{"allow":["GET"]}}],"collection":[{"href":"https:\/\/consriodejaneiro.esteri.it\/it\/wp-json\/wp\/v2\/pages"}],"about":[{"href":"https:\/\/consriodejaneiro.esteri.it\/it\/wp-json\/wp\/v2\/types\/page"}],"author":[{"embeddable":true,"href":"https:\/\/consriodejaneiro.esteri.it\/it\/wp-json\/wp\/v2\/users\/3"}],"replies":[{"embeddable":true,"href":"https:\/\/consriodejaneiro.esteri.it\/it\/wp-json\/wp\/v2\/comments?post=149"}],"version-history":[{"count":3,"href":"https:\/\/consriodejaneiro.esteri.it\/it\/wp-json\/wp\/v2\/pages\/149\/revisions"}],"predecessor-version":[{"id":159,"href":"https:\/\/consriodejaneiro.esteri.it\/it\/wp-json\/wp\/v2\/pages\/149\/revisions\/159"}],"up":[{"embeddable":true,"href":"https:\/\/consriodejaneiro.esteri.it\/it\/wp-json\/wp\/v2\/pages\/70"}],"wp:attachment":[{"href":"https:\/\/consriodejaneiro.esteri.it\/it\/wp-json\/wp\/v2\/media?parent=149"}],"curies":[{"name":"wp","href":"https:\/\/api.w.org\/{rel}","templated":true}]}}